{"id":3821,"date":"2025-10-09T00:00:00","date_gmt":"2025-10-08T22:00:00","guid":{"rendered":"https:\/\/yotavis.ch\/product\/sdg7032a\/"},"modified":"2026-04-24T13:30:30","modified_gmt":"2026-04-24T11:30:30","slug":"sdg7032a","status":"publish","type":"product","link":"https:\/\/yotavis.ch\/de\/produkt\/sdg7032a\/","title":{"rendered":"SDG7032A"},"content":{"rendered":"<p>Der SDG7032A von Siglent hat eine maximale Frequenz von 350 MHz und bietet zwei differentielle oder unsymmetrische Ausgangskan\u00e4le. Er unterst\u00fctzt eine hohe Abtastrate von 5 GSa\/s und bietet eine vertikale Aufl\u00f6sung von 14 Bit, die eine detaillierte Wellenformerzeugung gew\u00e4hrleistet. Die L\u00e4nge der Arbitr\u00e4rsignale reicht von 64 Punkten bis zu 512 Millionen Punkten und erm\u00f6glicht so eine umfassende Signalanpassung. Dieses Modell verf\u00fcgt \u00fcber einen 5-Zoll-Touchscreen f\u00fcr die Benutzerinteraktion und -steuerung. Es unterst\u00fctzt Sweep- und Burst-Modi, was seine Vielseitigkeit bei der Signalerzeugung erh\u00f6ht. Das Ger\u00e4t hat eine minimale \u00dcbergangszeit von 0,5 Nanosekunden und eine minimale Impulsbreite von 1 Nanosekunde. Mit einer Amplitudenf\u00e4higkeit von bis zu 6 Volt ist das SDG7032A f\u00fcr verschiedene Pr\u00fcf- und Messanforderungen ausgelegt.<\/p>","protected":false},"excerpt":{"rendered":"<p>350MHz; 2 differentielle\/einseitige Ausgangskan\u00e4le; 5 GSa\/s Abtastrate; 14-bit vertikale Aufl\u00f6sung; Arb-Wellenforml\u00e4nge: 64 pts ~ 512 Mpts; 5 Zoll Touchscreen<\/p>","protected":false},"featured_media":6925,"comment_status":"closed","ping_status":"closed","template":"","meta":{"_acf_changed":false,"slim_seo":{"title":"SDG7032A - YOTAVIS AG","description":"350MHz; 2 differential\/single ended output channels; 5 GSa\/s sampling rate; 14-bit vertical resolution; Arb-Waveform length: 64 pts ~ 512 Mpts; 5 inch touch scr"}},"product_brand":[506],"product_cat":[541,513],"product_tag":[],"class_list":{"0":"post-3821","1":"product","2":"type-product","3":"status-publish","4":"has-post-thumbnail","6":"product_brand-siglent","7":"product_cat-awg","8":"product_cat-generator","9":"pa_amplitude-v-262","10":"pa_burst-yes","11":"pa_channels-350","12":"pa_frequency-mhz-136","13":"pa_memory-mpts-264","14":"pa_pulse-width-min-ns-266","15":"pa_sampling-rate-ms-s-263","16":"pa_sweep-yes","17":"pa_transition-time-min-ns-0-5","18":"pa_vertical-resolution-bits-113","20":"first","21":"instock","22":"taxable","23":"shipping-taxable","24":"purchasable","25":"product-type-simple"},"acf":[],"_links":{"self":[{"href":"https:\/\/yotavis.ch\/de\/wp-json\/wp\/v2\/product\/3821","targetHints":{"allow":["GET"]}}],"collection":[{"href":"https:\/\/yotavis.ch\/de\/wp-json\/wp\/v2\/product"}],"about":[{"href":"https:\/\/yotavis.ch\/de\/wp-json\/wp\/v2\/types\/product"}],"replies":[{"embeddable":true,"href":"https:\/\/yotavis.ch\/de\/wp-json\/wp\/v2\/comments?post=3821"}],"wp:featuredmedia":[{"embeddable":true,"href":"https:\/\/yotavis.ch\/de\/wp-json\/wp\/v2\/media\/6925"}],"wp:attachment":[{"href":"https:\/\/yotavis.ch\/de\/wp-json\/wp\/v2\/media?parent=3821"}],"wp:term":[{"taxonomy":"product_brand","embeddable":true,"href":"https:\/\/yotavis.ch\/de\/wp-json\/wp\/v2\/product_brand?post=3821"},{"taxonomy":"product_cat","embeddable":true,"href":"https:\/\/yotavis.ch\/de\/wp-json\/wp\/v2\/product_cat?post=3821"},{"taxonomy":"product_tag","embeddable":true,"href":"https:\/\/yotavis.ch\/de\/wp-json\/wp\/v2\/product_tag?post=3821"}],"curies":[{"name":"wp","href":"https:\/\/api.w.org\/{rel}","templated":true}]}}