{"id":3822,"date":"2025-10-09T00:00:00","date_gmt":"2025-10-08T22:00:00","guid":{"rendered":"https:\/\/yotavis.ch\/product\/sdg7052a\/"},"modified":"2026-04-24T13:30:30","modified_gmt":"2026-04-24T11:30:30","slug":"sdg7052a","status":"publish","type":"product","link":"https:\/\/yotavis.ch\/de\/produkt\/sdg7052a\/","title":{"rendered":"SDG7052A"},"content":{"rendered":"<p>Der SDG7052A von Siglent hat eine maximale Frequenz von 500 MHz und bietet zwei differentielle oder unsymmetrische Ausgangskan\u00e4le. Er unterst\u00fctzt eine hohe Abtastrate von 5 GSa\/s und bietet eine vertikale Aufl\u00f6sung von 14 Bit f\u00fcr eine pr\u00e4zise Signalerzeugung. Die L\u00e4nge der Arbitr\u00e4rwellenform reicht von 64 Punkten bis zu 512 Millionen Punkten, was eine umfangreiche Anpassung der Wellenform erm\u00f6glicht. Dieses Modell verf\u00fcgt \u00fcber einen 5-Zoll-Touchscreen f\u00fcr eine benutzerfreundliche Bedienung. Das Ger\u00e4t unterst\u00fctzt Sweep- und Burst-Funktionen, was seine Vielseitigkeit in verschiedenen Anwendungen erh\u00f6ht. Es hat eine Abtastrate von 2500 MS\/s und eine Speichertiefe von 512 Mpts, was eine detaillierte Speicherung und Wiedergabe von Kurvenformen erm\u00f6glicht. Die minimale \u00dcbergangszeit betr\u00e4gt 0,5 ns und die minimale Pulsbreite 1 ns, was schnelle Signal\u00fcberg\u00e4nge unterst\u00fctzt. Die maximale Ausgangsamplitude betr\u00e4gt 6 V.<\/p>","protected":false},"excerpt":{"rendered":"<p>500MHz; 2 differentielle\/einseitige Ausgangskan\u00e4le; 5 GSa\/s Abtastrate; 14-bit vertikale Aufl\u00f6sung; Arb-Waveform L\u00e4nge: 64 pts ~ 512 Mpts; 5 Zoll Touch Screen<\/p>","protected":false},"featured_media":6924,"comment_status":"closed","ping_status":"closed","template":"","meta":{"_acf_changed":false,"slim_seo":{"title":"SDG7052A - YOTAVIS AG","description":"500MHz; 2 differential\/single ended output channels; 5 GSa\/s sampling rate; 14-bit vertical resolution; Arb-Waveform length: 64 pts ~ 512 Mpts; 5 inch touch scr"}},"product_brand":[506],"product_cat":[541,513],"product_tag":[],"class_list":{"0":"post-3822","1":"product","2":"type-product","3":"status-publish","4":"has-post-thumbnail","6":"product_brand-siglent","7":"product_cat-awg","8":"product_cat-generator","9":"pa_amplitude-v-262","10":"pa_burst-yes","11":"pa_channels-350","12":"pa_frequency-mhz-139","13":"pa_memory-mpts-264","14":"pa_pulse-width-min-ns-266","15":"pa_sampling-rate-ms-s-263","16":"pa_sweep-yes","17":"pa_transition-time-min-ns-0-5","18":"pa_vertical-resolution-bits-113","20":"first","21":"instock","22":"taxable","23":"shipping-taxable","24":"purchasable","25":"product-type-simple"},"acf":[],"_links":{"self":[{"href":"https:\/\/yotavis.ch\/de\/wp-json\/wp\/v2\/product\/3822","targetHints":{"allow":["GET"]}}],"collection":[{"href":"https:\/\/yotavis.ch\/de\/wp-json\/wp\/v2\/product"}],"about":[{"href":"https:\/\/yotavis.ch\/de\/wp-json\/wp\/v2\/types\/product"}],"replies":[{"embeddable":true,"href":"https:\/\/yotavis.ch\/de\/wp-json\/wp\/v2\/comments?post=3822"}],"wp:featuredmedia":[{"embeddable":true,"href":"https:\/\/yotavis.ch\/de\/wp-json\/wp\/v2\/media\/6924"}],"wp:attachment":[{"href":"https:\/\/yotavis.ch\/de\/wp-json\/wp\/v2\/media?parent=3822"}],"wp:term":[{"taxonomy":"product_brand","embeddable":true,"href":"https:\/\/yotavis.ch\/de\/wp-json\/wp\/v2\/product_brand?post=3822"},{"taxonomy":"product_cat","embeddable":true,"href":"https:\/\/yotavis.ch\/de\/wp-json\/wp\/v2\/product_cat?post=3822"},{"taxonomy":"product_tag","embeddable":true,"href":"https:\/\/yotavis.ch\/de\/wp-json\/wp\/v2\/product_tag?post=3822"}],"curies":[{"name":"wp","href":"https:\/\/api.w.org\/{rel}","templated":true}]}}