{"id":3823,"date":"2025-10-09T00:00:00","date_gmt":"2025-10-08T22:00:00","guid":{"rendered":"https:\/\/yotavis.ch\/product\/sdg7102a\/"},"modified":"2026-04-24T13:30:30","modified_gmt":"2026-04-24T11:30:30","slug":"sdg7102a","status":"publish","type":"product","link":"https:\/\/yotavis.ch\/de\/produkt\/sdg7102a\/","title":{"rendered":"SDG7102A"},"content":{"rendered":"<p>Der SDG7102A von Siglent hat eine maximale Frequenz von 1 GHz und bietet zwei Ausgangskan\u00e4le, die als differentiell oder single-ended konfiguriert werden k\u00f6nnen. Er unterst\u00fctzt eine hohe Abtastrate von 5 GSa\/s und bietet eine vertikale Aufl\u00f6sung von 14 Bit, die eine detaillierte Wellenformerzeugung gew\u00e4hrleistet. Das Ger\u00e4t bietet eine beliebige Wellenforml\u00e4nge von 64 bis zu 512 Millionen Punkten und erm\u00f6glicht so eine umfassende Signalanpassung. Es ist mit einem 5-Zoll-Touchscreen f\u00fcr die Benutzerinteraktion ausgestattet. Zu den zus\u00e4tzlichen Funktionen geh\u00f6ren Sweep- und Burst-Modi, die die Vielseitigkeit des Ger\u00e4ts bei der Signalerzeugung erh\u00f6hen. Die Abtastrate ist mit 2500 MS\/s spezifiziert, und die Speichertiefe reicht bis zu 512 Mpts. Die minimale \u00dcbergangszeit betr\u00e4gt 0,5 Nanosekunden und die minimale Pulsbreite 1 Nanosekunde. Der maximale Amplitudenausgang betr\u00e4gt 6 Volt und unterst\u00fctzt eine breite Palette von Testszenarien.<\/p>","protected":false},"excerpt":{"rendered":"<p>1GHz; 2 differentielle\/einseitige Ausgangskan\u00e4le; 5 GSa\/s Abtastrate; 14-bit vertikale Aufl\u00f6sung; Arb-Wellenforml\u00e4nge: 64 pts ~ 512 Mpts; 5 Zoll Touchscreen<\/p>","protected":false},"featured_media":6925,"comment_status":"closed","ping_status":"closed","template":"","meta":{"_acf_changed":false,"slim_seo":{"title":"SDG7102A - YOTAVIS AG","description":"1GHz; 2 differential\/single ended output channels; 5 GSa\/s sampling rate; 14-bit vertical resolution; Arb-Waveform length: 64 pts ~ 512 Mpts; 5 inch touch scree"}},"product_brand":[506],"product_cat":[541,513],"product_tag":[],"class_list":{"0":"post-3823","1":"product","2":"type-product","3":"status-publish","4":"has-post-thumbnail","6":"product_brand-siglent","7":"product_cat-awg","8":"product_cat-generator","9":"pa_amplitude-v-262","10":"pa_burst-yes","11":"pa_channels-350","12":"pa_frequency-mhz-268","13":"pa_memory-mpts-264","14":"pa_pulse-width-min-ns-266","15":"pa_sampling-rate-ms-s-263","16":"pa_sweep-yes","17":"pa_transition-time-min-ns-0-5","18":"pa_vertical-resolution-bits-113","20":"first","21":"instock","22":"taxable","23":"shipping-taxable","24":"purchasable","25":"product-type-simple"},"acf":[],"_links":{"self":[{"href":"https:\/\/yotavis.ch\/de\/wp-json\/wp\/v2\/product\/3823","targetHints":{"allow":["GET"]}}],"collection":[{"href":"https:\/\/yotavis.ch\/de\/wp-json\/wp\/v2\/product"}],"about":[{"href":"https:\/\/yotavis.ch\/de\/wp-json\/wp\/v2\/types\/product"}],"replies":[{"embeddable":true,"href":"https:\/\/yotavis.ch\/de\/wp-json\/wp\/v2\/comments?post=3823"}],"wp:featuredmedia":[{"embeddable":true,"href":"https:\/\/yotavis.ch\/de\/wp-json\/wp\/v2\/media\/6925"}],"wp:attachment":[{"href":"https:\/\/yotavis.ch\/de\/wp-json\/wp\/v2\/media?parent=3823"}],"wp:term":[{"taxonomy":"product_brand","embeddable":true,"href":"https:\/\/yotavis.ch\/de\/wp-json\/wp\/v2\/product_brand?post=3823"},{"taxonomy":"product_cat","embeddable":true,"href":"https:\/\/yotavis.ch\/de\/wp-json\/wp\/v2\/product_cat?post=3823"},{"taxonomy":"product_tag","embeddable":true,"href":"https:\/\/yotavis.ch\/de\/wp-json\/wp\/v2\/product_tag?post=3823"}],"curies":[{"name":"wp","href":"https:\/\/api.w.org\/{rel}","templated":true}]}}