{"id":3824,"date":"2025-10-09T00:00:00","date_gmt":"2025-10-08T22:00:00","guid":{"rendered":"https:\/\/yotavis.ch\/product\/dig-lvds\/"},"modified":"2026-04-24T13:30:31","modified_gmt":"2026-04-24T11:30:31","slug":"dig-lvds","status":"publish","type":"product","link":"https:\/\/yotavis.ch\/de\/produkt\/dig-lvds\/","title":{"rendered":"DIG-LVDS"},"content":{"rendered":"<p>Das DIG-LVDS ist ein digitales Bus-Kit-LVDS von Siglent, das ohne HF-Kabel konzipiert ist. Dieses Produkt ist Teil des Siglent-Sortiments an digitalen Bus-Kits mit Schwerpunkt auf der LVDS-Technologie. Es enth\u00e4lt weder Leistungs-, Spannungs- oder Stromspezifikationen noch Angaben zur Anzahl der Ausg\u00e4nge, zu Fernsteuerungsm\u00f6glichkeiten oder zur maximalen Frequenz. Dem Kit fehlen Informationen \u00fcber Kan\u00e4le, Bandbreite, Abtastrate, Speichertiefe, vertikale Aufl\u00f6sung, digitale Kan\u00e4le und Touchscreen-Funktionen. Dar\u00fcber hinaus gibt es keine Angaben zu Amplitude, Sweep, Burst, \u00dcbergangszeit, Impulsbreite, Phasenrauschen, IQ-Bandbreite, Ziffern, Spannungs- und Strommaxima f\u00fcr DC oder AC, Widerstand, True RMS, Abtastgeschwindigkeit, Grundgenauigkeit, Frequenzbereich, Dynamikbereich, Anschl\u00fcssen, Handheld-Einsatz, Analysebandbreite, DANL, RTSA, Protokoll, Schnittstelle, HF-Sensoren, Anschl\u00fcssen, Wellenl\u00e4nge, Geschwindigkeit, Maximalpegel, IOLM oder Modularit\u00e4t.<\/p>","protected":false},"excerpt":{"rendered":"<p>Digitaler Bus-Kit-LVDS (ohne RF-Kabel)<\/p>","protected":false},"featured_media":6927,"comment_status":"closed","ping_status":"closed","template":"","meta":{"_acf_changed":false,"slim_seo":{"title":"DIG-LVDS - YOTAVIS AG","description":"Digitaler Bus-Kit-LVDS (ohne RF-Kabel)"}},"product_brand":[506],"product_cat":[526,530],"product_tag":[],"class_list":{"0":"post-3824","1":"product","2":"type-product","3":"status-publish","4":"has-post-thumbnail","6":"product_brand-siglent","7":"product_cat-accessories","8":"product_cat-cable","10":"first","11":"instock","12":"taxable","13":"shipping-taxable","14":"purchasable","15":"product-type-simple"},"acf":[],"_links":{"self":[{"href":"https:\/\/yotavis.ch\/de\/wp-json\/wp\/v2\/product\/3824","targetHints":{"allow":["GET"]}}],"collection":[{"href":"https:\/\/yotavis.ch\/de\/wp-json\/wp\/v2\/product"}],"about":[{"href":"https:\/\/yotavis.ch\/de\/wp-json\/wp\/v2\/types\/product"}],"replies":[{"embeddable":true,"href":"https:\/\/yotavis.ch\/de\/wp-json\/wp\/v2\/comments?post=3824"}],"wp:featuredmedia":[{"embeddable":true,"href":"https:\/\/yotavis.ch\/de\/wp-json\/wp\/v2\/media\/6927"}],"wp:attachment":[{"href":"https:\/\/yotavis.ch\/de\/wp-json\/wp\/v2\/media?parent=3824"}],"wp:term":[{"taxonomy":"product_brand","embeddable":true,"href":"https:\/\/yotavis.ch\/de\/wp-json\/wp\/v2\/product_brand?post=3824"},{"taxonomy":"product_cat","embeddable":true,"href":"https:\/\/yotavis.ch\/de\/wp-json\/wp\/v2\/product_cat?post=3824"},{"taxonomy":"product_tag","embeddable":true,"href":"https:\/\/yotavis.ch\/de\/wp-json\/wp\/v2\/product_tag?post=3824"}],"curies":[{"name":"wp","href":"https:\/\/api.w.org\/{rel}","templated":true}]}}