{"id":3825,"date":"2025-10-09T00:00:00","date_gmt":"2025-10-08T22:00:00","guid":{"rendered":"https:\/\/yotavis.ch\/product\/dig-lvds-2\/"},"modified":"2026-04-24T13:30:31","modified_gmt":"2026-04-24T11:30:31","slug":"dig-lvds-2","status":"publish","type":"product","link":"https:\/\/yotavis.ch\/de\/produkt\/dig-lvds-2\/","title":{"rendered":"DIG-LVDS-2"},"content":{"rendered":"<p>Das DIG-LVDS-2 ist ein digitales Bus-Kit mit LVDS-Technologie und umfasst 32 HF-Kabel. Es wird von Siglent hergestellt, einer Marke, die f\u00fcr ihre elektronischen Testger\u00e4te bekannt ist. Dieses Kit wurde entwickelt, um die digitale Signal\u00fcbertragung und -pr\u00fcfung mit einem umfassenden Kabelsatz zur Unterst\u00fctzung verschiedener Konfigurationen zu erleichtern. Die 32 HF-Kabel bieten umfangreiche Anschlussm\u00f6glichkeiten und eignen sich daher f\u00fcr komplexe digitale Bus-Konfigurationen. Das Produkt macht keine Angaben zu Leistung, Spannung, Stromst\u00e4rke oder anderen elektrischen Eigenschaften und konzentriert sich stattdessen auf seine Rolle als Kabelsatz. Es ist f\u00fcr den Einsatz in Verbindung mit kompatiblen Ger\u00e4ten vorgesehen, die digitale LVDS-Busverbindungen ben\u00f6tigen. Das Design und die Komponenten sind darauf zugeschnitten, eine zuverl\u00e4ssige Signalintegrit\u00e4t \u00fcber mehrere Kan\u00e4le hinweg zu gew\u00e4hrleisten. Dieses Kit ist eine praktische L\u00f6sung f\u00fcr Anwender, die einen kompletten Satz von LVDS-Kabeln f\u00fcr digitale Busanwendungen ben\u00f6tigen.<\/p>","protected":false},"excerpt":{"rendered":"<p>Digitales Bus-Kit-LVDS (mit 32 RF-Kabeln)<\/p>","protected":false},"featured_media":6928,"comment_status":"closed","ping_status":"closed","template":"","meta":{"_acf_changed":false,"slim_seo":{"title":"DIG-LVDS-2 - YOTAVIS AG","description":"Digitales Bus-Kit-LVDS (mit 32 RF-Kabeln)"}},"product_brand":[506],"product_cat":[526,530],"product_tag":[],"class_list":{"0":"post-3825","1":"product","2":"type-product","3":"status-publish","4":"has-post-thumbnail","6":"product_brand-siglent","7":"product_cat-accessories","8":"product_cat-cable","10":"first","11":"instock","12":"taxable","13":"shipping-taxable","14":"purchasable","15":"product-type-simple"},"acf":[],"_links":{"self":[{"href":"https:\/\/yotavis.ch\/de\/wp-json\/wp\/v2\/product\/3825","targetHints":{"allow":["GET"]}}],"collection":[{"href":"https:\/\/yotavis.ch\/de\/wp-json\/wp\/v2\/product"}],"about":[{"href":"https:\/\/yotavis.ch\/de\/wp-json\/wp\/v2\/types\/product"}],"replies":[{"embeddable":true,"href":"https:\/\/yotavis.ch\/de\/wp-json\/wp\/v2\/comments?post=3825"}],"wp:featuredmedia":[{"embeddable":true,"href":"https:\/\/yotavis.ch\/de\/wp-json\/wp\/v2\/media\/6928"}],"wp:attachment":[{"href":"https:\/\/yotavis.ch\/de\/wp-json\/wp\/v2\/media?parent=3825"}],"wp:term":[{"taxonomy":"product_brand","embeddable":true,"href":"https:\/\/yotavis.ch\/de\/wp-json\/wp\/v2\/product_brand?post=3825"},{"taxonomy":"product_cat","embeddable":true,"href":"https:\/\/yotavis.ch\/de\/wp-json\/wp\/v2\/product_cat?post=3825"},{"taxonomy":"product_tag","embeddable":true,"href":"https:\/\/yotavis.ch\/de\/wp-json\/wp\/v2\/product_tag?post=3825"}],"curies":[{"name":"wp","href":"https:\/\/api.w.org\/{rel}","templated":true}]}}