{"id":3826,"date":"2025-10-09T00:00:00","date_gmt":"2025-10-08T22:00:00","guid":{"rendered":"https:\/\/yotavis.ch\/product\/dig-lvttl\/"},"modified":"2026-04-24T13:30:32","modified_gmt":"2026-04-24T11:30:32","slug":"dig-lvttl","status":"publish","type":"product","link":"https:\/\/yotavis.ch\/de\/produkt\/dig-lvttl\/","title":{"rendered":"DIG-LVTTL"},"content":{"rendered":"<p>Der DIG-LVTTL ist ein digitales Bus-Kit, das von Siglent hergestellt wird. Es ist f\u00fcr LVTTL-Logikpegel ausgelegt und bietet eine zuverl\u00e4ssige L\u00f6sung f\u00fcr die Pr\u00fcfung und Analyse digitaler Signale. Dieses Produkt enth\u00e4lt keine Angaben zum Stromverbrauch, zur Spannung oder zum Stromwert. Au\u00dferdem fehlen detaillierte Angaben zu Ausgangszahlen, Fernsteuerungsm\u00f6glichkeiten, maximaler Frequenz, Kan\u00e4len, Bandbreite, Abtastrate, Speichertiefe, vertikaler Aufl\u00f6sung, digitalen Kan\u00e4len, Touchscreen-Funktionen, Amplitude, Sweep, Burst, \u00dcbergangszeit, Impulsbreite, Phasenrauschen, IQ-Bandbreite, Ziffern, maximale Gleich- und Wechselspannungen und -str\u00f6me, Widerstand, True RMS, Abtastgeschwindigkeit, Grundgenauigkeit, Frequenzbereich, Dynamikbereich, Anschl\u00fcsse, Handheld-Design, Analysebandbreite, DANL, RTSA, Protokoll, Schnittstelle, HF-Sensoren, Anschl\u00fcsse, Wellenl\u00e4ngenbereich, Geschwindigkeit, Maximalpegel, IOLM oder Modularit\u00e4t. Der Schwerpunkt liegt auf seiner Funktion als digitales Bus-Kit, das mit LVTTL-Standards kompatibel ist und sich f\u00fcr die Integration in verschiedene Testumgebungen eignet, in denen die Integrit\u00e4t digitaler Signale und das Timing entscheidend sind.<\/p>","protected":false},"excerpt":{"rendered":"<p>Digitaler Bus-Bausatz-LVTTL<\/p>","protected":false},"featured_media":6929,"comment_status":"closed","ping_status":"closed","template":"","meta":{"_acf_changed":false,"slim_seo":{"title":"DIG-LVTTL - YOTAVIS AG","description":"Digitaler Bus-Bausatz-LVTTL"}},"product_brand":[506],"product_cat":[526,530],"product_tag":[],"class_list":{"0":"post-3826","1":"product","2":"type-product","3":"status-publish","4":"has-post-thumbnail","6":"product_brand-siglent","7":"product_cat-accessories","8":"product_cat-cable","10":"first","11":"instock","12":"taxable","13":"shipping-taxable","14":"purchasable","15":"product-type-simple"},"acf":[],"_links":{"self":[{"href":"https:\/\/yotavis.ch\/de\/wp-json\/wp\/v2\/product\/3826","targetHints":{"allow":["GET"]}}],"collection":[{"href":"https:\/\/yotavis.ch\/de\/wp-json\/wp\/v2\/product"}],"about":[{"href":"https:\/\/yotavis.ch\/de\/wp-json\/wp\/v2\/types\/product"}],"replies":[{"embeddable":true,"href":"https:\/\/yotavis.ch\/de\/wp-json\/wp\/v2\/comments?post=3826"}],"wp:featuredmedia":[{"embeddable":true,"href":"https:\/\/yotavis.ch\/de\/wp-json\/wp\/v2\/media\/6929"}],"wp:attachment":[{"href":"https:\/\/yotavis.ch\/de\/wp-json\/wp\/v2\/media?parent=3826"}],"wp:term":[{"taxonomy":"product_brand","embeddable":true,"href":"https:\/\/yotavis.ch\/de\/wp-json\/wp\/v2\/product_brand?post=3826"},{"taxonomy":"product_cat","embeddable":true,"href":"https:\/\/yotavis.ch\/de\/wp-json\/wp\/v2\/product_cat?post=3826"},{"taxonomy":"product_tag","embeddable":true,"href":"https:\/\/yotavis.ch\/de\/wp-json\/wp\/v2\/product_tag?post=3826"}],"curies":[{"name":"wp","href":"https:\/\/api.w.org\/{rel}","templated":true}]}}