{"id":3827,"date":"2025-10-09T00:00:00","date_gmt":"2025-10-08T22:00:00","guid":{"rendered":"https:\/\/yotavis.ch\/product\/ssa5083a\/"},"modified":"2026-04-24T13:30:33","modified_gmt":"2026-04-24T11:30:33","slug":"ssa5083a","status":"publish","type":"product","link":"https:\/\/yotavis.ch\/de\/produkt\/ssa5083a\/","title":{"rendered":"SSA5083A"},"content":{"rendered":"<p>Der SSA5083A von Siglent arbeitet in einem Frequenzbereich von 9 kHz bis 13,6 GHz und bietet damit ein breites Spektrum f\u00fcr verschiedene Anwendungen. Er verf\u00fcgt \u00fcber eine Aufl\u00f6sungsbandbreite (RBW), die von 1 Hz bis 10 MHz einstellbar ist und eine pr\u00e4zise Signalanalyse erm\u00f6glicht. Das Ger\u00e4t bietet einen angezeigten mittleren Rauschpegel (DANL) von -165 dBm\/Hz, was die Erkennung von Signalen mit sehr niedrigem Pegel unterst\u00fctzt. Sein Einseitenband-Phasenrauschen (SSB) liegt bei weniger als -105 dBc\/Hz und tr\u00e4gt damit zu genauen Frequenzmessungen bei. Optional ist ein Echtzeit-Spektrumanalysator (RTSA) mit einer Bandbreite von bis zu 40 MHz erh\u00e4ltlich, der die F\u00e4higkeit zur Echtzeit-Signalanalyse erweitert. Die Analysebandbreite ist mit 10 MHz spezifiziert, was mit den RBW-Einstellungen f\u00fcr eine detaillierte Untersuchung der Signaleigenschaften \u00fcbereinstimmt. Dieses Modell ist nicht handgef\u00fchrt, sondern f\u00fcr den station\u00e4ren Einsatz konzipiert. Die maximale Frequenzkapazit\u00e4t liegt bei 13.600 MHz, die minimale Frequenz bei 9.000 Hz und deckt damit einen breiten Bereich ab, der f\u00fcr verschiedene Pr\u00fcfszenarien geeignet ist.<\/p>","protected":false},"excerpt":{"rendered":"<p>9 kHz ~ 13,6 GHz; RBW 1 Hz ~ 10 MHz; DANL -165 dBm\/Hz; SSB &lt;-105 dBc\/Hz; RTSA BW bis zu 40 MHz (Option)\n<\/p>","protected":false},"featured_media":6936,"comment_status":"closed","ping_status":"closed","template":"","meta":{"_acf_changed":false,"slim_seo":{"title":"SSA5083A - YOTAVIS AG","description":"9 kHz ~ 13,6 GHz; RBW 1 Hz ~ 10 MHz; DANL -165 dBm\/Hz; SSB &lt;-105 dBc\/Hz; RTSA BW bis zu 40 MHz (Option)"}},"product_brand":[506],"product_cat":[523,524],"product_tag":[],"class_list":{"0":"post-3827","1":"product","2":"type-product","3":"status-publish","4":"has-post-thumbnail","6":"product_brand-siglent","7":"product_cat-analyser","8":"product_cat-signal-spectrum-analyser","9":"pa_analysis-bandwidth-mhz-269","10":"pa_danl-dbm-hz-184","11":"pa_frequency-max-mhz-470","12":"pa_frequency-min-hz-177","13":"pa_handheld-no","14":"pa_rtsa-opt","16":"first","17":"instock","18":"taxable","19":"shipping-taxable","20":"purchasable","21":"product-type-simple"},"acf":[],"_links":{"self":[{"href":"https:\/\/yotavis.ch\/de\/wp-json\/wp\/v2\/product\/3827","targetHints":{"allow":["GET"]}}],"collection":[{"href":"https:\/\/yotavis.ch\/de\/wp-json\/wp\/v2\/product"}],"about":[{"href":"https:\/\/yotavis.ch\/de\/wp-json\/wp\/v2\/types\/product"}],"replies":[{"embeddable":true,"href":"https:\/\/yotavis.ch\/de\/wp-json\/wp\/v2\/comments?post=3827"}],"wp:featuredmedia":[{"embeddable":true,"href":"https:\/\/yotavis.ch\/de\/wp-json\/wp\/v2\/media\/6936"}],"wp:attachment":[{"href":"https:\/\/yotavis.ch\/de\/wp-json\/wp\/v2\/media?parent=3827"}],"wp:term":[{"taxonomy":"product_brand","embeddable":true,"href":"https:\/\/yotavis.ch\/de\/wp-json\/wp\/v2\/product_brand?post=3827"},{"taxonomy":"product_cat","embeddable":true,"href":"https:\/\/yotavis.ch\/de\/wp-json\/wp\/v2\/product_cat?post=3827"},{"taxonomy":"product_tag","embeddable":true,"href":"https:\/\/yotavis.ch\/de\/wp-json\/wp\/v2\/product_tag?post=3827"}],"curies":[{"name":"wp","href":"https:\/\/api.w.org\/{rel}","templated":true}]}}