{"id":3828,"date":"2025-10-09T00:00:00","date_gmt":"2025-10-08T22:00:00","guid":{"rendered":"https:\/\/yotavis.ch\/product\/ssa5085a\/"},"modified":"2026-04-24T13:30:33","modified_gmt":"2026-04-24T11:30:33","slug":"ssa5085a","status":"publish","type":"product","link":"https:\/\/yotavis.ch\/de\/produkt\/ssa5085a\/","title":{"rendered":"SSA5085A"},"content":{"rendered":"<p>Der SSA5085A von Siglent arbeitet in einem Frequenzbereich von 9 kHz bis 26,5 GHz und bietet damit eine umfassende Abdeckung f\u00fcr verschiedene Signalanalyseanforderungen. Er verf\u00fcgt \u00fcber eine Aufl\u00f6sungsbandbreite (RBW), die von 1 Hz bis 10 MHz einstellbar ist und eine pr\u00e4zise Frequenzaufl\u00f6sung erm\u00f6glicht. Das Ger\u00e4t bietet einen angezeigten mittleren Rauschpegel (DANL) von -165 dBm\/Hz und gew\u00e4hrleistet damit die Erkennung von Signalen mit sehr niedrigem Pegel. Sein Einseitenband-Phasenrauschen (SSB) liegt bei weniger als -105 dBc\/Hz, was zu einer genauen Signalcharakterisierung beitr\u00e4gt. Optional ist ein Echtzeit-Spektrumanalysator (RTSA) mit einer Bandbreite von bis zu 40 MHz erh\u00e4ltlich, der die F\u00e4higkeit zur dynamischen Signalanalyse erweitert. Die Analysebandbreite ist mit 10 MHz spezifiziert und unterst\u00fctzt die detaillierte Untersuchung von Signalkomponenten. Das SSA5085A ist kein Handger\u00e4t, sondern f\u00fcr den Einsatz auf dem Tisch oder in der Festinstallation konzipiert. Die maximale Frequenz wird mit 26.500 MHz angegeben, die minimale Frequenz liegt bei 9.000 Hz, was mit dem angegebenen Frequenzbereich \u00fcbereinstimmt.<\/p>","protected":false},"excerpt":{"rendered":"<p>9 kHz ~ 26,5 GHz; RBW 1 Hz ~ 10 MHz; DANL -165 dBm\/Hz; SSB &lt;-105 dBc\/Hz; RTSA BW bis zu 40 MHz (Option)\n<\/p>","protected":false},"featured_media":6936,"comment_status":"closed","ping_status":"closed","template":"","meta":{"_acf_changed":false,"slim_seo":{"title":"SSA5085A - YOTAVIS AG","description":"9 kHz ~ 26,5 GHz; RBW 1 Hz ~ 10 MHz; DANL -165 dBm\/Hz; SSB &lt;-105 dBc\/Hz; RTSA BW bis zu 40 MHz (Option)"}},"product_brand":[506],"product_cat":[523,524],"product_tag":[],"class_list":{"0":"post-3828","1":"product","2":"type-product","3":"status-publish","4":"has-post-thumbnail","6":"product_brand-siglent","7":"product_cat-analyser","8":"product_cat-signal-spectrum-analyser","9":"pa_analysis-bandwidth-mhz-269","10":"pa_danl-dbm-hz-184","11":"pa_frequency-max-mhz-465","12":"pa_frequency-min-hz-177","13":"pa_handheld-no","14":"pa_rtsa-opt","16":"first","17":"instock","18":"taxable","19":"shipping-taxable","20":"purchasable","21":"product-type-simple"},"acf":[],"_links":{"self":[{"href":"https:\/\/yotavis.ch\/de\/wp-json\/wp\/v2\/product\/3828","targetHints":{"allow":["GET"]}}],"collection":[{"href":"https:\/\/yotavis.ch\/de\/wp-json\/wp\/v2\/product"}],"about":[{"href":"https:\/\/yotavis.ch\/de\/wp-json\/wp\/v2\/types\/product"}],"replies":[{"embeddable":true,"href":"https:\/\/yotavis.ch\/de\/wp-json\/wp\/v2\/comments?post=3828"}],"wp:featuredmedia":[{"embeddable":true,"href":"https:\/\/yotavis.ch\/de\/wp-json\/wp\/v2\/media\/6936"}],"wp:attachment":[{"href":"https:\/\/yotavis.ch\/de\/wp-json\/wp\/v2\/media?parent=3828"}],"wp:term":[{"taxonomy":"product_brand","embeddable":true,"href":"https:\/\/yotavis.ch\/de\/wp-json\/wp\/v2\/product_brand?post=3828"},{"taxonomy":"product_cat","embeddable":true,"href":"https:\/\/yotavis.ch\/de\/wp-json\/wp\/v2\/product_cat?post=3828"},{"taxonomy":"product_tag","embeddable":true,"href":"https:\/\/yotavis.ch\/de\/wp-json\/wp\/v2\/product_tag?post=3828"}],"curies":[{"name":"wp","href":"https:\/\/api.w.org\/{rel}","templated":true}]}}