{"id":3829,"date":"2025-10-09T00:00:00","date_gmt":"2025-10-08T22:00:00","guid":{"rendered":"https:\/\/yotavis.ch\/product\/ssg5083a\/"},"modified":"2026-04-24T13:30:38","modified_gmt":"2026-04-24T11:30:38","slug":"ssg5083a","status":"publish","type":"product","link":"https:\/\/yotavis.ch\/de\/produkt\/ssg5083a\/","title":{"rendered":"SSG5083A"},"content":{"rendered":"<p>Der Siglent SSG5083A arbeitet in einem Frequenzbereich von 9 kHz bis 13,6 GHz und bietet einen Pegeleinstellbereich von -20 dBm bis +25 dBm. Die Spezifikation des Phasenrauschens von -120 dBc\/Hz bei 1 GHz mit einem Offset von 20 kHz gew\u00e4hrleistet eine stabile Signalqualit\u00e4t. Das Ger\u00e4t ist mit einem 5-Zoll-TFT-Touchscreen ausgestattet, der eine intuitive Steuerung und einfache Navigation erm\u00f6glicht. Das Ger\u00e4t verf\u00fcgt \u00fcber eine standardm\u00e4\u00dfige, hochpr\u00e4zise Taktquelle, die eine pr\u00e4zise Zeit- und Frequenzstabilit\u00e4t gew\u00e4hrleistet. Die maximale Frequenzkapazit\u00e4t des SSG5083A liegt bei 13.600 MHz, und er unterst\u00fctzt einen Amplitudenausgang von bis zu 25 dBm. Durch diese Kombination von Merkmalen eignet sich der SSG5083A f\u00fcr Anwendungen, die einen gro\u00dfen Frequenzbereich und eine pr\u00e4zise Amplitudensteuerung erfordern.<\/p>","protected":false},"excerpt":{"rendered":"<p>9 k ~ 13,6 GHz; Pegeleinstellbereich: -20 dBm ~ +25 dBm; Phasenrauschen -120 dBc\/Hz @1 GHz, 20 kHz Offset; 5-Zoll-TFT-Touchscreen, hochgenaue Standard-Taktquelle<\/p>","protected":false},"featured_media":6944,"comment_status":"closed","ping_status":"closed","template":"","meta":{"_acf_changed":false,"slim_seo":{"title":"SSG5083A - YOTAVIS AG","description":"9 k ~ 13.6 GHz; level setting range: -20 dBm ~ +25 dBm; Phase noise -120 dBc\/Hz @1 GHz, 20 kHz offset; 5 inch TFT touch-screen, standard high accuracy clock sou"}},"product_brand":[506],"product_cat":[513,521],"product_tag":[],"class_list":{"0":"post-3829","1":"product","2":"type-product","3":"status-publish","4":"has-post-thumbnail","6":"product_brand-siglent","7":"product_cat-generator","8":"product_cat-rf-generator","9":"pa_amplitude-dbm-271","10":"pa_channels-384","11":"pa_frequency-mhz-270","13":"first","14":"instock","15":"taxable","16":"shipping-taxable","17":"purchasable","18":"product-type-simple"},"acf":[],"_links":{"self":[{"href":"https:\/\/yotavis.ch\/de\/wp-json\/wp\/v2\/product\/3829","targetHints":{"allow":["GET"]}}],"collection":[{"href":"https:\/\/yotavis.ch\/de\/wp-json\/wp\/v2\/product"}],"about":[{"href":"https:\/\/yotavis.ch\/de\/wp-json\/wp\/v2\/types\/product"}],"replies":[{"embeddable":true,"href":"https:\/\/yotavis.ch\/de\/wp-json\/wp\/v2\/comments?post=3829"}],"wp:featuredmedia":[{"embeddable":true,"href":"https:\/\/yotavis.ch\/de\/wp-json\/wp\/v2\/media\/6944"}],"wp:attachment":[{"href":"https:\/\/yotavis.ch\/de\/wp-json\/wp\/v2\/media?parent=3829"}],"wp:term":[{"taxonomy":"product_brand","embeddable":true,"href":"https:\/\/yotavis.ch\/de\/wp-json\/wp\/v2\/product_brand?post=3829"},{"taxonomy":"product_cat","embeddable":true,"href":"https:\/\/yotavis.ch\/de\/wp-json\/wp\/v2\/product_cat?post=3829"},{"taxonomy":"product_tag","embeddable":true,"href":"https:\/\/yotavis.ch\/de\/wp-json\/wp\/v2\/product_tag?post=3829"}],"curies":[{"name":"wp","href":"https:\/\/api.w.org\/{rel}","templated":true}]}}