{"id":3830,"date":"2025-10-09T00:00:00","date_gmt":"2025-10-08T22:00:00","guid":{"rendered":"https:\/\/yotavis.ch\/product\/ssg5085a\/"},"modified":"2026-04-24T13:30:38","modified_gmt":"2026-04-24T11:30:38","slug":"ssg5085a","status":"publish","type":"product","link":"https:\/\/yotavis.ch\/de\/produkt\/ssg5085a\/","title":{"rendered":"SSG5085A"},"content":{"rendered":"<p>Der SSG5085A von Siglent arbeitet in einem Frequenzbereich von 9 kHz bis 20 GHz und bietet einen vielseitigen Pegeleinstellbereich von -20 dBm bis +25 dBm. Die Spezifikation des Phasenrauschens von -120 dBc\/Hz bei 1 GHz mit einem Offset von 20 kHz gew\u00e4hrleistet eine stabile Signalqualit\u00e4t. Das Ger\u00e4t ist mit einem 5-Zoll-TFT-Touchscreen ausgestattet, der die Interaktion und Steuerung durch den Benutzer erleichtert. Es enth\u00e4lt eine standardm\u00e4\u00dfige, hochgenaue Taktquelle, die pr\u00e4zises Timing und Frequenzstabilit\u00e4t unterst\u00fctzt. Die maximale Frequenzkapazit\u00e4t des SSG5085A betr\u00e4gt 20.000 MHz, und er kann Amplitudenpegel bis zu 25 dBm ausgeben. Durch diese Kombination von Merkmalen eignet sich der SSG5085A f\u00fcr Anwendungen, die eine breite Frequenzabdeckung und eine genaue Signalerzeugung erfordern.<\/p>","protected":false},"excerpt":{"rendered":"<p>9 k ~ 20 GHz; Pegeleinstellbereich: -20 dBm ~ +25 dBm; Phasenrauschen -120 dBc\/Hz @1 GHz, 20 kHz Offset; 5-Zoll-TFT-Touchscreen, standardm\u00e4\u00dfig hochgenaue Taktquelle<\/p>","protected":false},"featured_media":6944,"comment_status":"closed","ping_status":"closed","template":"","meta":{"_acf_changed":false,"slim_seo":{"title":"SSG5085A - YOTAVIS AG","description":"9 k ~ 20 GHz; level setting range: -20 dBm ~ +25 dBm; Phase noise -120 dBc\/Hz @1 GHz, 20 kHz offset; 5 inch TFT touch-screen, standard high accuracy clock sourc"}},"product_brand":[506],"product_cat":[513,521],"product_tag":[],"class_list":{"0":"post-3830","1":"product","2":"type-product","3":"status-publish","4":"has-post-thumbnail","6":"product_brand-siglent","7":"product_cat-generator","8":"product_cat-rf-generator","9":"pa_amplitude-dbm-271","10":"pa_channels-384","11":"pa_frequency-mhz-272","13":"first","14":"instock","15":"taxable","16":"shipping-taxable","17":"purchasable","18":"product-type-simple"},"acf":[],"_links":{"self":[{"href":"https:\/\/yotavis.ch\/de\/wp-json\/wp\/v2\/product\/3830","targetHints":{"allow":["GET"]}}],"collection":[{"href":"https:\/\/yotavis.ch\/de\/wp-json\/wp\/v2\/product"}],"about":[{"href":"https:\/\/yotavis.ch\/de\/wp-json\/wp\/v2\/types\/product"}],"replies":[{"embeddable":true,"href":"https:\/\/yotavis.ch\/de\/wp-json\/wp\/v2\/comments?post=3830"}],"wp:featuredmedia":[{"embeddable":true,"href":"https:\/\/yotavis.ch\/de\/wp-json\/wp\/v2\/media\/6944"}],"wp:attachment":[{"href":"https:\/\/yotavis.ch\/de\/wp-json\/wp\/v2\/media?parent=3830"}],"wp:term":[{"taxonomy":"product_brand","embeddable":true,"href":"https:\/\/yotavis.ch\/de\/wp-json\/wp\/v2\/product_brand?post=3830"},{"taxonomy":"product_cat","embeddable":true,"href":"https:\/\/yotavis.ch\/de\/wp-json\/wp\/v2\/product_cat?post=3830"},{"taxonomy":"product_tag","embeddable":true,"href":"https:\/\/yotavis.ch\/de\/wp-json\/wp\/v2\/product_tag?post=3830"}],"curies":[{"name":"wp","href":"https:\/\/api.w.org\/{rel}","templated":true}]}}