{"id":3831,"date":"2025-10-09T00:00:00","date_gmt":"2025-10-08T22:00:00","guid":{"rendered":"https:\/\/yotavis.ch\/product\/ssg6083a\/"},"modified":"2026-04-24T13:30:40","modified_gmt":"2026-04-24T11:30:40","slug":"ssg6083a","status":"publish","type":"product","link":"https:\/\/yotavis.ch\/de\/produkt\/ssg6083a\/","title":{"rendered":"SSG6083A"},"content":{"rendered":"<p>Der SSG6083A arbeitet in einem Frequenzbereich von 100 kHz bis 13,6 GHz und bietet einen Pegeleinstellbereich von -130 dBm bis +24 dBm. Die Spezifikation des Phasenrauschens von -135 dBc\/Hz bei 1 GHz mit einem Offset von 20 kHz gew\u00e4hrleistet eine pr\u00e4zise Signalerzeugung. Das Ger\u00e4t ist mit einem 5-Zoll-TFT-Touchscreen f\u00fcr die Benutzerinteraktion ausgestattet und verf\u00fcgt \u00fcber eine hochpr\u00e4zise Standard-Taktquelle, um die Timing-Stabilit\u00e4t zu gew\u00e4hrleisten. Die maximale Frequenzkapazit\u00e4t betr\u00e4gt 13.600 MHz, und die maximale Amplitudenleistung erreicht 24 dBm. Dieses Modell wird von Siglent hergestellt, das f\u00fcr seine elektronischen Testger\u00e4te bekannt ist. Durch die Kombination dieser Spezifikationen eignet sich der SSG6083A f\u00fcr Anwendungen, die eine breite Frequenzabdeckung und geringes Phasenrauschen erfordern.<\/p>","protected":false},"excerpt":{"rendered":"<p>100 k ~ 13,6 GHz; Pegeleinstellbereich: -130 dBm ~ +24 dBm; Phasenrauschen -135 dBc\/Hz @1 GHz, 20 kHz Offset; 5-Zoll-TFT-Touchscreen, hochgenaue Standard-Taktquelle<\/p>","protected":false},"featured_media":6949,"comment_status":"closed","ping_status":"closed","template":"","meta":{"_acf_changed":false,"slim_seo":{"title":"SSG6083A - YOTAVIS AG","description":"100 k ~ 13.6 GHz; level setting range: -130 dBm ~ +24 dBm; Phase noise -135 dBc\/Hz @1 GHz, 20 kHz offset; 5 inch TFT touch-screen, standard high accuracy clock"}},"product_brand":[506],"product_cat":[513,521],"product_tag":[],"class_list":{"0":"post-3831","1":"product","2":"type-product","3":"status-publish","4":"has-post-thumbnail","6":"product_brand-siglent","7":"product_cat-generator","8":"product_cat-rf-generator","9":"pa_amplitude-dbm-273","10":"pa_channels-384","11":"pa_frequency-mhz-270","13":"first","14":"instock","15":"taxable","16":"shipping-taxable","17":"purchasable","18":"product-type-simple"},"acf":[],"_links":{"self":[{"href":"https:\/\/yotavis.ch\/de\/wp-json\/wp\/v2\/product\/3831","targetHints":{"allow":["GET"]}}],"collection":[{"href":"https:\/\/yotavis.ch\/de\/wp-json\/wp\/v2\/product"}],"about":[{"href":"https:\/\/yotavis.ch\/de\/wp-json\/wp\/v2\/types\/product"}],"replies":[{"embeddable":true,"href":"https:\/\/yotavis.ch\/de\/wp-json\/wp\/v2\/comments?post=3831"}],"wp:featuredmedia":[{"embeddable":true,"href":"https:\/\/yotavis.ch\/de\/wp-json\/wp\/v2\/media\/6949"}],"wp:attachment":[{"href":"https:\/\/yotavis.ch\/de\/wp-json\/wp\/v2\/media?parent=3831"}],"wp:term":[{"taxonomy":"product_brand","embeddable":true,"href":"https:\/\/yotavis.ch\/de\/wp-json\/wp\/v2\/product_brand?post=3831"},{"taxonomy":"product_cat","embeddable":true,"href":"https:\/\/yotavis.ch\/de\/wp-json\/wp\/v2\/product_cat?post=3831"},{"taxonomy":"product_tag","embeddable":true,"href":"https:\/\/yotavis.ch\/de\/wp-json\/wp\/v2\/product_tag?post=3831"}],"curies":[{"name":"wp","href":"https:\/\/api.w.org\/{rel}","templated":true}]}}