{"id":3832,"date":"2025-10-09T00:00:00","date_gmt":"2025-10-08T22:00:00","guid":{"rendered":"https:\/\/yotavis.ch\/product\/ssg6085a\/"},"modified":"2026-04-24T13:30:40","modified_gmt":"2026-04-24T11:30:40","slug":"ssg6085a","status":"publish","type":"product","link":"https:\/\/yotavis.ch\/de\/produkt\/ssg6085a\/","title":{"rendered":"SSG6085A"},"content":{"rendered":"<p>Der SSG6085A von Siglent arbeitet in einem Frequenzbereich von 100 kHz bis 20 GHz und bietet einen Pegeleinstellbereich von -130 dBm bis +24 dBm. Die Spezifikation des Phasenrauschens liegt bei -135 dBc\/Hz bei 1 GHz mit einem Offset von 20 kHz. Das Ger\u00e4t verf\u00fcgt \u00fcber einen 5-Zoll-TFT-Touchscreen f\u00fcr die Benutzerinteraktion und ist standardm\u00e4\u00dfig mit einer hochgenauen Taktquelle ausgestattet. Seine maximale Frequenzkapazit\u00e4t betr\u00e4gt 20.000 MHz, und er unterst\u00fctzt einen Amplitudenpegel von bis zu 24 dBm. Durch die Kombination dieser Spezifikationen eignet sich der SSG6085A f\u00fcr Anwendungen, die eine pr\u00e4zise Signalerzeugung und -messung innerhalb seiner Frequenz- und Amplitudenbereiche erfordern.<\/p>","protected":false},"excerpt":{"rendered":"<p>100 k ~ 20 GHz; Pegeleinstellbereich: -130 dBm ~ +24 dBm; Phasenrauschen -135 dBc\/Hz @1 GHz, 20 kHz Offset; 5-Zoll-TFT-Touchscreen, hochgenaue Standard-Taktquelle<\/p>","protected":false},"featured_media":6951,"comment_status":"closed","ping_status":"closed","template":"","meta":{"_acf_changed":false,"slim_seo":{"title":"SSG6085A - YOTAVIS AG","description":"100 k ~ 20 GHz; level setting range: -130 dBm ~ +24 dBm; Phase noise -135 dBc\/Hz @1 GHz, 20 kHz offset; 5 inch TFT touch-screen, standard high accuracy clock so"}},"product_brand":[506],"product_cat":[513,521],"product_tag":[],"class_list":{"0":"post-3832","1":"product","2":"type-product","3":"status-publish","4":"has-post-thumbnail","6":"product_brand-siglent","7":"product_cat-generator","8":"product_cat-rf-generator","9":"pa_amplitude-dbm-273","10":"pa_channels-384","11":"pa_frequency-mhz-272","13":"first","14":"instock","15":"taxable","16":"shipping-taxable","17":"purchasable","18":"product-type-simple"},"acf":[],"_links":{"self":[{"href":"https:\/\/yotavis.ch\/de\/wp-json\/wp\/v2\/product\/3832","targetHints":{"allow":["GET"]}}],"collection":[{"href":"https:\/\/yotavis.ch\/de\/wp-json\/wp\/v2\/product"}],"about":[{"href":"https:\/\/yotavis.ch\/de\/wp-json\/wp\/v2\/types\/product"}],"replies":[{"embeddable":true,"href":"https:\/\/yotavis.ch\/de\/wp-json\/wp\/v2\/comments?post=3832"}],"wp:featuredmedia":[{"embeddable":true,"href":"https:\/\/yotavis.ch\/de\/wp-json\/wp\/v2\/media\/6951"}],"wp:attachment":[{"href":"https:\/\/yotavis.ch\/de\/wp-json\/wp\/v2\/media?parent=3832"}],"wp:term":[{"taxonomy":"product_brand","embeddable":true,"href":"https:\/\/yotavis.ch\/de\/wp-json\/wp\/v2\/product_brand?post=3832"},{"taxonomy":"product_cat","embeddable":true,"href":"https:\/\/yotavis.ch\/de\/wp-json\/wp\/v2\/product_cat?post=3832"},{"taxonomy":"product_tag","embeddable":true,"href":"https:\/\/yotavis.ch\/de\/wp-json\/wp\/v2\/product_tag?post=3832"}],"curies":[{"name":"wp","href":"https:\/\/api.w.org\/{rel}","templated":true}]}}