{"id":3833,"date":"2025-10-09T00:00:00","date_gmt":"2025-10-08T22:00:00","guid":{"rendered":"https:\/\/yotavis.ch\/product\/ssg6087a\/"},"modified":"2026-04-24T13:30:40","modified_gmt":"2026-04-24T11:30:40","slug":"ssg6087a","status":"publish","type":"product","link":"https:\/\/yotavis.ch\/de\/produkt\/ssg6087a\/","title":{"rendered":"SSG6087A"},"content":{"rendered":"<p>Der Siglent SSG6087A arbeitet in einem Frequenzbereich von 100 kHz bis 40 GHz und bietet einen Pegeleinstellbereich von -130 dBm bis +24 dBm. Die Spezifikation des Phasenrauschens von -135 dBc\/Hz bei 1 GHz mit einem Offset von 20 kHz gew\u00e4hrleistet eine pr\u00e4zise Signalerzeugung. Das Ger\u00e4t ist mit einem 5-Zoll-TFT-Touchscreen ausgestattet, der die Benutzerinteraktion und -steuerung erleichtert. Dar\u00fcber hinaus verf\u00fcgt es \u00fcber eine standardm\u00e4\u00dfige hochpr\u00e4zise Taktquelle, die eine stabile und zuverl\u00e4ssige Leistung gew\u00e4hrleistet. Die maximale Frequenzkapazit\u00e4t des SSG6087A betr\u00e4gt 40.000 MHz, und er unterst\u00fctzt einen Amplitudenpegel von bis zu 24 dBm. Durch diese Kombination von Merkmalen eignet sich der SSG6087A f\u00fcr Anwendungen, die eine breite Frequenzabdeckung und feine Amplitudeneinstellungen erfordern.<\/p>","protected":false},"excerpt":{"rendered":"<p>100 k ~ 40 GHz; Pegeleinstellbereich: -130 dBm ~ +24 dBm; Phasenrauschen -135 dBc\/Hz @1 GHz, 20 kHz Offset; 5-Zoll-TFT-Touchscreen, hochgenaue Standard-Taktquelle<\/p>","protected":false},"featured_media":6953,"comment_status":"closed","ping_status":"closed","template":"","meta":{"_acf_changed":false,"slim_seo":{"title":"SSG6087A - YOTAVIS AG","description":"100 k ~ 40 GHz; level setting range: -130 dBm ~ +24 dBm; Phase noise -135 dBc\/Hz @1 GHz, 20 kHz offset; 5 inch TFT touch-screen, standard high accuracy clock so"}},"product_brand":[506],"product_cat":[513,521],"product_tag":[],"class_list":{"0":"post-3833","1":"product","2":"type-product","3":"status-publish","4":"has-post-thumbnail","6":"product_brand-siglent","7":"product_cat-generator","8":"product_cat-rf-generator","9":"pa_amplitude-dbm-273","10":"pa_channels-384","11":"pa_frequency-mhz-274","13":"first","14":"instock","15":"taxable","16":"shipping-taxable","17":"purchasable","18":"product-type-simple"},"acf":[],"_links":{"self":[{"href":"https:\/\/yotavis.ch\/de\/wp-json\/wp\/v2\/product\/3833","targetHints":{"allow":["GET"]}}],"collection":[{"href":"https:\/\/yotavis.ch\/de\/wp-json\/wp\/v2\/product"}],"about":[{"href":"https:\/\/yotavis.ch\/de\/wp-json\/wp\/v2\/types\/product"}],"replies":[{"embeddable":true,"href":"https:\/\/yotavis.ch\/de\/wp-json\/wp\/v2\/comments?post=3833"}],"wp:featuredmedia":[{"embeddable":true,"href":"https:\/\/yotavis.ch\/de\/wp-json\/wp\/v2\/media\/6953"}],"wp:attachment":[{"href":"https:\/\/yotavis.ch\/de\/wp-json\/wp\/v2\/media?parent=3833"}],"wp:term":[{"taxonomy":"product_brand","embeddable":true,"href":"https:\/\/yotavis.ch\/de\/wp-json\/wp\/v2\/product_brand?post=3833"},{"taxonomy":"product_cat","embeddable":true,"href":"https:\/\/yotavis.ch\/de\/wp-json\/wp\/v2\/product_cat?post=3833"},{"taxonomy":"product_tag","embeddable":true,"href":"https:\/\/yotavis.ch\/de\/wp-json\/wp\/v2\/product_tag?post=3833"}],"curies":[{"name":"wp","href":"https:\/\/api.w.org\/{rel}","templated":true}]}}