{"id":3834,"date":"2025-10-09T00:00:00","date_gmt":"2025-10-08T22:00:00","guid":{"rendered":"https:\/\/yotavis.ch\/product\/ssg6082a-v\/"},"modified":"2026-04-24T13:30:46","modified_gmt":"2026-04-24T11:30:46","slug":"ssg6082a-v","status":"publish","type":"product","link":"https:\/\/yotavis.ch\/de\/produkt\/ssg6082a-v\/","title":{"rendered":"SSG6082A-V"},"content":{"rendered":"<p>Der Siglent SSG6082A-V bietet einen Ausgangsfrequenzbereich im CW-Modus von 9 kHz bis 8 GHz und im IQ-Modus von 10 MHz bis 8 GHz. Der SSG6082A-V hat ein typisches Phasenrauschen von -132 dBc\/Hz bei einem Offset von 10 kHz im Betrieb bei 1 GHz. Die interne HF-Bandbreite f\u00fcr I+Q-Signale betr\u00e4gt 500 MHz und unterst\u00fctzt damit eine breite Palette von Anwendungen zur Signalerzeugung. Der Baustein arbeitet mit einer maximalen Frequenz von 8000 MHz und kann eine Amplitude von bis zu 30 dBm liefern. Dar\u00fcber hinaus ist die IQ-Bandbreite auf 1000 MHz spezifiziert, was eine originalgetreue Signalausgabe erm\u00f6glicht. Dank dieser Spezifikationen eignet sich der SSG6082A-V f\u00fcr verschiedene Test- und Messszenarien, die pr\u00e4zise Frequenz- und Phasenrauschcharakteristiken erfordern.<\/p>","protected":false},"excerpt":{"rendered":"<p>Ausgangsfrequenzbereich: CW-Betrieb 9 kHz ~ 8 GHz, IQ-Betrieb 10 MHz ~ 8 GHz, Phasenrauschen: -132 dBc\/Hz Offset 10 kHz @1 GHz(typ.), interne HF-Bandbreite (I+Q) 500 MHz<\/p>","protected":false},"featured_media":6960,"comment_status":"closed","ping_status":"closed","template":"","meta":{"_acf_changed":false,"slim_seo":{"title":"SSG6082A-V - YOTAVIS AG","description":"Ausgangsfrequenzbereich: CW-Betrieb 9 kHz ~ 8 GHz, IQ-Betrieb 10 MHz ~ 8 GHz, Phasenrauschen: -132 dBc\/Hz Offset 10 kHz @1 GHz(typ.), interne HF-Bandbreite (I+Q) 500 MHz"}},"product_brand":[506],"product_cat":[513,522],"product_tag":[],"class_list":{"0":"post-3834","1":"product","2":"type-product","3":"status-publish","4":"has-post-thumbnail","6":"product_brand-siglent","7":"product_cat-generator","8":"product_cat-rf-vector-generator","9":"pa_amplitude-dbm-276","10":"pa_channels-384","11":"pa_frequency-mhz-275","12":"pa_iq-bandwidth-mhz-471","14":"first","15":"instock","16":"taxable","17":"shipping-taxable","18":"purchasable","19":"product-type-simple"},"acf":[],"_links":{"self":[{"href":"https:\/\/yotavis.ch\/de\/wp-json\/wp\/v2\/product\/3834","targetHints":{"allow":["GET"]}}],"collection":[{"href":"https:\/\/yotavis.ch\/de\/wp-json\/wp\/v2\/product"}],"about":[{"href":"https:\/\/yotavis.ch\/de\/wp-json\/wp\/v2\/types\/product"}],"replies":[{"embeddable":true,"href":"https:\/\/yotavis.ch\/de\/wp-json\/wp\/v2\/comments?post=3834"}],"wp:featuredmedia":[{"embeddable":true,"href":"https:\/\/yotavis.ch\/de\/wp-json\/wp\/v2\/media\/6960"}],"wp:attachment":[{"href":"https:\/\/yotavis.ch\/de\/wp-json\/wp\/v2\/media?parent=3834"}],"wp:term":[{"taxonomy":"product_brand","embeddable":true,"href":"https:\/\/yotavis.ch\/de\/wp-json\/wp\/v2\/product_brand?post=3834"},{"taxonomy":"product_cat","embeddable":true,"href":"https:\/\/yotavis.ch\/de\/wp-json\/wp\/v2\/product_cat?post=3834"},{"taxonomy":"product_tag","embeddable":true,"href":"https:\/\/yotavis.ch\/de\/wp-json\/wp\/v2\/product_tag?post=3834"}],"curies":[{"name":"wp","href":"https:\/\/api.w.org\/{rel}","templated":true}]}}