{"id":3836,"date":"2025-10-09T00:00:00","date_gmt":"2025-10-08T22:00:00","guid":{"rendered":"https:\/\/yotavis.ch\/product\/sha862a\/"},"modified":"2026-04-24T13:30:50","modified_gmt":"2026-04-24T11:30:50","slug":"sha862a","status":"publish","type":"product","link":"https:\/\/yotavis.ch\/de\/produkt\/sha862a\/","title":{"rendered":"SHA862A"},"content":{"rendered":"<p>Der SHA862A von Siglent ist ein Handheld-Spektrumanalysator mit einem Frequenzbereich von 9 kHz bis 7,5 GHz. Er verf\u00fcgt \u00fcber einen angezeigten durchschnittlichen Rauschpegel von -165 dBm\/Hz und erm\u00f6glicht eine detaillierte Signalanalyse. Das Ger\u00e4t bietet ein Einseitenband-Phasenrauschen (SSB) von -104 dBc\/Hz bei 1 GHz mit einem Offset von 10 kHz, was eine pr\u00e4zise Messung des Phasenrauschens gew\u00e4hrleistet. Er unterst\u00fctzt Analysebandbreiten von 40 MHz und 110 MHz und erm\u00f6glicht so eine flexible Signaluntersuchung. Der Spektrumanalysator verf\u00fcgt \u00fcber einen Standard-Vorverst\u00e4rker zur Verbesserung der Signalerfassung. Ein 8,4-Zoll-Touchscreen dient als Benutzeroberfl\u00e4che und erm\u00f6glicht eine einfache Bedienung und Navigation. Das Ger\u00e4t ist tragbar und bietet mit einer einzigen Ladung eine Betriebszeit von etwa 2,5 Stunden.<\/p>","protected":false},"excerpt":{"rendered":"<p>9 kHz~7.5 GHz handheld spectrum analyzer\uff0c -165 dBm\/Hz Displayed Average Noise Level (Typ.), SSB Phase Noise -104 dBc\/Hz.@1 GHz, 10 kHz offset\uff0cAnalysis Bandwidth 40\/110 MHz\uff0cstandard preamplifier, 8.4&#8221; touch screen, 2.5 hours working time<\/p>","protected":false},"featured_media":6969,"comment_status":"closed","ping_status":"closed","template":"","meta":{"_acf_changed":false,"slim_seo":{"title":"SHA862A - YOTAVIS AG","description":"9 kHz~7.5 GHz handheld spectrum analyzer\uff0c -165 dBm\/Hz Displayed Average Noise Level (Typ.), SSB Phase Noise -104 dBc\/Hz.@1 GHz, 10 kHz offset\uff0cAnalysis Bandwidth"}},"product_brand":[506],"product_cat":[523,524],"product_tag":[],"class_list":{"0":"post-3836","1":"product","2":"type-product","3":"status-publish","4":"has-post-thumbnail","6":"product_brand-siglent","7":"product_cat-analyser","8":"product_cat-signal-spectrum-analyser","9":"pa_analysis-bandwidth-mhz-277","10":"pa_danl-dbm-hz-184","11":"pa_frequency-max-mhz-431","12":"pa_frequency-min-hz-177","13":"pa_handheld-yes","14":"pa_rtsa-opt","16":"first","17":"instock","18":"taxable","19":"shipping-taxable","20":"purchasable","21":"product-type-simple"},"acf":[],"_links":{"self":[{"href":"https:\/\/yotavis.ch\/de\/wp-json\/wp\/v2\/product\/3836","targetHints":{"allow":["GET"]}}],"collection":[{"href":"https:\/\/yotavis.ch\/de\/wp-json\/wp\/v2\/product"}],"about":[{"href":"https:\/\/yotavis.ch\/de\/wp-json\/wp\/v2\/types\/product"}],"replies":[{"embeddable":true,"href":"https:\/\/yotavis.ch\/de\/wp-json\/wp\/v2\/comments?post=3836"}],"wp:featuredmedia":[{"embeddable":true,"href":"https:\/\/yotavis.ch\/de\/wp-json\/wp\/v2\/media\/6969"}],"wp:attachment":[{"href":"https:\/\/yotavis.ch\/de\/wp-json\/wp\/v2\/media?parent=3836"}],"wp:term":[{"taxonomy":"product_brand","embeddable":true,"href":"https:\/\/yotavis.ch\/de\/wp-json\/wp\/v2\/product_brand?post=3836"},{"taxonomy":"product_cat","embeddable":true,"href":"https:\/\/yotavis.ch\/de\/wp-json\/wp\/v2\/product_cat?post=3836"},{"taxonomy":"product_tag","embeddable":true,"href":"https:\/\/yotavis.ch\/de\/wp-json\/wp\/v2\/product_tag?post=3836"}],"curies":[{"name":"wp","href":"https:\/\/api.w.org\/{rel}","templated":true}]}}