{"id":3838,"date":"2025-10-09T00:00:00","date_gmt":"2025-10-08T22:00:00","guid":{"rendered":"https:\/\/yotavis.ch\/product\/wavesurfer-3034z\/"},"modified":"2026-04-24T13:30:55","modified_gmt":"2026-04-24T11:30:55","slug":"wavesurfer-3034z","status":"publish","type":"product","link":"https:\/\/yotavis.ch\/de\/produkt\/wavesurfer-3034z\/","title":{"rendered":"WELLENREITER 3034Z#"},"content":{"rendered":"<p>Der WAVESURFER 3034Z# von Teledyne Lecroy ist ein digitales Speicheroszilloskop mit einer Bandbreite von 350 MHz und einer Abtastrate von 2000 MS\/s pro Kanal. Es unterst\u00fctzt vier Kan\u00e4le mit einer Speichertiefe von jeweils 10 Millionen Punkten und erm\u00f6glicht so eine detaillierte Signalanalyse. Das Ger\u00e4t verf\u00fcgt \u00fcber eine vertikale 8-Bit-Aufl\u00f6sung und einen 10,1 Zoll gro\u00dfen kapazitiven Touchscreen mit Farbdisplay, der die Interaktion und Visualisierung f\u00fcr den Benutzer verbessert. Dieses Oszilloskop ist f\u00fcr die Hochgeschwindigkeitsdatenerfassung mit einer Abtastrate von insgesamt 4 GS\/s ausgelegt. Durch die Kombination aus Bandbreite, Abtastrate und Speichertiefe eignet es sich f\u00fcr die Erfassung und Analyse komplexer Wellenformen. Die Touchscreen-Benutzeroberfl\u00e4che erm\u00f6glicht eine intuitive Steuerung und eine einfache Bedienung w\u00e4hrend des Betriebs. Der WAVESURFER 3034Z# integriert fortschrittliche Funktionen in einem kompakten Formfaktor f\u00fcr vielseitige Messanwendungen.<\/p>","protected":false},"excerpt":{"rendered":"<p>350 MHz, 4 GS\/s, 4 Ch, 10 Mpts\/Ch DSO with 10.1&#8243; Wide, Capacitive Touch Screen, Color Display<\/p>","protected":false},"featured_media":6980,"comment_status":"closed","ping_status":"closed","template":"","meta":{"_acf_changed":false,"slim_seo":{"title":"WAVESURFER 3034Z# - YOTAVIS AG","description":"350 MHz, 4 GS\/s, 4 Kan\u00e4le, 10 Mpts\/Ch DSO mit 10,1\" breitem, kapazitivem Touchscreen, Farbdisplay"}},"product_brand":[542],"product_cat":[508,507],"product_tag":[],"class_list":{"0":"post-3838","1":"product","2":"type-product","3":"status-publish","4":"has-post-thumbnail","6":"product_brand-lecroy","7":"product_cat-desktop-en","8":"product_cat-oscilloscope","9":"pa_bandwidth-mhz-76","10":"pa_channels-338","11":"pa_digital-channels-opt","12":"pa_imax-ac-a-1019","13":"pa_memory-depht-mpts-278","14":"pa_sampling-rate-channels-ms-s-347","15":"pa_touch-screen-yes","16":"pa_vertical-resolution-bits-340","18":"first","19":"instock","20":"taxable","21":"shipping-taxable","22":"purchasable","23":"product-type-simple"},"acf":[],"_links":{"self":[{"href":"https:\/\/yotavis.ch\/de\/wp-json\/wp\/v2\/product\/3838","targetHints":{"allow":["GET"]}}],"collection":[{"href":"https:\/\/yotavis.ch\/de\/wp-json\/wp\/v2\/product"}],"about":[{"href":"https:\/\/yotavis.ch\/de\/wp-json\/wp\/v2\/types\/product"}],"replies":[{"embeddable":true,"href":"https:\/\/yotavis.ch\/de\/wp-json\/wp\/v2\/comments?post=3838"}],"wp:featuredmedia":[{"embeddable":true,"href":"https:\/\/yotavis.ch\/de\/wp-json\/wp\/v2\/media\/6980"}],"wp:attachment":[{"href":"https:\/\/yotavis.ch\/de\/wp-json\/wp\/v2\/media?parent=3838"}],"wp:term":[{"taxonomy":"product_brand","embeddable":true,"href":"https:\/\/yotavis.ch\/de\/wp-json\/wp\/v2\/product_brand?post=3838"},{"taxonomy":"product_cat","embeddable":true,"href":"https:\/\/yotavis.ch\/de\/wp-json\/wp\/v2\/product_cat?post=3838"},{"taxonomy":"product_tag","embeddable":true,"href":"https:\/\/yotavis.ch\/de\/wp-json\/wp\/v2\/product_tag?post=3838"}],"curies":[{"name":"wp","href":"https:\/\/api.w.org\/{rel}","templated":true}]}}