{"id":3839,"date":"2025-10-09T00:00:00","date_gmt":"2025-10-08T22:00:00","guid":{"rendered":"https:\/\/yotavis.ch\/product\/wavesurfer-3054z\/"},"modified":"2026-04-24T13:30:55","modified_gmt":"2026-04-24T11:30:55","slug":"wavesurfer-3054z","status":"publish","type":"product","link":"https:\/\/yotavis.ch\/de\/produkt\/wavesurfer-3054z\/","title":{"rendered":"WELLENREITER 3054Z#"},"content":{"rendered":"<p>Der Teledyne Lecroy WAVESURFER 3054Z# ist ein digitales Speicheroszilloskop mit einer Bandbreite von 500 MHz und einer Abtastrate von 4 GS\/s \u00fcber vier Kan\u00e4le. Jeder Kanal ist mit einer Speichertiefe von 10 Millionen Punkten ausgestattet, was eine detaillierte Signalerfassung und -analyse erm\u00f6glicht. Das Ger\u00e4t verf\u00fcgt \u00fcber eine vertikale Aufl\u00f6sung von 8 Bit und bietet damit pr\u00e4zise Messm\u00f6glichkeiten. Es verf\u00fcgt \u00fcber einen 10,1 Zoll gro\u00dfen kapazitiven Touchscreen mit Farbdisplay, der die Interaktion mit dem Benutzer und die Visualisierung der Wellenformen verbessert. Das Oszilloskop unterst\u00fctzt eine Abtastrate von 2000 MS\/s pro Kanal und gew\u00e4hrleistet so eine schnelle Datenerfassung. Mit vier Eingangskan\u00e4len ist es f\u00fcr die \u00dcberwachung und Pr\u00fcfung mehrerer Signale geeignet. Die Kombination dieser Spezifikationen macht den WAVESURFER 3054Z# zu einem vielseitigen Instrument f\u00fcr verschiedene elektronische Messanwendungen.<\/p>","protected":false},"excerpt":{"rendered":"<p>500 MHz, 4 GS\/s, 4 Ch, 10 Mpts\/Ch DSO with 10.1&#8243; Wide, Capacitive Touch Screen, Color Display<\/p>","protected":false},"featured_media":6979,"comment_status":"closed","ping_status":"closed","template":"","meta":{"_acf_changed":false,"slim_seo":{"title":"WAVESURFER 3054Z# - YOTAVIS AG","description":"500 MHz, 4 GS\/s, 4 Kan\u00e4le, 10 Mpts\/Ch DSO mit 10,1\" breitem, kapazitivem Touchscreen, Farbdisplay"}},"product_brand":[542],"product_cat":[508,507],"product_tag":[],"class_list":{"0":"post-3839","1":"product","2":"type-product","3":"status-publish","4":"has-post-thumbnail","6":"product_brand-lecroy","7":"product_cat-desktop-en","8":"product_cat-oscilloscope","9":"pa_bandwidth-mhz-83","10":"pa_channels-338","11":"pa_digital-channels-opt","12":"pa_imax-ac-a-1019","13":"pa_memory-depht-mpts-278","14":"pa_sampling-rate-channels-ms-s-347","15":"pa_touch-screen-yes","16":"pa_vertical-resolution-bits-340","18":"first","19":"instock","20":"taxable","21":"shipping-taxable","22":"purchasable","23":"product-type-simple"},"acf":[],"_links":{"self":[{"href":"https:\/\/yotavis.ch\/de\/wp-json\/wp\/v2\/product\/3839","targetHints":{"allow":["GET"]}}],"collection":[{"href":"https:\/\/yotavis.ch\/de\/wp-json\/wp\/v2\/product"}],"about":[{"href":"https:\/\/yotavis.ch\/de\/wp-json\/wp\/v2\/types\/product"}],"replies":[{"embeddable":true,"href":"https:\/\/yotavis.ch\/de\/wp-json\/wp\/v2\/comments?post=3839"}],"wp:featuredmedia":[{"embeddable":true,"href":"https:\/\/yotavis.ch\/de\/wp-json\/wp\/v2\/media\/6979"}],"wp:attachment":[{"href":"https:\/\/yotavis.ch\/de\/wp-json\/wp\/v2\/media?parent=3839"}],"wp:term":[{"taxonomy":"product_brand","embeddable":true,"href":"https:\/\/yotavis.ch\/de\/wp-json\/wp\/v2\/product_brand?post=3839"},{"taxonomy":"product_cat","embeddable":true,"href":"https:\/\/yotavis.ch\/de\/wp-json\/wp\/v2\/product_cat?post=3839"},{"taxonomy":"product_tag","embeddable":true,"href":"https:\/\/yotavis.ch\/de\/wp-json\/wp\/v2\/product_tag?post=3839"}],"curies":[{"name":"wp","href":"https:\/\/api.w.org\/{rel}","templated":true}]}}