{"id":3842,"date":"2025-10-09T00:00:00","date_gmt":"2025-10-08T22:00:00","guid":{"rendered":"https:\/\/yotavis.ch\/product\/ws3k-mso\/"},"modified":"2026-04-24T13:30:58","modified_gmt":"2026-04-24T11:30:58","slug":"ws3k-mso","status":"publish","type":"product","link":"https:\/\/yotavis.ch\/de\/produkt\/ws3k-mso\/","title":{"rendered":"WS3K-MSO"},"content":{"rendered":"<p>Der WS3K-MSO ist ein Mixed-Signal-Tastkopf, Zubeh\u00f6r und eine Lizenz, die f\u00fcr die Verwendung mit den WaveSurfer-Modellen 3000 und 3000z entwickelt wurde. Er wird von Teledyne Lecroy hergestellt, einem Unternehmen, das f\u00fcr seine elektronischen Testger\u00e4te bekannt ist. Dieses Produktpaket enth\u00e4lt die notwendigen Komponenten, um die Funktionalit\u00e4t der WaveSurfer 3000-Serie zu erweitern und Mixed-Signal-Analysen zu erm\u00f6glichen. Der mitgelieferte Tastkopf und das Zubeh\u00f6r gew\u00e4hrleisten Kompatibilit\u00e4t und einfache Integration mit dem bestehenden Oszilloskopsystem. Dar\u00fcber hinaus erm\u00f6glicht die mitgelieferte Lizenz die Freischaltung spezifischer Funktionen, die auf Mixed-Signal-Operationen zugeschnitten sind. Diese Kombination unterst\u00fctzt fortschrittliche Pr\u00fcf- und Messaufgaben, indem sie die Vielseitigkeit des Oszilloskops erweitert. Das WS3K-MSO ist als Zusatz zum WaveSurfer 3000 und 3000z gedacht und erm\u00f6glicht eine umfassendere Signalanalyse, ohne dass ein separates Ger\u00e4t erforderlich ist.<\/p>","protected":false},"excerpt":{"rendered":"<p>Mixed Signal Tastkopf, Zubeh\u00f6r und Lizenz f\u00fcr WaveSurfer 3000 \/ 3000z<\/p>","protected":false},"featured_media":6989,"comment_status":"closed","ping_status":"closed","template":"","meta":{"_acf_changed":false,"slim_seo":{"title":"WS3K-MSO - YOTAVIS AG","description":"Mixed Signal Tastkopf, Zubeh\u00f6r und Lizenz f\u00fcr WaveSurfer 3000 \/ 3000z"}},"product_brand":[542],"product_cat":[510,509],"product_tag":[],"class_list":{"0":"post-3842","1":"product","2":"type-product","3":"status-publish","4":"has-post-thumbnail","6":"product_brand-lecroy","7":"product_cat-others-en","8":"product_cat-probes-en","9":"pa_imax-ac-a-1019","11":"first","12":"instock","13":"taxable","14":"shipping-taxable","15":"purchasable","16":"product-type-simple"},"acf":[],"_links":{"self":[{"href":"https:\/\/yotavis.ch\/de\/wp-json\/wp\/v2\/product\/3842","targetHints":{"allow":["GET"]}}],"collection":[{"href":"https:\/\/yotavis.ch\/de\/wp-json\/wp\/v2\/product"}],"about":[{"href":"https:\/\/yotavis.ch\/de\/wp-json\/wp\/v2\/types\/product"}],"replies":[{"embeddable":true,"href":"https:\/\/yotavis.ch\/de\/wp-json\/wp\/v2\/comments?post=3842"}],"wp:featuredmedia":[{"embeddable":true,"href":"https:\/\/yotavis.ch\/de\/wp-json\/wp\/v2\/media\/6989"}],"wp:attachment":[{"href":"https:\/\/yotavis.ch\/de\/wp-json\/wp\/v2\/media?parent=3842"}],"wp:term":[{"taxonomy":"product_brand","embeddable":true,"href":"https:\/\/yotavis.ch\/de\/wp-json\/wp\/v2\/product_brand?post=3842"},{"taxonomy":"product_cat","embeddable":true,"href":"https:\/\/yotavis.ch\/de\/wp-json\/wp\/v2\/product_cat?post=3842"},{"taxonomy":"product_tag","embeddable":true,"href":"https:\/\/yotavis.ch\/de\/wp-json\/wp\/v2\/product_tag?post=3842"}],"curies":[{"name":"wp","href":"https:\/\/api.w.org\/{rel}","templated":true}]}}