{"id":3843,"date":"2025-10-09T00:00:00","date_gmt":"2025-10-08T22:00:00","guid":{"rendered":"https:\/\/yotavis.ch\/product\/ap033\/"},"modified":"2026-04-24T13:31:00","modified_gmt":"2026-04-24T11:31:00","slug":"ap033","status":"publish","type":"product","link":"https:\/\/yotavis.ch\/de\/produkt\/ap033\/","title":{"rendered":"AP033"},"content":{"rendered":"<p>Der AP033 ist ein 500-MHz-Differenzialtastkopf, der von Teledyne Lecroy hergestellt wird. Er hat eine Bandbreite von 500 MHz und unterst\u00fctzt eine maximale Spannung von 5 V. Die Sonde ist mit LeCroy-Ger\u00e4ten kompatibel und gew\u00e4hrleistet die Kompatibilit\u00e4t innerhalb dieses \u00d6kosystems. Das Ger\u00e4t ist f\u00fcr die pr\u00e4zise Messung von Differenzsignalen ausgelegt und eignet sich daher f\u00fcr verschiedene Pr\u00fcf- und Messanwendungen. Seine Spezifikationen konzentrieren sich darauf, genaue Spannungsmesswerte bis zur angegebenen H\u00f6chstspannung zu liefern. Das Design und die Schnittstelle der Sonde erm\u00f6glichen eine nahtlose Integration mit anderen LeCroy-Ger\u00e4ten, was eine effiziente Datenerfassung und -analyse erm\u00f6glicht. Der AP033 wurde entwickelt, um die Anforderungen von Anwendern zu erf\u00fcllen, die eine zuverl\u00e4ssige differentielle Signalmessung bei Frequenzen bis zu 500 MHz ben\u00f6tigen.<\/p>","protected":false},"excerpt":{"rendered":"<p>500-MHz-Differenzialtastkopf<\/p>","protected":false},"featured_media":6991,"comment_status":"closed","ping_status":"closed","template":"","meta":{"_acf_changed":false,"slim_seo":{"title":"AP033 - YOTAVIS AG","description":"500-MHz-Differenzialtastkopf"}},"product_brand":[542],"product_cat":[535,509],"product_tag":[],"class_list":{"0":"post-3843","1":"product","2":"type-product","3":"status-publish","4":"has-post-thumbnail","6":"product_brand-lecroy","7":"product_cat-differential-probes-en","8":"product_cat-probes-en","9":"pa_bandwidth-mhz-83","10":"pa_imax-ac-a-1019","11":"pa_interface-lecroy","12":"pa_voltage-max-v-237","14":"first","15":"instock","16":"taxable","17":"shipping-taxable","18":"purchasable","19":"product-type-simple"},"acf":[],"_links":{"self":[{"href":"https:\/\/yotavis.ch\/de\/wp-json\/wp\/v2\/product\/3843","targetHints":{"allow":["GET"]}}],"collection":[{"href":"https:\/\/yotavis.ch\/de\/wp-json\/wp\/v2\/product"}],"about":[{"href":"https:\/\/yotavis.ch\/de\/wp-json\/wp\/v2\/types\/product"}],"replies":[{"embeddable":true,"href":"https:\/\/yotavis.ch\/de\/wp-json\/wp\/v2\/comments?post=3843"}],"wp:featuredmedia":[{"embeddable":true,"href":"https:\/\/yotavis.ch\/de\/wp-json\/wp\/v2\/media\/6991"}],"wp:attachment":[{"href":"https:\/\/yotavis.ch\/de\/wp-json\/wp\/v2\/media?parent=3843"}],"wp:term":[{"taxonomy":"product_brand","embeddable":true,"href":"https:\/\/yotavis.ch\/de\/wp-json\/wp\/v2\/product_brand?post=3843"},{"taxonomy":"product_cat","embeddable":true,"href":"https:\/\/yotavis.ch\/de\/wp-json\/wp\/v2\/product_cat?post=3843"},{"taxonomy":"product_tag","embeddable":true,"href":"https:\/\/yotavis.ch\/de\/wp-json\/wp\/v2\/product_tag?post=3843"}],"curies":[{"name":"wp","href":"https:\/\/api.w.org\/{rel}","templated":true}]}}