{"id":3845,"date":"2025-10-09T00:00:00","date_gmt":"2025-10-08T22:00:00","guid":{"rendered":"https:\/\/yotavis.ch\/product\/zd1000\/"},"modified":"2026-04-24T13:31:01","modified_gmt":"2026-04-24T11:31:01","slug":"zd1000","status":"publish","type":"product","link":"https:\/\/yotavis.ch\/de\/produkt\/zd1000\/","title":{"rendered":"ZD1000"},"content":{"rendered":"<p>Der ZD1000 von Teledyne Lecroy ist ein aktiver differentieller Tastkopf, der f\u00fcr eine Bandbreite von 1000 MHz ausgelegt ist und sich damit f\u00fcr Hochfrequenzsignalmessungen eignet. Er verf\u00fcgt \u00fcber einen Frequenzbereich von 1 GHz und eine niedrige Eingangskapazit\u00e4t von 1,0 pF, was dazu beitr\u00e4gt, die Auswirkungen der Belastung auf die zu pr\u00fcfende Schaltung zu minimieren. Der Tastkopf unterst\u00fctzt eine maximale Spannung von \u00b18 V, wodurch er eine Reihe von Signalamplituden sicher verarbeiten kann. Er ist mit LeCroy-Ger\u00e4ten kompatibel und kann mit einer Vielzahl von Test- und Messinstrumenten eingesetzt werden. Der ZD1000 wurde entwickelt, um pr\u00e4zise differentielle Messungen durchzuf\u00fchren, die f\u00fcr die Analyse von Signalen in komplexen elektronischen Systemen unerl\u00e4sslich sind. Sein Design konzentriert sich auf die Aufrechterhaltung der Signalintegrit\u00e4t und bietet gleichzeitig zuverl\u00e4ssige Leistung in anspruchsvollen Testumgebungen.<\/p>","protected":false},"excerpt":{"rendered":"<p>1 GHz, 1,0 pF Aktiver differentieller Tastkopf, \u00b18 V<\/p>","protected":false},"featured_media":6994,"comment_status":"closed","ping_status":"closed","template":"","meta":{"_acf_changed":false,"slim_seo":{"title":"ZD1000 - YOTAVIS AG","description":"1 GHz, 1,0 pF Aktiver differentieller Tastkopf, \u00b18 V"}},"product_brand":[542],"product_cat":[535,509],"product_tag":[],"class_list":{"0":"post-3845","1":"product","2":"type-product","3":"status-publish","4":"has-post-thumbnail","6":"product_brand-lecroy","7":"product_cat-differential-probes-en","8":"product_cat-probes-en","9":"pa_bandwidth-mhz-84","10":"pa_imax-ac-a-1019","11":"pa_interface-lecroy","12":"pa_voltage-max-v-86","14":"first","15":"instock","16":"taxable","17":"shipping-taxable","18":"purchasable","19":"product-type-simple"},"acf":[],"_links":{"self":[{"href":"https:\/\/yotavis.ch\/de\/wp-json\/wp\/v2\/product\/3845","targetHints":{"allow":["GET"]}}],"collection":[{"href":"https:\/\/yotavis.ch\/de\/wp-json\/wp\/v2\/product"}],"about":[{"href":"https:\/\/yotavis.ch\/de\/wp-json\/wp\/v2\/types\/product"}],"replies":[{"embeddable":true,"href":"https:\/\/yotavis.ch\/de\/wp-json\/wp\/v2\/comments?post=3845"}],"wp:featuredmedia":[{"embeddable":true,"href":"https:\/\/yotavis.ch\/de\/wp-json\/wp\/v2\/media\/6994"}],"wp:attachment":[{"href":"https:\/\/yotavis.ch\/de\/wp-json\/wp\/v2\/media?parent=3845"}],"wp:term":[{"taxonomy":"product_brand","embeddable":true,"href":"https:\/\/yotavis.ch\/de\/wp-json\/wp\/v2\/product_brand?post=3845"},{"taxonomy":"product_cat","embeddable":true,"href":"https:\/\/yotavis.ch\/de\/wp-json\/wp\/v2\/product_cat?post=3845"},{"taxonomy":"product_tag","embeddable":true,"href":"https:\/\/yotavis.ch\/de\/wp-json\/wp\/v2\/product_tag?post=3845"}],"curies":[{"name":"wp","href":"https:\/\/api.w.org\/{rel}","templated":true}]}}