{"id":3846,"date":"2025-10-09T00:00:00","date_gmt":"2025-10-08T22:00:00","guid":{"rendered":"https:\/\/yotavis.ch\/product\/zd1500\/"},"modified":"2026-04-24T13:31:02","modified_gmt":"2026-04-24T11:31:02","slug":"zd1500","status":"publish","type":"product","link":"https:\/\/yotavis.ch\/de\/produkt\/zd1500\/","title":{"rendered":"ZD1500"},"content":{"rendered":"<p>Der Teledyne Lecroy ZD1500 ist ein aktiver differentieller Tastkopf mit einer Bandbreite von 1,5 GHz und einer maximalen Nennspannung von \u00b18 V. Er zeichnet sich durch eine niedrige Eingangskapazit\u00e4t von 1,0 pF aus, was dazu beitr\u00e4gt, die Auswirkungen der Belastung auf die zu pr\u00fcfende Schaltung zu minimieren. Der Tastkopf ist f\u00fcr den Anschluss an LeCroy-Ger\u00e4te ausgelegt, wodurch Kompatibilit\u00e4t und zuverl\u00e4ssige Signalerfassung gew\u00e4hrleistet sind. Sein aktives Design erm\u00f6glicht genaue Differenzmessungen in Hochfrequenzanwendungen. Der ZD1500 eignet sich f\u00fcr den Einsatz in Umgebungen, in denen pr\u00e4zise Spannungsmessungen innerhalb des angegebenen Bereichs erforderlich sind. Dieser Tastkopf unterst\u00fctzt aufgrund seiner gro\u00dfen Bandbreite die Hochgeschwindigkeitssignalanalyse und ist damit ein wertvolles Werkzeug f\u00fcr detaillierte elektronische Tests und Diagnosen.<\/p>","protected":false},"excerpt":{"rendered":"<p>1,5 GHz, 1,0 pF Aktiver differentieller Tastkopf, \u00b18 V<\/p>","protected":false},"featured_media":6994,"comment_status":"closed","ping_status":"closed","template":"","meta":{"_acf_changed":false,"slim_seo":{"title":"ZD1500 - YOTAVIS AG","description":"1.5 GHz, 1.0 pF Active Differential Probe, \u00b18 V"}},"product_brand":[542],"product_cat":[535,509],"product_tag":[],"class_list":{"0":"post-3846","1":"product","2":"type-product","3":"status-publish","4":"has-post-thumbnail","6":"product_brand-lecroy","7":"product_cat-differential-probes-en","8":"product_cat-probes-en","9":"pa_bandwidth-mhz-240","10":"pa_imax-ac-a-1019","11":"pa_interface-lecroy","12":"pa_voltage-max-v-86","14":"first","15":"instock","16":"taxable","17":"shipping-taxable","18":"purchasable","19":"product-type-simple"},"acf":[],"_links":{"self":[{"href":"https:\/\/yotavis.ch\/de\/wp-json\/wp\/v2\/product\/3846","targetHints":{"allow":["GET"]}}],"collection":[{"href":"https:\/\/yotavis.ch\/de\/wp-json\/wp\/v2\/product"}],"about":[{"href":"https:\/\/yotavis.ch\/de\/wp-json\/wp\/v2\/types\/product"}],"replies":[{"embeddable":true,"href":"https:\/\/yotavis.ch\/de\/wp-json\/wp\/v2\/comments?post=3846"}],"wp:featuredmedia":[{"embeddable":true,"href":"https:\/\/yotavis.ch\/de\/wp-json\/wp\/v2\/media\/6994"}],"wp:attachment":[{"href":"https:\/\/yotavis.ch\/de\/wp-json\/wp\/v2\/media?parent=3846"}],"wp:term":[{"taxonomy":"product_brand","embeddable":true,"href":"https:\/\/yotavis.ch\/de\/wp-json\/wp\/v2\/product_brand?post=3846"},{"taxonomy":"product_cat","embeddable":true,"href":"https:\/\/yotavis.ch\/de\/wp-json\/wp\/v2\/product_cat?post=3846"},{"taxonomy":"product_tag","embeddable":true,"href":"https:\/\/yotavis.ch\/de\/wp-json\/wp\/v2\/product_tag?post=3846"}],"curies":[{"name":"wp","href":"https:\/\/api.w.org\/{rel}","templated":true}]}}