{"id":3847,"date":"2025-10-09T00:00:00","date_gmt":"2025-10-08T22:00:00","guid":{"rendered":"https:\/\/yotavis.ch\/product\/zs1000\/"},"modified":"2026-04-24T13:31:02","modified_gmt":"2026-04-24T11:31:02","slug":"zs1000","status":"publish","type":"product","link":"https:\/\/yotavis.ch\/de\/produkt\/zs1000\/","title":{"rendered":"ZS1000"},"content":{"rendered":"<p>Der ZS1000 von Teledyne Lecroy ist ein aktiver Spannungstastkopf, der f\u00fcr den Betrieb bei einer Frequenz von 1 GHz mit einer Bandbreite von 1000 MHz ausgelegt ist. Er zeichnet sich durch eine niedrige Eingangskapazit\u00e4t von 0,9 pF und einen Eingangswiderstand von 1 Mega-\u03a9 aus, was zur Aufrechterhaltung der Signalintegrit\u00e4t w\u00e4hrend der Messungen beitr\u00e4gt. Der Tastkopf unterst\u00fctzt eine maximale Spannung von 8 V und ist damit f\u00fcr eine Reihe von Spannungsmessanwendungen geeignet. Er verf\u00fcgt \u00fcber Schnittstellen zu LeCroy-Ger\u00e4ten und gew\u00e4hrleistet so die Kompatibilit\u00e4t mit bestimmten Test- und Messger\u00e4ten. Der ZS1000 wurde entwickelt, um pr\u00e4zise Spannungsmessungen bei hohen Frequenzen zu erm\u00f6glichen und eine detaillierte Signalanalyse zu unterst\u00fctzen. Sein Design konzentriert sich auf die Aufrechterhaltung von Genauigkeit und Zuverl\u00e4ssigkeit in Hochgeschwindigkeits-Elektronik-Testumgebungen.<\/p>","protected":false},"excerpt":{"rendered":"<p>1 GHz, 0,9 pF, 1 Mega-\u03a9 Aktiver Spannungstaster<\/p>","protected":false},"featured_media":6997,"comment_status":"closed","ping_status":"closed","template":"","meta":{"_acf_changed":false,"slim_seo":{"title":"ZS1000 - YOTAVIS AG","description":"1 GHz, 0,9 pF, 1 Mega-\u03a9 Aktiver Spannungstaster"}},"product_brand":[542],"product_cat":[511,509],"product_tag":[],"class_list":{"0":"post-3847","1":"product","2":"type-product","3":"status-publish","4":"has-post-thumbnail","6":"product_brand-lecroy","7":"product_cat-active-probes-en","8":"product_cat-probes-en","9":"pa_bandwidth-mhz-84","10":"pa_imax-ac-a-1019","11":"pa_interface-lecroy","12":"pa_voltage-max-v-86","14":"first","15":"instock","16":"taxable","17":"shipping-taxable","18":"purchasable","19":"product-type-simple"},"acf":[],"_links":{"self":[{"href":"https:\/\/yotavis.ch\/de\/wp-json\/wp\/v2\/product\/3847","targetHints":{"allow":["GET"]}}],"collection":[{"href":"https:\/\/yotavis.ch\/de\/wp-json\/wp\/v2\/product"}],"about":[{"href":"https:\/\/yotavis.ch\/de\/wp-json\/wp\/v2\/types\/product"}],"replies":[{"embeddable":true,"href":"https:\/\/yotavis.ch\/de\/wp-json\/wp\/v2\/comments?post=3847"}],"wp:featuredmedia":[{"embeddable":true,"href":"https:\/\/yotavis.ch\/de\/wp-json\/wp\/v2\/media\/6997"}],"wp:attachment":[{"href":"https:\/\/yotavis.ch\/de\/wp-json\/wp\/v2\/media?parent=3847"}],"wp:term":[{"taxonomy":"product_brand","embeddable":true,"href":"https:\/\/yotavis.ch\/de\/wp-json\/wp\/v2\/product_brand?post=3847"},{"taxonomy":"product_cat","embeddable":true,"href":"https:\/\/yotavis.ch\/de\/wp-json\/wp\/v2\/product_cat?post=3847"},{"taxonomy":"product_tag","embeddable":true,"href":"https:\/\/yotavis.ch\/de\/wp-json\/wp\/v2\/product_tag?post=3847"}],"curies":[{"name":"wp","href":"https:\/\/api.w.org\/{rel}","templated":true}]}}