{"id":3849,"date":"2025-10-09T00:00:00","date_gmt":"2025-10-08T22:00:00","guid":{"rendered":"https:\/\/yotavis.ch\/product\/rp2060%ce%b1\/"},"modified":"2026-04-24T13:31:05","modified_gmt":"2026-04-24T11:31:05","slug":"rp2060%ce%b1","status":"publish","type":"product","link":"https:\/\/yotavis.ch\/de\/produkt\/rp2060%ce%b1\/","title":{"rendered":"RP2060\u03b1"},"content":{"rendered":"<p>Der RP2060\u03b1 ist ein von Teledyne Lecroy entwickelter Leistungs- und Spannungsschienentaster mit einer Bandbreite von 2 GHz. Er bietet einen D\u00e4mpfungsfaktor von 1,2 und erm\u00f6glicht so eine pr\u00e4zise Signalmessung. Die Sonde unterst\u00fctzt einen Spannungs-Offset-Bereich von plus oder minus 60 Volt und eignet sich damit f\u00fcr eine Vielzahl von Testszenarien. Dar\u00fcber hinaus verf\u00fcgt er \u00fcber eine Offset-Spannungsf\u00e4higkeit von plus oder minus 800 Millivolt, was Feineinstellungen w\u00e4hrend der Messungen erm\u00f6glicht. Die von dieser Sonde verwendete Schnittstelle ist von LeCroy und gew\u00e4hrleistet die Kompatibilit\u00e4t mit verwandten Ger\u00e4ten. Dieses Modell ist f\u00fcr Spannungen bis zu 60 Volt ausgelegt und eignet sich somit f\u00fcr verschiedene Stromschienenanwendungen. Der RP2060\u03b1 ist mit seiner 2000-MHz-Bandbreitenspezifikation auf die Analyse von Hochfrequenzsignalen zugeschnitten.<\/p>","protected":false},"excerpt":{"rendered":"<p>Power\/Voltage Rail Probe.  2 GHz Bandbreite, 1.2x D\u00e4mpfung, +\/-60V Offset, +\/-800mV<\/p>","protected":false},"featured_media":7002,"comment_status":"closed","ping_status":"closed","template":"","meta":{"_acf_changed":false,"slim_seo":{"title":"RP2060\u03b1 - YOTAVIS AG","description":"Power\/Voltage Rail Probe. 2 GHz Bandbreite, 1.2x D\u00e4mpfung, +\/-60V Offset, +\/-800mV"}},"product_brand":[542],"product_cat":[510,509],"product_tag":[],"class_list":{"0":"post-3849","1":"product","2":"type-product","3":"status-publish","4":"has-post-thumbnail","6":"product_brand-lecroy","7":"product_cat-others-en","8":"product_cat-probes-en","9":"pa_bandwidth-mhz-238","10":"pa_imax-ac-a-1019","11":"pa_interface-lecroy","12":"pa_voltage-max-v-281","14":"first","15":"instock","16":"taxable","17":"shipping-taxable","18":"purchasable","19":"product-type-simple"},"acf":[],"_links":{"self":[{"href":"https:\/\/yotavis.ch\/de\/wp-json\/wp\/v2\/product\/3849","targetHints":{"allow":["GET"]}}],"collection":[{"href":"https:\/\/yotavis.ch\/de\/wp-json\/wp\/v2\/product"}],"about":[{"href":"https:\/\/yotavis.ch\/de\/wp-json\/wp\/v2\/types\/product"}],"replies":[{"embeddable":true,"href":"https:\/\/yotavis.ch\/de\/wp-json\/wp\/v2\/comments?post=3849"}],"wp:featuredmedia":[{"embeddable":true,"href":"https:\/\/yotavis.ch\/de\/wp-json\/wp\/v2\/media\/7002"}],"wp:attachment":[{"href":"https:\/\/yotavis.ch\/de\/wp-json\/wp\/v2\/media?parent=3849"}],"wp:term":[{"taxonomy":"product_brand","embeddable":true,"href":"https:\/\/yotavis.ch\/de\/wp-json\/wp\/v2\/product_brand?post=3849"},{"taxonomy":"product_cat","embeddable":true,"href":"https:\/\/yotavis.ch\/de\/wp-json\/wp\/v2\/product_cat?post=3849"},{"taxonomy":"product_tag","embeddable":true,"href":"https:\/\/yotavis.ch\/de\/wp-json\/wp\/v2\/product_tag?post=3849"}],"curies":[{"name":"wp","href":"https:\/\/api.w.org\/{rel}","templated":true}]}}