{"id":3850,"date":"2025-10-09T00:00:00","date_gmt":"2025-10-08T22:00:00","guid":{"rendered":"https:\/\/yotavis.ch\/product\/rp4060%ce%b1\/"},"modified":"2026-04-24T13:31:05","modified_gmt":"2026-04-24T11:31:05","slug":"rp4060%ce%b1","status":"publish","type":"product","link":"https:\/\/yotavis.ch\/de\/produkt\/rp4060%ce%b1\/","title":{"rendered":"RP4060\u03b1"},"content":{"rendered":"<p>Der RP4060\u03b1 ist ein von Teledyne Lecroy entwickelter Leistungs- und Spannungsschienentaster mit einer Bandbreite von 4 GHz. Er bietet einen D\u00e4mpfungsfaktor von 1,2 und erm\u00f6glicht so eine pr\u00e4zise Signalmessung. Die Sonde unterst\u00fctzt einen Spannungs-Offset-Bereich von plus oder minus 60 Volt und eignet sich damit f\u00fcr eine Vielzahl von Testszenarien. Dar\u00fcber hinaus ist eine Offset-Spannung von plus\/minus 800 Millivolt m\u00f6glich. Die f\u00fcr diese Sonde verwendete Schnittstelle ist von LeCroy und gew\u00e4hrleistet die Kompatibilit\u00e4t mit verwandten Ger\u00e4ten. Dieses Modell ist f\u00fcr Spannungen bis zu 60 Volt ausgelegt und damit f\u00fcr Hochspannungsanwendungen geeignet. Die Kombination dieser Spezifikationen macht das RP4060\u03b1 zu einem Spezialwerkzeug f\u00fcr detaillierte Leistungs- und Spannungsanalysen.<\/p>","protected":false},"excerpt":{"rendered":"<p>Power\/Voltage Rail Probe.  4 GHz Bandbreite, 1.2x D\u00e4mpfung, +\/-60V Offset, +\/-800mV<\/p>","protected":false},"featured_media":7002,"comment_status":"closed","ping_status":"closed","template":"","meta":{"_acf_changed":false,"slim_seo":{"title":"RP4060\u03b1 - YOTAVIS AG","description":"Power\/Voltage Rail Probe. 4 GHz Bandbreite, 1.2x D\u00e4mpfung, +\/-60V Offset, +\/-800mV"}},"product_brand":[542],"product_cat":[510,509],"product_tag":[],"class_list":{"0":"post-3850","1":"product","2":"type-product","3":"status-publish","4":"has-post-thumbnail","6":"product_brand-lecroy","7":"product_cat-others-en","8":"product_cat-probes-en","9":"pa_bandwidth-mhz-232","10":"pa_imax-ac-a-1019","11":"pa_interface-lecroy","12":"pa_voltage-max-v-281","14":"first","15":"instock","16":"taxable","17":"shipping-taxable","18":"purchasable","19":"product-type-simple"},"acf":[],"_links":{"self":[{"href":"https:\/\/yotavis.ch\/de\/wp-json\/wp\/v2\/product\/3850","targetHints":{"allow":["GET"]}}],"collection":[{"href":"https:\/\/yotavis.ch\/de\/wp-json\/wp\/v2\/product"}],"about":[{"href":"https:\/\/yotavis.ch\/de\/wp-json\/wp\/v2\/types\/product"}],"replies":[{"embeddable":true,"href":"https:\/\/yotavis.ch\/de\/wp-json\/wp\/v2\/comments?post=3850"}],"wp:featuredmedia":[{"embeddable":true,"href":"https:\/\/yotavis.ch\/de\/wp-json\/wp\/v2\/media\/7002"}],"wp:attachment":[{"href":"https:\/\/yotavis.ch\/de\/wp-json\/wp\/v2\/media?parent=3850"}],"wp:term":[{"taxonomy":"product_brand","embeddable":true,"href":"https:\/\/yotavis.ch\/de\/wp-json\/wp\/v2\/product_brand?post=3850"},{"taxonomy":"product_cat","embeddable":true,"href":"https:\/\/yotavis.ch\/de\/wp-json\/wp\/v2\/product_cat?post=3850"},{"taxonomy":"product_tag","embeddable":true,"href":"https:\/\/yotavis.ch\/de\/wp-json\/wp\/v2\/product_tag?post=3850"}],"curies":[{"name":"wp","href":"https:\/\/api.w.org\/{rel}","templated":true}]}}