{"id":3851,"date":"2025-10-09T00:00:00","date_gmt":"2025-10-08T22:00:00","guid":{"rendered":"https:\/\/yotavis.ch\/product\/rp4000-browser\/"},"modified":"2026-04-24T13:31:06","modified_gmt":"2026-04-24T11:31:06","slug":"rp4000-browser","status":"publish","type":"product","link":"https:\/\/yotavis.ch\/de\/produkt\/rp4000-browser\/","title":{"rendered":"RP4000-BROWSER"},"content":{"rendered":"<p>Der RP4000-BROWSER ist ein Zubeh\u00f6rteil, das f\u00fcr die Modelle RP2060 und RP4060 entwickelt wurde. Es enth\u00e4lt eine Reihe von Browserspitzen mit unterschiedlichen Widerstandswerten, um verschiedenen Testanforderungen gerecht zu werden. Das Paket enth\u00e4lt eine 0 \u03a9-Spitze, zehn 450 \u03a9-Spitzen und zwanzig 950 \u03a9-Spitzen. Dieses Sortiment erm\u00f6glicht flexible Mess- und Anschlussm\u00f6glichkeiten bei der Arbeit mit kompatiblen Ger\u00e4ten. Das von Teledyne Lecroy hergestellte Zubeh\u00f6r soll die Funktionalit\u00e4t des RP2060 und RP4060 durch die Bereitstellung zuverl\u00e4ssiger und pr\u00e4ziser Browserspitzenoptionen erweitern. Die Einbeziehung mehrerer Widerstandswerte unterst\u00fctzt verschiedene Anwendungen und Testszenarien. Dieses Zubeh\u00f6r ist eine praktische Erg\u00e4nzung f\u00fcr Anwender, die bei ihrer Arbeit spezifische Widerst\u00e4nde f\u00fcr Browserspitzen ben\u00f6tigen.<\/p>","protected":false},"excerpt":{"rendered":"<p>RP2060\/RP4060 Browser Tip Zubeh\u00f6r. Enth\u00e4lt 0 \u03a9 (1x), 450 \u03a9 (10x) und 950 \u03a9 (20x) Spitzen.<\/p>","protected":false},"featured_media":7004,"comment_status":"closed","ping_status":"closed","template":"","meta":{"_acf_changed":false,"slim_seo":{"title":"RP4000-BROWSER - YOTAVIS AG","description":"RP2060\/RP4060 Browser Tip Zubeh\u00f6r. Enth\u00e4lt 0 \u03a9 (1x), 450 \u03a9 (10x) und 950 \u03a9 (20x) Spitzen."}},"product_brand":[542],"product_cat":[510,509],"product_tag":[],"class_list":{"0":"post-3851","1":"product","2":"type-product","3":"status-publish","4":"has-post-thumbnail","6":"product_brand-lecroy","7":"product_cat-others-en","8":"product_cat-probes-en","9":"pa_imax-ac-a-1019","11":"first","12":"instock","13":"taxable","14":"shipping-taxable","15":"purchasable","16":"product-type-simple"},"acf":[],"_links":{"self":[{"href":"https:\/\/yotavis.ch\/de\/wp-json\/wp\/v2\/product\/3851","targetHints":{"allow":["GET"]}}],"collection":[{"href":"https:\/\/yotavis.ch\/de\/wp-json\/wp\/v2\/product"}],"about":[{"href":"https:\/\/yotavis.ch\/de\/wp-json\/wp\/v2\/types\/product"}],"replies":[{"embeddable":true,"href":"https:\/\/yotavis.ch\/de\/wp-json\/wp\/v2\/comments?post=3851"}],"wp:featuredmedia":[{"embeddable":true,"href":"https:\/\/yotavis.ch\/de\/wp-json\/wp\/v2\/media\/7004"}],"wp:attachment":[{"href":"https:\/\/yotavis.ch\/de\/wp-json\/wp\/v2\/media?parent=3851"}],"wp:term":[{"taxonomy":"product_brand","embeddable":true,"href":"https:\/\/yotavis.ch\/de\/wp-json\/wp\/v2\/product_brand?post=3851"},{"taxonomy":"product_cat","embeddable":true,"href":"https:\/\/yotavis.ch\/de\/wp-json\/wp\/v2\/product_cat?post=3851"},{"taxonomy":"product_tag","embeddable":true,"href":"https:\/\/yotavis.ch\/de\/wp-json\/wp\/v2\/product_tag?post=3851"}],"curies":[{"name":"wp","href":"https:\/\/api.w.org\/{rel}","templated":true}]}}