{"id":3852,"date":"2025-10-09T00:00:00","date_gmt":"2025-10-08T22:00:00","guid":{"rendered":"https:\/\/yotavis.ch\/product\/dl02-hcm\/"},"modified":"2026-04-24T13:31:06","modified_gmt":"2026-04-24T11:31:06","slug":"dl02-hcm","status":"publish","type":"product","link":"https:\/\/yotavis.ch\/de\/produkt\/dl02-hcm\/","title":{"rendered":"DL02-HCM"},"content":{"rendered":"<p>Der DL02-HCM ist ein 250-MHz-Gleichtakt-Differenzialmesskopf, der f\u00fcr Spannungen bis zu 60 V ausgelegt ist. Er wird von Teledyne Lecroy hergestellt und enth\u00e4lt einen Standardsatz von Leitungen und Spitzen f\u00fcr den sofortigen Einsatz. Der Tastkopf verf\u00fcgt \u00fcber eine mit LeCroy-Ger\u00e4ten kompatible Schnittstelle, die eine nahtlose Integration mit verwandten Ger\u00e4ten gew\u00e4hrleistet. Seine Bandbreite ist mit 250 MHz spezifiziert und eignet sich damit f\u00fcr Anwendungen, die diesen Frequenzbereich erfordern. Die maximale Spannungsangabe von 60 V gibt die h\u00f6chste Spannung an, die der Tastkopf sicher messen kann. Dieses Produkt ist f\u00fcr den Einsatz in Umgebungen vorgesehen, in denen genaue Differenzmessungen erforderlich sind, und das mitgelieferte Zubeh\u00f6r unterst\u00fctzt vielseitige Anschlussm\u00f6glichkeiten und Messaufbauten.<\/p>","protected":false},"excerpt":{"rendered":"<p>250 MHz 60 V Gleichtakt-Differentialsonde. Enth\u00e4lt einen Standardsatz von Leitungen und Spitzen.<\/p>","protected":false},"featured_media":7007,"comment_status":"closed","ping_status":"closed","template":"","meta":{"_acf_changed":false,"slim_seo":{"title":"DL02-HCM - YOTAVIS AG","description":"250 MHz 60 V Gleichtakt-Differentialsonde. Enth\u00e4lt einen Standardsatz von Leitungen und Spitzen."}},"product_brand":[542],"product_cat":[535,509],"product_tag":[],"class_list":{"0":"post-3852","1":"product","2":"type-product","3":"status-publish","4":"has-post-thumbnail","6":"product_brand-lecroy","7":"product_cat-differential-probes-en","8":"product_cat-probes-en","9":"pa_bandwidth-mhz-207","10":"pa_imax-ac-a-1019","11":"pa_interface-lecroy","12":"pa_voltage-max-v-281","14":"first","15":"instock","16":"taxable","17":"shipping-taxable","18":"purchasable","19":"product-type-simple"},"acf":[],"_links":{"self":[{"href":"https:\/\/yotavis.ch\/de\/wp-json\/wp\/v2\/product\/3852","targetHints":{"allow":["GET"]}}],"collection":[{"href":"https:\/\/yotavis.ch\/de\/wp-json\/wp\/v2\/product"}],"about":[{"href":"https:\/\/yotavis.ch\/de\/wp-json\/wp\/v2\/types\/product"}],"replies":[{"embeddable":true,"href":"https:\/\/yotavis.ch\/de\/wp-json\/wp\/v2\/comments?post=3852"}],"wp:featuredmedia":[{"embeddable":true,"href":"https:\/\/yotavis.ch\/de\/wp-json\/wp\/v2\/media\/7007"}],"wp:attachment":[{"href":"https:\/\/yotavis.ch\/de\/wp-json\/wp\/v2\/media?parent=3852"}],"wp:term":[{"taxonomy":"product_brand","embeddable":true,"href":"https:\/\/yotavis.ch\/de\/wp-json\/wp\/v2\/product_brand?post=3852"},{"taxonomy":"product_cat","embeddable":true,"href":"https:\/\/yotavis.ch\/de\/wp-json\/wp\/v2\/product_cat?post=3852"},{"taxonomy":"product_tag","embeddable":true,"href":"https:\/\/yotavis.ch\/de\/wp-json\/wp\/v2\/product_tag?post=3852"}],"curies":[{"name":"wp","href":"https:\/\/api.w.org\/{rel}","templated":true}]}}