{"id":3853,"date":"2025-10-09T00:00:00","date_gmt":"2025-10-08T22:00:00","guid":{"rendered":"https:\/\/yotavis.ch\/product\/dl05-hcm\/"},"modified":"2026-04-24T13:31:07","modified_gmt":"2026-04-24T11:31:07","slug":"dl05-hcm","status":"publish","type":"product","link":"https:\/\/yotavis.ch\/de\/produkt\/dl05-hcm\/","title":{"rendered":"DL05-HCM"},"content":{"rendered":"<p>Die DL05-HCM ist eine 500-MHz-Gleichtakt-Differenzialsonde, die f\u00fcr Spannungen bis zu 60 V ausgelegt ist. Sie wird von Teledyne Lecroy hergestellt und ist mit einem Standardsatz von Leitungen und Spitzen f\u00fcr den sofortigen Einsatz ausgestattet. Die Sonde verf\u00fcgt \u00fcber eine mit LeCroy-Ger\u00e4ten kompatible Schnittstelle, die eine nahtlose Integration mit verwandten Ger\u00e4ten gew\u00e4hrleistet. Seine Bandbreite von 500 MHz erm\u00f6glicht die genaue Messung von Hochfrequenzsignalen innerhalb seines Spannungsbereichs. Das Ger\u00e4t eignet sich f\u00fcr Anwendungen, die eine pr\u00e4zise Differenzsignalanalyse erfordern, insbesondere dann, wenn die Gleichtaktspannung eine wichtige Rolle spielt. Die mitgelieferten Standardkabel und -spitzen bieten Vielseitigkeit und Komfort f\u00fcr verschiedene Testszenarien. Diese Sonde wurde entwickelt, um eine detaillierte Signaluntersuchung zu unterst\u00fctzen und gleichzeitig die Kompatibilit\u00e4t mit etablierten Messsystemen zu gew\u00e4hrleisten.<\/p>","protected":false},"excerpt":{"rendered":"<p>500 MHz 60 V Gleichtakt-Differentialsonde. Enth\u00e4lt einen Standardsatz von Leitungen und Spitzen.<\/p>","protected":false},"featured_media":7007,"comment_status":"closed","ping_status":"closed","template":"","meta":{"_acf_changed":false,"slim_seo":{"title":"DL05-HCM - YOTAVIS AG","description":"500 MHz 60 V Gleichtakt-Differentialsonde. Enth\u00e4lt einen Standardsatz von Leitungen und Spitzen."}},"product_brand":[542],"product_cat":[535,509],"product_tag":[],"class_list":{"0":"post-3853","1":"product","2":"type-product","3":"status-publish","4":"has-post-thumbnail","6":"product_brand-lecroy","7":"product_cat-differential-probes-en","8":"product_cat-probes-en","9":"pa_bandwidth-mhz-83","10":"pa_imax-ac-a-1019","11":"pa_interface-lecroy","12":"pa_voltage-max-v-281","14":"first","15":"instock","16":"taxable","17":"shipping-taxable","18":"purchasable","19":"product-type-simple"},"acf":[],"_links":{"self":[{"href":"https:\/\/yotavis.ch\/de\/wp-json\/wp\/v2\/product\/3853","targetHints":{"allow":["GET"]}}],"collection":[{"href":"https:\/\/yotavis.ch\/de\/wp-json\/wp\/v2\/product"}],"about":[{"href":"https:\/\/yotavis.ch\/de\/wp-json\/wp\/v2\/types\/product"}],"replies":[{"embeddable":true,"href":"https:\/\/yotavis.ch\/de\/wp-json\/wp\/v2\/comments?post=3853"}],"wp:featuredmedia":[{"embeddable":true,"href":"https:\/\/yotavis.ch\/de\/wp-json\/wp\/v2\/media\/7007"}],"wp:attachment":[{"href":"https:\/\/yotavis.ch\/de\/wp-json\/wp\/v2\/media?parent=3853"}],"wp:term":[{"taxonomy":"product_brand","embeddable":true,"href":"https:\/\/yotavis.ch\/de\/wp-json\/wp\/v2\/product_brand?post=3853"},{"taxonomy":"product_cat","embeddable":true,"href":"https:\/\/yotavis.ch\/de\/wp-json\/wp\/v2\/product_cat?post=3853"},{"taxonomy":"product_tag","embeddable":true,"href":"https:\/\/yotavis.ch\/de\/wp-json\/wp\/v2\/product_tag?post=3853"}],"curies":[{"name":"wp","href":"https:\/\/api.w.org\/{rel}","templated":true}]}}