{"id":3854,"date":"2025-10-09T00:00:00","date_gmt":"2025-10-08T22:00:00","guid":{"rendered":"https:\/\/yotavis.ch\/product\/dl10-hcm\/"},"modified":"2026-04-24T13:31:07","modified_gmt":"2026-04-24T11:31:07","slug":"dl10-hcm","status":"publish","type":"product","link":"https:\/\/yotavis.ch\/de\/produkt\/dl10-hcm\/","title":{"rendered":"DL10-HCM"},"content":{"rendered":"<p>Der DL10-HCM ist ein 1 GHz 60 V Gleichtakt-Differenzialmesskopf von Teledyne Lecroy. Er hat eine Bandbreite von 1000 MHz und eine maximale Spannung von 60 V. Der Tastkopf wird mit einem Standardsatz von Leitungen und Spitzen geliefert und bietet somit das notwendige Zubeh\u00f6r f\u00fcr den sofortigen Einsatz. Er nutzt die LeCroy-Schnittstelle und ist somit mit den entsprechenden Ger\u00e4ten kompatibel. Dieser Tastkopf ist f\u00fcr die Messung von Differenzsignalen mit einem hohen Frequenzbereich ausgelegt und eignet sich daher f\u00fcr verschiedene Pr\u00fcf- und Messanwendungen. Der Einsatz von Standardleitungen und -spitzen erm\u00f6glicht vielseitige Anschlussm\u00f6glichkeiten und eine einfache Einrichtung. Das Produkt ist f\u00fcr die Verarbeitung von Signalen bis zu 60 Volt ausgelegt und unterst\u00fctzt eine Vielzahl von Spannungsmessungen.<\/p>","protected":false},"excerpt":{"rendered":"<p>1 GHz 60 V Gleichtakt-Differentialsonde. Enth\u00e4lt einen Standardsatz von Leitungen und Spitzen.<\/p>","protected":false},"featured_media":7008,"comment_status":"closed","ping_status":"closed","template":"","meta":{"_acf_changed":false,"slim_seo":{"title":"DL10-HCM - YOTAVIS AG","description":"1 GHz 60 V Gleichtakt-Differentialsonde. Enth\u00e4lt einen Standardsatz von Leitungen und Spitzen."}},"product_brand":[542],"product_cat":[535,509],"product_tag":[],"class_list":{"0":"post-3854","1":"product","2":"type-product","3":"status-publish","4":"has-post-thumbnail","6":"product_brand-lecroy","7":"product_cat-differential-probes-en","8":"product_cat-probes-en","9":"pa_bandwidth-mhz-84","10":"pa_imax-ac-a-1019","11":"pa_interface-lecroy","12":"pa_voltage-max-v-281","14":"first","15":"instock","16":"taxable","17":"shipping-taxable","18":"purchasable","19":"product-type-simple"},"acf":[],"_links":{"self":[{"href":"https:\/\/yotavis.ch\/de\/wp-json\/wp\/v2\/product\/3854","targetHints":{"allow":["GET"]}}],"collection":[{"href":"https:\/\/yotavis.ch\/de\/wp-json\/wp\/v2\/product"}],"about":[{"href":"https:\/\/yotavis.ch\/de\/wp-json\/wp\/v2\/types\/product"}],"replies":[{"embeddable":true,"href":"https:\/\/yotavis.ch\/de\/wp-json\/wp\/v2\/comments?post=3854"}],"wp:featuredmedia":[{"embeddable":true,"href":"https:\/\/yotavis.ch\/de\/wp-json\/wp\/v2\/media\/7008"}],"wp:attachment":[{"href":"https:\/\/yotavis.ch\/de\/wp-json\/wp\/v2\/media?parent=3854"}],"wp:term":[{"taxonomy":"product_brand","embeddable":true,"href":"https:\/\/yotavis.ch\/de\/wp-json\/wp\/v2\/product_brand?post=3854"},{"taxonomy":"product_cat","embeddable":true,"href":"https:\/\/yotavis.ch\/de\/wp-json\/wp\/v2\/product_cat?post=3854"},{"taxonomy":"product_tag","embeddable":true,"href":"https:\/\/yotavis.ch\/de\/wp-json\/wp\/v2\/product_tag?post=3854"}],"curies":[{"name":"wp","href":"https:\/\/api.w.org\/{rel}","templated":true}]}}