{"id":3855,"date":"2025-10-09T00:00:00","date_gmt":"2025-10-08T22:00:00","guid":{"rendered":"https:\/\/yotavis.ch\/product\/dl-hcm-hitemp\/"},"modified":"2026-04-24T13:31:07","modified_gmt":"2026-04-24T11:31:07","slug":"dl-hcm-hitemp","status":"publish","type":"product","link":"https:\/\/yotavis.ch\/de\/produkt\/dl-hcm-hitemp\/","title":{"rendered":"DL-HCM-HITEMP"},"content":{"rendered":"<p>Die DL-HCM-HITEMP ist eine Hochtemperatur-L\u00f6tspitze aus der DL-HCM-Serie, die f\u00fcr den Betrieb mit einer Bandbreite von 30 MHz ausgelegt ist. Mit einer L\u00e4nge von 1 Meter ist sie f\u00fcr verschiedene Anwendungen geeignet, die eine gr\u00f6\u00dfere Reichweite erfordern. Dieses Produkt wird von Teledyne Lecroy hergestellt, einer Marke, die f\u00fcr ihre elektronischen Test- und Messger\u00e4te bekannt ist. Die Einl\u00f6tspitze ist f\u00fcr den Einsatz unter hohen Temperaturen ausgelegt und gew\u00e4hrleistet eine zuverl\u00e4ssige Leistung in anspruchsvollen Umgebungen. Die Bandbreite von 30 MHz erm\u00f6glicht die Unterst\u00fctzung von Signalen in diesem Frequenzbereich, wodurch sie mit einer Reihe von elektronischen Testszenarien kompatibel ist. Die 1-Meter-L\u00e4nge bietet Flexibilit\u00e4t bei der Einrichtung und dem Anschluss, so dass verschiedene Konfigurationen m\u00f6glich sind. Diese Spitze geh\u00f6rt zu einer Serie, die auf Langlebigkeit und Pr\u00e4zision bei Hochtemperaturanwendungen setzt.<\/p>","protected":false},"excerpt":{"rendered":"<p>Hochtemperatur-L\u00f6tspitze der Serie DL-HCM, 30 MHz Bandbreite, 1 Meter L\u00e4nge.<\/p>","protected":false},"featured_media":7010,"comment_status":"closed","ping_status":"closed","template":"","meta":{"_acf_changed":false,"slim_seo":{"title":"DL-HCM-HITEMP - YOTAVIS AG","description":"Hochtemperatur-L\u00f6tspitze der Serie DL-HCM, 30 MHz Bandbreite, 1 Meter L\u00e4nge."}},"product_brand":[542],"product_cat":[510,509],"product_tag":[],"class_list":{"0":"post-3855","1":"product","2":"type-product","3":"status-publish","4":"has-post-thumbnail","6":"product_brand-lecroy","7":"product_cat-others-en","8":"product_cat-probes-en","9":"pa_imax-ac-a-1019","11":"first","12":"instock","13":"taxable","14":"shipping-taxable","15":"purchasable","16":"product-type-simple"},"acf":[],"_links":{"self":[{"href":"https:\/\/yotavis.ch\/de\/wp-json\/wp\/v2\/product\/3855","targetHints":{"allow":["GET"]}}],"collection":[{"href":"https:\/\/yotavis.ch\/de\/wp-json\/wp\/v2\/product"}],"about":[{"href":"https:\/\/yotavis.ch\/de\/wp-json\/wp\/v2\/types\/product"}],"replies":[{"embeddable":true,"href":"https:\/\/yotavis.ch\/de\/wp-json\/wp\/v2\/comments?post=3855"}],"wp:featuredmedia":[{"embeddable":true,"href":"https:\/\/yotavis.ch\/de\/wp-json\/wp\/v2\/media\/7010"}],"wp:attachment":[{"href":"https:\/\/yotavis.ch\/de\/wp-json\/wp\/v2\/media?parent=3855"}],"wp:term":[{"taxonomy":"product_brand","embeddable":true,"href":"https:\/\/yotavis.ch\/de\/wp-json\/wp\/v2\/product_brand?post=3855"},{"taxonomy":"product_cat","embeddable":true,"href":"https:\/\/yotavis.ch\/de\/wp-json\/wp\/v2\/product_cat?post=3855"},{"taxonomy":"product_tag","embeddable":true,"href":"https:\/\/yotavis.ch\/de\/wp-json\/wp\/v2\/product_tag?post=3855"}],"curies":[{"name":"wp","href":"https:\/\/api.w.org\/{rel}","templated":true}]}}