{"id":3856,"date":"2025-10-09T00:00:00","date_gmt":"2025-10-08T22:00:00","guid":{"rendered":"https:\/\/yotavis.ch\/product\/dl-hcm-acc-kit\/"},"modified":"2026-04-24T13:31:08","modified_gmt":"2026-04-24T11:31:08","slug":"dl-hcm-acc-kit","status":"publish","type":"product","link":"https:\/\/yotavis.ch\/de\/produkt\/dl-hcm-acc-kit\/","title":{"rendered":"DL-HCM-ACC-KIT"},"content":{"rendered":"<p>Das DL-HCM-ACC-KIT von Teledyne Lecroy ist ein Zubeh\u00f6rsatz f\u00fcr die DL-HCM-Serie. Es enth\u00e4lt eine Sondenhalterung, die eine bequeme M\u00f6glichkeit bietet, Sonden w\u00e4hrend der Verwendung zu sichern. Das Kit enth\u00e4lt auch zwei Mikro-IC-Grabber, die pr\u00e4zise Verbindungen zu integrierten Schaltungen erm\u00f6glichen. Au\u00dferdem ist ein Y-Bananen-Adapter Teil des Kits, der vielseitige Anschlussm\u00f6glichkeiten bietet. Diese Kombination von Zubeh\u00f6rteilen unterst\u00fctzt verschiedene Pr\u00fcf- und Messaufgaben und erweitert die Funktionalit\u00e4t der Ger\u00e4te der DL-HCM-Serie.<\/p>","protected":false},"excerpt":{"rendered":"<p>Zubeh\u00f6rsatz der Serie DL-HCM mit Sondenhalter, Mikro-IC-Grabbern (2 St\u00fcck) und Y-Bananen-Adapter.<\/p>","protected":false},"featured_media":7009,"comment_status":"closed","ping_status":"closed","template":"","meta":{"_acf_changed":false,"slim_seo":{"title":"DL-HCM-ACC-KIT - YOTAVIS AG","description":"Zubeh\u00f6rsatz der Serie DL-HCM mit Sondenhalter, Mikro-IC-Grabbern (2 St\u00fcck) und Y-Bananen-Adapter."}},"product_brand":[542],"product_cat":[510,509],"product_tag":[],"class_list":{"0":"post-3856","1":"product","2":"type-product","3":"status-publish","4":"has-post-thumbnail","6":"product_brand-lecroy","7":"product_cat-others-en","8":"product_cat-probes-en","9":"pa_imax-ac-a-1019","11":"first","12":"instock","13":"taxable","14":"shipping-taxable","15":"purchasable","16":"product-type-simple"},"acf":[],"_links":{"self":[{"href":"https:\/\/yotavis.ch\/de\/wp-json\/wp\/v2\/product\/3856","targetHints":{"allow":["GET"]}}],"collection":[{"href":"https:\/\/yotavis.ch\/de\/wp-json\/wp\/v2\/product"}],"about":[{"href":"https:\/\/yotavis.ch\/de\/wp-json\/wp\/v2\/types\/product"}],"replies":[{"embeddable":true,"href":"https:\/\/yotavis.ch\/de\/wp-json\/wp\/v2\/comments?post=3856"}],"wp:featuredmedia":[{"embeddable":true,"href":"https:\/\/yotavis.ch\/de\/wp-json\/wp\/v2\/media\/7009"}],"wp:attachment":[{"href":"https:\/\/yotavis.ch\/de\/wp-json\/wp\/v2\/media?parent=3856"}],"wp:term":[{"taxonomy":"product_brand","embeddable":true,"href":"https:\/\/yotavis.ch\/de\/wp-json\/wp\/v2\/product_brand?post=3856"},{"taxonomy":"product_cat","embeddable":true,"href":"https:\/\/yotavis.ch\/de\/wp-json\/wp\/v2\/product_cat?post=3856"},{"taxonomy":"product_tag","embeddable":true,"href":"https:\/\/yotavis.ch\/de\/wp-json\/wp\/v2\/product_tag?post=3856"}],"curies":[{"name":"wp","href":"https:\/\/api.w.org\/{rel}","templated":true}]}}