{"id":3857,"date":"2025-10-09T00:00:00","date_gmt":"2025-10-08T22:00:00","guid":{"rendered":"https:\/\/yotavis.ch\/product\/hvp120\/"},"modified":"2026-04-24T13:31:08","modified_gmt":"2026-04-24T11:31:08","slug":"hvp120","status":"publish","type":"product","link":"https:\/\/yotavis.ch\/de\/produkt\/hvp120\/","title":{"rendered":"HVP120"},"content":{"rendered":"<p>Der HVP120 ist ein von Teledyne Lecroy entwickelter passiver Hochspannungsmesskopf, der Spannungen bis zu 1000 Volt verarbeiten kann. Er verf\u00fcgt \u00fcber eine Bandbreite von 400 MHz und eignet sich damit f\u00fcr Anwendungen, die Hochfrequenzsignalmessungen erfordern. Die Sonde verf\u00fcgt \u00fcber eine Universalschnittstelle, die die Kompatibilit\u00e4t mit einer Reihe von Ger\u00e4ten erm\u00f6glicht. Dieses Modell wurde f\u00fcr Hochspannungstests entwickelt und gew\u00e4hrleistet zuverl\u00e4ssige Leistung unter anspruchsvollen Bedingungen. Dank seines passiven Designs ben\u00f6tigt er keine externe Stromquelle, was seine Verwendung in verschiedenen Aufbauten vereinfacht. Das HVP120 ist f\u00fcr pr\u00e4zise Messaufgaben vorgesehen, bei denen Hochspannungs- und Frequenzf\u00e4higkeiten von wesentlicher Bedeutung sind.<\/p>","protected":false},"excerpt":{"rendered":"<p>6kV Hochspannungs-Passivsonde, 400 MHz<\/p>","protected":false},"featured_media":7014,"comment_status":"closed","ping_status":"closed","template":"","meta":{"_acf_changed":false,"slim_seo":{"title":"HVP120 - YOTAVIS AG","description":"6kV Hochspannungs-Passivsonde, 400 MHz"}},"product_brand":[542],"product_cat":[537,509],"product_tag":[],"class_list":{"0":"post-3857","1":"product","2":"type-product","3":"status-publish","4":"has-post-thumbnail","6":"product_brand-lecroy","7":"product_cat-high-voltage-probes-en","8":"product_cat-probes-en","9":"pa_bandwidth-mhz-282","10":"pa_imax-ac-a-1019","11":"pa_interface-universal","12":"pa_voltage-max-v-208","14":"first","15":"instock","16":"taxable","17":"shipping-taxable","18":"purchasable","19":"product-type-simple"},"acf":[],"_links":{"self":[{"href":"https:\/\/yotavis.ch\/de\/wp-json\/wp\/v2\/product\/3857","targetHints":{"allow":["GET"]}}],"collection":[{"href":"https:\/\/yotavis.ch\/de\/wp-json\/wp\/v2\/product"}],"about":[{"href":"https:\/\/yotavis.ch\/de\/wp-json\/wp\/v2\/types\/product"}],"replies":[{"embeddable":true,"href":"https:\/\/yotavis.ch\/de\/wp-json\/wp\/v2\/comments?post=3857"}],"wp:featuredmedia":[{"embeddable":true,"href":"https:\/\/yotavis.ch\/de\/wp-json\/wp\/v2\/media\/7014"}],"wp:attachment":[{"href":"https:\/\/yotavis.ch\/de\/wp-json\/wp\/v2\/media?parent=3857"}],"wp:term":[{"taxonomy":"product_brand","embeddable":true,"href":"https:\/\/yotavis.ch\/de\/wp-json\/wp\/v2\/product_brand?post=3857"},{"taxonomy":"product_cat","embeddable":true,"href":"https:\/\/yotavis.ch\/de\/wp-json\/wp\/v2\/product_cat?post=3857"},{"taxonomy":"product_tag","embeddable":true,"href":"https:\/\/yotavis.ch\/de\/wp-json\/wp\/v2\/product_tag?post=3857"}],"curies":[{"name":"wp","href":"https:\/\/api.w.org\/{rel}","templated":true}]}}