{"id":3858,"date":"2025-10-09T00:00:00","date_gmt":"2025-10-08T22:00:00","guid":{"rendered":"https:\/\/yotavis.ch\/product\/ppe6kv-a\/"},"modified":"2026-04-24T13:31:08","modified_gmt":"2026-04-24T11:31:08","slug":"ppe6kv-a","status":"publish","type":"product","link":"https:\/\/yotavis.ch\/de\/produkt\/ppe6kv-a\/","title":{"rendered":"PPE6KV-A"},"content":{"rendered":"<p>Der PPE6KV-A ist ein von Teledyne Lecroy entwickelter passiver Hochspannungstastkopf mit einer Bandbreite von 500 MHz. Sie kann eine maximale Spannung von 2000 V verarbeiten und ist damit f\u00fcr Hochspannungsanwendungen geeignet. Der Tastkopf verf\u00fcgt \u00fcber eine universelle Schnittstelle, die die Kompatibilit\u00e4t mit einer Vielzahl von Ger\u00e4ten erm\u00f6glicht. Dieses Modell ist f\u00fcr Signale bis zu 6 kV ausgelegt und gew\u00e4hrleistet eine zuverl\u00e4ssige Leistung in anspruchsvollen Umgebungen. Das Design konzentriert sich auf den passiven Betrieb, der in der Regel keine aktiven Komponenten beinhaltet, was zu seiner Robustheit und Einfachheit beitr\u00e4gt. Die Kombination aus hoher Spannungskapazit\u00e4t und gro\u00dfer Bandbreite macht diesen Tastkopf zu einem Spezialwerkzeug f\u00fcr pr\u00e4zise Messaufgaben. Der PPE6KV-A ist f\u00fcr den Einsatz in Szenarien vorgesehen, in denen eine genaue Messung von Hochspannungssignalen erforderlich ist.<\/p>","protected":false},"excerpt":{"rendered":"<p>6kV Hochspannungs-Passivsonde, 500 MHz<\/p>","protected":false},"featured_media":7016,"comment_status":"closed","ping_status":"closed","template":"","meta":{"_acf_changed":false,"slim_seo":{"title":"PPE6KV-A - YOTAVIS AG","description":"6kV Hochspannungs-Passivsonde, 500 MHz"}},"product_brand":[542],"product_cat":[537,509],"product_tag":[],"class_list":{"0":"post-3858","1":"product","2":"type-product","3":"status-publish","4":"has-post-thumbnail","6":"product_brand-lecroy","7":"product_cat-high-voltage-probes-en","8":"product_cat-probes-en","9":"pa_bandwidth-mhz-83","10":"pa_imax-ac-a-1019","11":"pa_interface-universal","12":"pa_voltage-max-v-283","14":"first","15":"instock","16":"taxable","17":"shipping-taxable","18":"purchasable","19":"product-type-simple"},"acf":[],"_links":{"self":[{"href":"https:\/\/yotavis.ch\/de\/wp-json\/wp\/v2\/product\/3858","targetHints":{"allow":["GET"]}}],"collection":[{"href":"https:\/\/yotavis.ch\/de\/wp-json\/wp\/v2\/product"}],"about":[{"href":"https:\/\/yotavis.ch\/de\/wp-json\/wp\/v2\/types\/product"}],"replies":[{"embeddable":true,"href":"https:\/\/yotavis.ch\/de\/wp-json\/wp\/v2\/comments?post=3858"}],"wp:featuredmedia":[{"embeddable":true,"href":"https:\/\/yotavis.ch\/de\/wp-json\/wp\/v2\/media\/7016"}],"wp:attachment":[{"href":"https:\/\/yotavis.ch\/de\/wp-json\/wp\/v2\/media?parent=3858"}],"wp:term":[{"taxonomy":"product_brand","embeddable":true,"href":"https:\/\/yotavis.ch\/de\/wp-json\/wp\/v2\/product_brand?post=3858"},{"taxonomy":"product_cat","embeddable":true,"href":"https:\/\/yotavis.ch\/de\/wp-json\/wp\/v2\/product_cat?post=3858"},{"taxonomy":"product_tag","embeddable":true,"href":"https:\/\/yotavis.ch\/de\/wp-json\/wp\/v2\/product_tag?post=3858"}],"curies":[{"name":"wp","href":"https:\/\/api.w.org\/{rel}","templated":true}]}}