{"id":3860,"date":"2025-10-09T00:00:00","date_gmt":"2025-10-08T22:00:00","guid":{"rendered":"https:\/\/yotavis.ch\/product\/hvd3102a\/"},"modified":"2026-04-24T13:31:09","modified_gmt":"2026-04-24T11:31:09","slug":"hvd3102a","status":"publish","type":"product","link":"https:\/\/yotavis.ch\/de\/produkt\/hvd3102a\/","title":{"rendered":"HVD3102A"},"content":{"rendered":"<p>Der HVD3102A von Teledyne Lecroy ist ein Hochspannungs-Differenzialtastkopf, der f\u00fcr Spannungen bis zu 1 kV ausgelegt ist. Er verf\u00fcgt \u00fcber eine Bandbreite von 25 MHz und eignet sich damit f\u00fcr Anwendungen, die einen moderaten Frequenzgang erfordern. Der Tastkopf verf\u00fcgt \u00fcber eine Funktion zur automatischen Nullpunktabschaltung, die die Messgenauigkeit durch automatische Kompensation von Offsetspannungen aufrechterh\u00e4lt. Die von diesem Tastkopf verwendete Schnittstelle ist von LeCroy, was die Kompatibilit\u00e4t mit LeCroy-Oszilloskopen und anderen Testger\u00e4ten gew\u00e4hrleistet. Der HVD3102A wurde entwickelt, um zuverl\u00e4ssige Differenzmessungen in Hochspannungsumgebungen zu erm\u00f6glichen und eine pr\u00e4zise Signalanalyse zu unterst\u00fctzen. Sein Design konzentriert sich auf die Lieferung genauer Spannungsmesswerte bei gleichzeitiger Isolierung des Messsystems von Hochspannungspotentialen. Diese Sonde ist ein Spezialwerkzeug f\u00fcr Fachleute, die in verschiedenen Pr\u00fcf- und Diagnoseszenarien mit Hochspannungssignalen arbeiten.<\/p>","protected":false},"excerpt":{"rendered":"<p>1kV, 25 MHz Hochspannungs-Differenzialtastkopf mit automatischer Nulldurchgangsabschaltung<\/p>","protected":false},"featured_media":7021,"comment_status":"closed","ping_status":"closed","template":"","meta":{"_acf_changed":false,"slim_seo":{"title":"HVD3102A - YOTAVIS AG","description":"1kV, 25 MHz Hochspannungs-Differenzialtastkopf mit automatischer Nulldurchgangsabschaltung"}},"product_brand":[542],"product_cat":[537,509],"product_tag":[],"class_list":{"0":"post-3860","1":"product","2":"type-product","3":"status-publish","4":"has-post-thumbnail","6":"product_brand-lecroy","7":"product_cat-high-voltage-probes-en","8":"product_cat-probes-en","9":"pa_bandwidth-mhz-284","10":"pa_imax-ac-a-1019","11":"pa_interface-lecroy","12":"pa_voltage-max-v-208","14":"first","15":"instock","16":"taxable","17":"shipping-taxable","18":"purchasable","19":"product-type-simple"},"acf":[],"_links":{"self":[{"href":"https:\/\/yotavis.ch\/de\/wp-json\/wp\/v2\/product\/3860","targetHints":{"allow":["GET"]}}],"collection":[{"href":"https:\/\/yotavis.ch\/de\/wp-json\/wp\/v2\/product"}],"about":[{"href":"https:\/\/yotavis.ch\/de\/wp-json\/wp\/v2\/types\/product"}],"replies":[{"embeddable":true,"href":"https:\/\/yotavis.ch\/de\/wp-json\/wp\/v2\/comments?post=3860"}],"wp:featuredmedia":[{"embeddable":true,"href":"https:\/\/yotavis.ch\/de\/wp-json\/wp\/v2\/media\/7021"}],"wp:attachment":[{"href":"https:\/\/yotavis.ch\/de\/wp-json\/wp\/v2\/media?parent=3860"}],"wp:term":[{"taxonomy":"product_brand","embeddable":true,"href":"https:\/\/yotavis.ch\/de\/wp-json\/wp\/v2\/product_brand?post=3860"},{"taxonomy":"product_cat","embeddable":true,"href":"https:\/\/yotavis.ch\/de\/wp-json\/wp\/v2\/product_cat?post=3860"},{"taxonomy":"product_tag","embeddable":true,"href":"https:\/\/yotavis.ch\/de\/wp-json\/wp\/v2\/product_tag?post=3860"}],"curies":[{"name":"wp","href":"https:\/\/api.w.org\/{rel}","templated":true}]}}