{"id":3861,"date":"2025-10-09T00:00:00","date_gmt":"2025-10-08T22:00:00","guid":{"rendered":"https:\/\/yotavis.ch\/product\/hvd3106a-noacc\/"},"modified":"2026-04-24T13:31:09","modified_gmt":"2026-04-24T11:31:09","slug":"hvd3106a-noacc","status":"publish","type":"product","link":"https:\/\/yotavis.ch\/de\/produkt\/hvd3106a-noacc\/","title":{"rendered":"HVD3106A-NOACC"},"content":{"rendered":"<p>Der HVD3106A-NOACC von Teledyne Lecroy ist ein Hochspannungs-Differenzialmesskopf, der f\u00fcr Spannungen bis zu 1 kV ausgelegt ist. Er verf\u00fcgt \u00fcber eine Bandbreite von 120 MHz und eignet sich damit f\u00fcr Anwendungen, die Hochfrequenzsignalmessungen erfordern. Dieses Modell wird ohne Spitzenzubeh\u00f6r geliefert, verf\u00fcgt aber \u00fcber eine Auto Zero Disconnect-Funktion, die zur Aufrechterhaltung der Messgenauigkeit beitr\u00e4gt, indem sie Offset-Spannungen automatisch kompensiert. Die Sonde verf\u00fcgt \u00fcber Schnittstellen zu LeCroy-Ger\u00e4ten und ist daher mit einer Reihe von Test- und Messger\u00e4ten kompatibel. Sein Design unterst\u00fctzt pr\u00e4zise Differenzspannungsmessungen in Umgebungen, in denen eine Hochspannungsisolierung erforderlich ist. Da kein zus\u00e4tzliches Zubeh\u00f6r erforderlich ist, richtet sich die Sonde an Benutzer, die bereits kompatible Messspitzen besitzen oder es vorziehen, ihre eigenen auszuw\u00e4hlen. Dieser Tastkopf ist Teil der Produktpalette von Teledyne Lecroy an spezialisierten Messger\u00e4ten, die eine zuverl\u00e4ssige und genaue Datenerfassung in anspruchsvollen elektrischen Testszenarien erm\u00f6glichen.<\/p>","protected":false},"excerpt":{"rendered":"<p>1kV, 120 MHz Hochspannungs-Differenzialtastkopf ohne Spitzenzubeh\u00f6r und mit automatischer Nulldurchgangsabschaltung<\/p>","protected":false},"featured_media":7023,"comment_status":"closed","ping_status":"closed","template":"","meta":{"_acf_changed":false,"slim_seo":{"title":"HVD3106A-NOACC - YOTAVIS AG","description":"1kV, 120 MHz Hochspannungs-Differenzialtastkopf ohne Spitzenzubeh\u00f6r und mit automatischer Nulldurchgangsabschaltung"}},"product_brand":[542],"product_cat":[537,509],"product_tag":[],"class_list":{"0":"post-3861","1":"product","2":"type-product","3":"status-publish","4":"has-post-thumbnail","6":"product_brand-lecroy","7":"product_cat-high-voltage-probes-en","8":"product_cat-probes-en","9":"pa_bandwidth-mhz-285","10":"pa_imax-ac-a-1019","11":"pa_interface-lecroy","12":"pa_voltage-max-v-208","14":"first","15":"instock","16":"taxable","17":"shipping-taxable","18":"purchasable","19":"product-type-simple"},"acf":[],"_links":{"self":[{"href":"https:\/\/yotavis.ch\/de\/wp-json\/wp\/v2\/product\/3861","targetHints":{"allow":["GET"]}}],"collection":[{"href":"https:\/\/yotavis.ch\/de\/wp-json\/wp\/v2\/product"}],"about":[{"href":"https:\/\/yotavis.ch\/de\/wp-json\/wp\/v2\/types\/product"}],"replies":[{"embeddable":true,"href":"https:\/\/yotavis.ch\/de\/wp-json\/wp\/v2\/comments?post=3861"}],"wp:featuredmedia":[{"embeddable":true,"href":"https:\/\/yotavis.ch\/de\/wp-json\/wp\/v2\/media\/7023"}],"wp:attachment":[{"href":"https:\/\/yotavis.ch\/de\/wp-json\/wp\/v2\/media?parent=3861"}],"wp:term":[{"taxonomy":"product_brand","embeddable":true,"href":"https:\/\/yotavis.ch\/de\/wp-json\/wp\/v2\/product_brand?post=3861"},{"taxonomy":"product_cat","embeddable":true,"href":"https:\/\/yotavis.ch\/de\/wp-json\/wp\/v2\/product_cat?post=3861"},{"taxonomy":"product_tag","embeddable":true,"href":"https:\/\/yotavis.ch\/de\/wp-json\/wp\/v2\/product_tag?post=3861"}],"curies":[{"name":"wp","href":"https:\/\/api.w.org\/{rel}","templated":true}]}}