{"id":3863,"date":"2025-10-09T00:00:00","date_gmt":"2025-10-08T22:00:00","guid":{"rendered":"https:\/\/yotavis.ch\/product\/hvd3106a-6m\/"},"modified":"2026-04-24T13:31:10","modified_gmt":"2026-04-24T11:31:10","slug":"hvd3106a-6m","status":"publish","type":"product","link":"https:\/\/yotavis.ch\/de\/produkt\/hvd3106a-6m\/","title":{"rendered":"HVD3106A-6M"},"content":{"rendered":"<p>Der HVD3106A-6M von Teledyne Lecroy ist ein Hochspannungs-Differenzialmesskopf, der f\u00fcr Spannungen bis zu 1 kV ausgelegt ist. Er verf\u00fcgt \u00fcber eine Bandbreite von 80 MHz und eignet sich damit f\u00fcr Anwendungen, die Hochfrequenzsignalmessungen erfordern. Dieses Modell ist mit einem 6-Meter-Kabel ausgestattet, das eine gr\u00f6\u00dfere Reichweite f\u00fcr verschiedene Pr\u00fcfumgebungen bietet. Die Funktion Auto Zero Disconnect hilft, die Messgenauigkeit zu erhalten, indem sie Offset-Spannungen automatisch kompensiert. Die Sonde ist mit LeCroy-Ger\u00e4ten kompatibel und erm\u00f6glicht eine rationelle Integration. Sein Design unterst\u00fctzt pr\u00e4zise Differenzspannungsmessungen, die in vielen elektronischen Testszenarien unerl\u00e4sslich sind. Die Kombination aus hoher Spannungsf\u00e4higkeit, gro\u00dfer Bandbreite und langer Kabell\u00e4nge macht diesen Tastkopf zu einem vielseitigen Werkzeug f\u00fcr detaillierte Signalanalysen.<\/p>","protected":false},"excerpt":{"rendered":"<p>1kV, 80 MHz Hochspannungs-Differenzialtastkopf mit 6m Kabel und automatischer Nullabschaltung<\/p>","protected":false},"featured_media":7025,"comment_status":"closed","ping_status":"closed","template":"","meta":{"_acf_changed":false,"slim_seo":{"title":"HVD3106A-6M - YOTAVIS AG","description":"1kV, 80 MHz Hochspannungs-Differenzialtastkopf mit 6m Kabel und automatischer Nullabschaltung"}},"product_brand":[542],"product_cat":[537,509],"product_tag":[],"class_list":{"0":"post-3863","1":"product","2":"type-product","3":"status-publish","4":"has-post-thumbnail","6":"product_brand-lecroy","7":"product_cat-high-voltage-probes-en","8":"product_cat-probes-en","9":"pa_bandwidth-mhz-286","10":"pa_imax-ac-a-1019","11":"pa_interface-lecroy","12":"pa_voltage-max-v-208","14":"first","15":"instock","16":"taxable","17":"shipping-taxable","18":"purchasable","19":"product-type-simple"},"acf":[],"_links":{"self":[{"href":"https:\/\/yotavis.ch\/de\/wp-json\/wp\/v2\/product\/3863","targetHints":{"allow":["GET"]}}],"collection":[{"href":"https:\/\/yotavis.ch\/de\/wp-json\/wp\/v2\/product"}],"about":[{"href":"https:\/\/yotavis.ch\/de\/wp-json\/wp\/v2\/types\/product"}],"replies":[{"embeddable":true,"href":"https:\/\/yotavis.ch\/de\/wp-json\/wp\/v2\/comments?post=3863"}],"wp:featuredmedia":[{"embeddable":true,"href":"https:\/\/yotavis.ch\/de\/wp-json\/wp\/v2\/media\/7025"}],"wp:attachment":[{"href":"https:\/\/yotavis.ch\/de\/wp-json\/wp\/v2\/media?parent=3863"}],"wp:term":[{"taxonomy":"product_brand","embeddable":true,"href":"https:\/\/yotavis.ch\/de\/wp-json\/wp\/v2\/product_brand?post=3863"},{"taxonomy":"product_cat","embeddable":true,"href":"https:\/\/yotavis.ch\/de\/wp-json\/wp\/v2\/product_cat?post=3863"},{"taxonomy":"product_tag","embeddable":true,"href":"https:\/\/yotavis.ch\/de\/wp-json\/wp\/v2\/product_tag?post=3863"}],"curies":[{"name":"wp","href":"https:\/\/api.w.org\/{rel}","templated":true}]}}