{"id":3864,"date":"2025-10-09T00:00:00","date_gmt":"2025-10-08T22:00:00","guid":{"rendered":"https:\/\/yotavis.ch\/product\/hvd3206a\/"},"modified":"2026-04-24T13:31:10","modified_gmt":"2026-04-24T11:31:10","slug":"hvd3206a","status":"publish","type":"product","link":"https:\/\/yotavis.ch\/de\/produkt\/hvd3206a\/","title":{"rendered":"HVD3206A"},"content":{"rendered":"<p>Der HVD3206A von Teledyne Lecroy ist ein differenzieller Hochspannungstastkopf, der f\u00fcr Spannungen bis zu 2 kV ausgelegt ist. Er verf\u00fcgt \u00fcber eine Bandbreite von 120 MHz und ist damit f\u00fcr Anwendungen geeignet, die Hochfrequenzsignalmessungen erfordern. Der Tastkopf verf\u00fcgt \u00fcber eine automatische Nullpunktabschaltung, die die Messgenauigkeit durch automatische Kompensation von Offset-Spannungen erh\u00e4lt. Die vom HVD3206A verwendete Schnittstelle ist von LeCroy und gew\u00e4hrleistet Kompatibilit\u00e4t mit verwandten Ger\u00e4ten. Sein Design unterst\u00fctzt pr\u00e4zise Differenzspannungsmessungen in Umgebungen, in denen hohe Spannungen und Frequenzen vorhanden sind. Die Spezifikationen des Tastkopfs konzentrieren sich auf die Bereitstellung zuverl\u00e4ssiger Leistung innerhalb der Spannungs- und Bandbreitengrenzen, um speziellen Pr\u00fcf- und Diagnoseanforderungen gerecht zu werden.<\/p>","protected":false},"excerpt":{"rendered":"<p>2kV, 120 MHz Hochspannungs-Differenzialtastkopf mit automatischer Nulldurchgangsabschaltung<\/p>","protected":false},"featured_media":7029,"comment_status":"closed","ping_status":"closed","template":"","meta":{"_acf_changed":false,"slim_seo":{"title":"HVD3206A - YOTAVIS AG","description":"2kV, 120 MHz Hochspannungs-Differenzialtastkopf mit automatischer Nulldurchgangsabschaltung"}},"product_brand":[542],"product_cat":[537,509],"product_tag":[],"class_list":{"0":"post-3864","1":"product","2":"type-product","3":"status-publish","4":"has-post-thumbnail","6":"product_brand-lecroy","7":"product_cat-high-voltage-probes-en","8":"product_cat-probes-en","9":"pa_bandwidth-mhz-285","10":"pa_imax-ac-a-1019","11":"pa_interface-lecroy","12":"pa_voltage-max-v-283","14":"first","15":"instock","16":"taxable","17":"shipping-taxable","18":"purchasable","19":"product-type-simple"},"acf":[],"_links":{"self":[{"href":"https:\/\/yotavis.ch\/de\/wp-json\/wp\/v2\/product\/3864","targetHints":{"allow":["GET"]}}],"collection":[{"href":"https:\/\/yotavis.ch\/de\/wp-json\/wp\/v2\/product"}],"about":[{"href":"https:\/\/yotavis.ch\/de\/wp-json\/wp\/v2\/types\/product"}],"replies":[{"embeddable":true,"href":"https:\/\/yotavis.ch\/de\/wp-json\/wp\/v2\/comments?post=3864"}],"wp:featuredmedia":[{"embeddable":true,"href":"https:\/\/yotavis.ch\/de\/wp-json\/wp\/v2\/media\/7029"}],"wp:attachment":[{"href":"https:\/\/yotavis.ch\/de\/wp-json\/wp\/v2\/media?parent=3864"}],"wp:term":[{"taxonomy":"product_brand","embeddable":true,"href":"https:\/\/yotavis.ch\/de\/wp-json\/wp\/v2\/product_brand?post=3864"},{"taxonomy":"product_cat","embeddable":true,"href":"https:\/\/yotavis.ch\/de\/wp-json\/wp\/v2\/product_cat?post=3864"},{"taxonomy":"product_tag","embeddable":true,"href":"https:\/\/yotavis.ch\/de\/wp-json\/wp\/v2\/product_tag?post=3864"}],"curies":[{"name":"wp","href":"https:\/\/api.w.org\/{rel}","templated":true}]}}