{"id":3865,"date":"2025-10-09T00:00:00","date_gmt":"2025-10-08T22:00:00","guid":{"rendered":"https:\/\/yotavis.ch\/product\/hvd3206a-6m\/"},"modified":"2026-04-24T13:31:11","modified_gmt":"2026-04-24T11:31:11","slug":"hvd3206a-6m","status":"publish","type":"product","link":"https:\/\/yotavis.ch\/de\/produkt\/hvd3206a-6m\/","title":{"rendered":"HVD3206A-6M"},"content":{"rendered":"<p>Der HVD3206A-6M von Teledyne Lecroy ist ein Hochspannungs-Differenzialtastkopf, der f\u00fcr Spannungen bis zu 2 kV ausgelegt ist. Er verf\u00fcgt \u00fcber eine Bandbreite von 80 MHz und ist damit f\u00fcr eine Reihe von Hochfrequenz-Messanwendungen geeignet. Dieses Modell ist mit einem 6-Meter-Kabel ausgestattet, das eine gr\u00f6\u00dfere Reichweite und Flexibilit\u00e4t bei der Verwendung bietet. Eine Auto Zero Disconnect-Funktion hilft, die Messgenauigkeit zu erhalten, indem sie Offset-Spannungen automatisch kompensiert. Die Sonde verf\u00fcgt \u00fcber Schnittstellen zu LeCroy-Ger\u00e4ten und gew\u00e4hrleistet so Kompatibilit\u00e4t und nahtlose Integration. Sein Design unterst\u00fctzt pr\u00e4zise Differenzspannungsmessungen in Umgebungen, in denen Hochspannung und Frequenz kritische Faktoren sind. Die Kombination dieser Merkmale macht den HVD3206A-6M zu einem Spezialwerkzeug f\u00fcr detaillierte elektrische Pr\u00fcfungen und Analysen.<\/p>","protected":false},"excerpt":{"rendered":"<p>2kV, 80 MHz Hochspannungs-Differenzialtastkopf mit 6m Kabel und automatischer Nullabschaltung<\/p>","protected":false},"featured_media":7028,"comment_status":"closed","ping_status":"closed","template":"","meta":{"_acf_changed":false,"slim_seo":{"title":"HVD3206A-6M - YOTAVIS AG","description":"2kV, 80 MHz Hochspannungs-Differenzialtastkopf mit 6m Kabel und automatischer Nullabschaltung"}},"product_brand":[542],"product_cat":[537,509],"product_tag":[],"class_list":{"0":"post-3865","1":"product","2":"type-product","3":"status-publish","4":"has-post-thumbnail","6":"product_brand-lecroy","7":"product_cat-high-voltage-probes-en","8":"product_cat-probes-en","9":"pa_bandwidth-mhz-286","10":"pa_imax-ac-a-1019","11":"pa_interface-lecroy","12":"pa_voltage-max-v-283","14":"first","15":"instock","16":"taxable","17":"shipping-taxable","18":"purchasable","19":"product-type-simple"},"acf":[],"_links":{"self":[{"href":"https:\/\/yotavis.ch\/de\/wp-json\/wp\/v2\/product\/3865","targetHints":{"allow":["GET"]}}],"collection":[{"href":"https:\/\/yotavis.ch\/de\/wp-json\/wp\/v2\/product"}],"about":[{"href":"https:\/\/yotavis.ch\/de\/wp-json\/wp\/v2\/types\/product"}],"replies":[{"embeddable":true,"href":"https:\/\/yotavis.ch\/de\/wp-json\/wp\/v2\/comments?post=3865"}],"wp:featuredmedia":[{"embeddable":true,"href":"https:\/\/yotavis.ch\/de\/wp-json\/wp\/v2\/media\/7028"}],"wp:attachment":[{"href":"https:\/\/yotavis.ch\/de\/wp-json\/wp\/v2\/media?parent=3865"}],"wp:term":[{"taxonomy":"product_brand","embeddable":true,"href":"https:\/\/yotavis.ch\/de\/wp-json\/wp\/v2\/product_brand?post=3865"},{"taxonomy":"product_cat","embeddable":true,"href":"https:\/\/yotavis.ch\/de\/wp-json\/wp\/v2\/product_cat?post=3865"},{"taxonomy":"product_tag","embeddable":true,"href":"https:\/\/yotavis.ch\/de\/wp-json\/wp\/v2\/product_tag?post=3865"}],"curies":[{"name":"wp","href":"https:\/\/api.w.org\/{rel}","templated":true}]}}