{"id":3867,"date":"2025-10-09T00:00:00","date_gmt":"2025-10-08T22:00:00","guid":{"rendered":"https:\/\/yotavis.ch\/product\/hvd3605a\/"},"modified":"2026-04-24T13:31:13","modified_gmt":"2026-04-24T11:31:13","slug":"hvd3605a","status":"publish","type":"product","link":"https:\/\/yotavis.ch\/de\/produkt\/hvd3605a\/","title":{"rendered":"HVD3605A"},"content":{"rendered":"<p>Der HVD3605A von Teledyne Lecroy ist ein differenzieller Hochspannungstastkopf, der f\u00fcr Spannungen bis zu 6 kV ausgelegt ist. Er verf\u00fcgt \u00fcber eine Bandbreite von 100 MHz und eignet sich daher f\u00fcr Anwendungen, die Hochfrequenzsignalmessungen erfordern. Der Tastkopf verf\u00fcgt \u00fcber eine automatische Nullpunktabschaltung, die die Messgenauigkeit durch automatische Kompensation von Offset-Spannungen erh\u00e4lt. Die von diesem Ger\u00e4t verwendete Schnittstelle ist von LeCroy und gew\u00e4hrleistet die Kompatibilit\u00e4t mit verwandten Ger\u00e4ten. Der Tastkopf wurde entwickelt, um in Umgebungen, in denen pr\u00e4zise Hochspannungsdifferenzmessungen erforderlich sind, eine zuverl\u00e4ssige Leistung zu erbringen. Sein Design unterst\u00fctzt eine effiziente Signalerfassung und -analyse innerhalb der spezifizierten Spannungs- und Frequenzbereiche.<\/p>","protected":false},"excerpt":{"rendered":"<p>6kV, 100 MHz Hochspannungs-Differenzialtastkopf mit automatischer Nulldurchgangsabschaltung<\/p>","protected":false},"featured_media":7026,"comment_status":"closed","ping_status":"closed","template":"","meta":{"_acf_changed":false,"slim_seo":{"title":"HVD3605A - YOTAVIS AG","description":"6kV, 100 MHz Hochspannungs-Differenzialtastkopf mit automatischer Nulldurchgangsabschaltung"}},"product_brand":[542],"product_cat":[537,509],"product_tag":[],"class_list":{"0":"post-3867","1":"product","2":"type-product","3":"status-publish","4":"has-post-thumbnail","6":"product_brand-lecroy","7":"product_cat-high-voltage-probes-en","8":"product_cat-probes-en","9":"pa_bandwidth-mhz-90","10":"pa_imax-ac-a-1019","11":"pa_interface-lecroy","12":"pa_voltage-max-v-287","14":"first","15":"instock","16":"taxable","17":"shipping-taxable","18":"purchasable","19":"product-type-simple"},"acf":[],"_links":{"self":[{"href":"https:\/\/yotavis.ch\/de\/wp-json\/wp\/v2\/product\/3867","targetHints":{"allow":["GET"]}}],"collection":[{"href":"https:\/\/yotavis.ch\/de\/wp-json\/wp\/v2\/product"}],"about":[{"href":"https:\/\/yotavis.ch\/de\/wp-json\/wp\/v2\/types\/product"}],"replies":[{"embeddable":true,"href":"https:\/\/yotavis.ch\/de\/wp-json\/wp\/v2\/comments?post=3867"}],"wp:featuredmedia":[{"embeddable":true,"href":"https:\/\/yotavis.ch\/de\/wp-json\/wp\/v2\/media\/7026"}],"wp:attachment":[{"href":"https:\/\/yotavis.ch\/de\/wp-json\/wp\/v2\/media?parent=3867"}],"wp:term":[{"taxonomy":"product_brand","embeddable":true,"href":"https:\/\/yotavis.ch\/de\/wp-json\/wp\/v2\/product_brand?post=3867"},{"taxonomy":"product_cat","embeddable":true,"href":"https:\/\/yotavis.ch\/de\/wp-json\/wp\/v2\/product_cat?post=3867"},{"taxonomy":"product_tag","embeddable":true,"href":"https:\/\/yotavis.ch\/de\/wp-json\/wp\/v2\/product_tag?post=3867"}],"curies":[{"name":"wp","href":"https:\/\/api.w.org\/{rel}","templated":true}]}}