{"id":3868,"date":"2025-10-09T00:00:00","date_gmt":"2025-10-08T22:00:00","guid":{"rendered":"https:\/\/yotavis.ch\/product\/hvfo108\/"},"modified":"2026-04-24T13:31:14","modified_gmt":"2026-04-24T11:31:14","slug":"hvfo108","status":"publish","type":"product","link":"https:\/\/yotavis.ch\/de\/produkt\/hvfo108\/","title":{"rendered":"HVFO108"},"content":{"rendered":"<p>Der HVFO108 ist eine von Teledyne Lecroy entwickelte faseroptische Hochspannungssonde mit einer Bandbreite von 150 MHz. Sie unterst\u00fctzt eine maximale Spannung von 40 V und ist damit f\u00fcr verschiedene Hochspannungsmessanwendungen geeignet. Die Sonde wird mit einer weichen Tragetasche geliefert, die eine bequeme Aufbewahrung und Portabilit\u00e4t erm\u00f6glicht. Sie verf\u00fcgt \u00fcber Schnittstellen zu LeCroy-Ger\u00e4ten und ist somit mit einer Reihe von Ger\u00e4ten kompatibel. Das Design konzentriert sich auf pr\u00e4zise Messungen innerhalb der spezifizierten Bandbreiten- und Spannungsgrenzen. Diese Sonde wurde entwickelt, um die Anforderungen von Anwendern zu erf\u00fcllen, die zuverl\u00e4ssige faseroptische Hochspannungstastl\u00f6sungen ben\u00f6tigen. Seine Spezifikationen heben seine F\u00e4higkeit hervor, Signale mit einer Bandbreite von bis zu 150 MHz und Spannungen von bis zu 40 V zu verarbeiten.<\/p>","protected":false},"excerpt":{"rendered":"<p>Hochspannungs-Lichtleitersonde, 150 MHz Bandbreite.  Inklusive weicher Tragetasche.<\/p>","protected":false},"featured_media":7030,"comment_status":"closed","ping_status":"closed","template":"","meta":{"_acf_changed":false,"slim_seo":{"title":"HVFO108 - YOTAVIS AG","description":"Hochspannungs-Lichtleitersonde, 150 MHz Bandbreite. Inklusive weicher Tragetasche."}},"product_brand":[542],"product_cat":[537,509],"product_tag":[],"class_list":{"0":"post-3868","1":"product","2":"type-product","3":"status-publish","4":"has-post-thumbnail","6":"product_brand-lecroy","7":"product_cat-high-voltage-probes-en","8":"product_cat-probes-en","9":"pa_bandwidth-mhz-288","10":"pa_imax-ac-a-1019","11":"pa_interface-lecroy","12":"pa_voltage-max-v-289","14":"first","15":"instock","16":"taxable","17":"shipping-taxable","18":"purchasable","19":"product-type-simple"},"acf":[],"_links":{"self":[{"href":"https:\/\/yotavis.ch\/de\/wp-json\/wp\/v2\/product\/3868","targetHints":{"allow":["GET"]}}],"collection":[{"href":"https:\/\/yotavis.ch\/de\/wp-json\/wp\/v2\/product"}],"about":[{"href":"https:\/\/yotavis.ch\/de\/wp-json\/wp\/v2\/types\/product"}],"replies":[{"embeddable":true,"href":"https:\/\/yotavis.ch\/de\/wp-json\/wp\/v2\/comments?post=3868"}],"wp:featuredmedia":[{"embeddable":true,"href":"https:\/\/yotavis.ch\/de\/wp-json\/wp\/v2\/media\/7030"}],"wp:attachment":[{"href":"https:\/\/yotavis.ch\/de\/wp-json\/wp\/v2\/media?parent=3868"}],"wp:term":[{"taxonomy":"product_brand","embeddable":true,"href":"https:\/\/yotavis.ch\/de\/wp-json\/wp\/v2\/product_brand?post=3868"},{"taxonomy":"product_cat","embeddable":true,"href":"https:\/\/yotavis.ch\/de\/wp-json\/wp\/v2\/product_cat?post=3868"},{"taxonomy":"product_tag","embeddable":true,"href":"https:\/\/yotavis.ch\/de\/wp-json\/wp\/v2\/product_tag?post=3868"}],"curies":[{"name":"wp","href":"https:\/\/api.w.org\/{rel}","templated":true}]}}