{"id":3869,"date":"2025-10-09T00:00:00","date_gmt":"2025-10-08T22:00:00","guid":{"rendered":"https:\/\/yotavis.ch\/product\/cp030b-3m\/"},"modified":"2026-04-24T13:31:15","modified_gmt":"2026-04-24T11:31:15","slug":"cp030b-3m","status":"publish","type":"product","link":"https:\/\/yotavis.ch\/de\/produkt\/cp030b-3m\/","title":{"rendered":"CP030B-3M"},"content":{"rendered":"<p>Die CP030B-3M von Teledyne Lecroy ist eine Stromsonde zur Messung von Str\u00f6men bis zu 30 A rms mit einer Impulsspitzenkapazit\u00e4t von 50 A. Sie arbeitet mit einer maximalen Bandbreite von 10 MHz, so dass sie Signale innerhalb dieses Frequenzbereichs pr\u00e4zise erfassen kann. Die Sonde unterst\u00fctzt sowohl AC- als auch DC-Strommessungen und ist somit vielseitig einsetzbar. Sie ist mit einem 3-Meter-Kabel ausgestattet, das ausreichend L\u00e4nge f\u00fcr eine flexible Positionierung w\u00e4hrend des Einsatzes bietet. Das Ger\u00e4t verf\u00fcgt \u00fcber Schnittstellen zu LeCroy-Ger\u00e4ten und ist somit mit einer Reihe von Messger\u00e4ten kompatibel. Die Nennspannung dieser Sonde betr\u00e4gt 30 V, was die maximale Spannung definiert, die sie sicher handhaben kann. Diese Stromsonde eignet sich f\u00fcr detaillierte Stromanalysen bei elektronischen Tests und Diagnosen.<\/p>","protected":false},"excerpt":{"rendered":"<p>30 A, 10 MHz Current Probe &#8211; AC\/DC, 30 A rms, 50 A Peak Pulse, 3 meter cable<\/p>","protected":false},"featured_media":7038,"comment_status":"closed","ping_status":"closed","template":"","meta":{"_acf_changed":false,"slim_seo":{"title":"CP030B-3M - YOTAVIS AG","description":"30 A, 10 MHz Stromzange - AC\/DC, 30 A Effektivwert, 50 A Spitzenimpuls, 3 Meter Kabel"}},"product_brand":[542],"product_cat":[536,509],"product_tag":[],"class_list":{"0":"post-3869","1":"product","2":"type-product","3":"status-publish","4":"has-post-thumbnail","6":"product_brand-lecroy","7":"product_cat-current-probes-en","8":"product_cat-probes-en","9":"pa_bandwidth-mhz-291","10":"pa_imax-ac-a-1019","11":"pa_interface-lecroy","12":"pa_voltage-max-v-290","14":"first","15":"instock","16":"taxable","17":"shipping-taxable","18":"purchasable","19":"product-type-simple"},"acf":[],"_links":{"self":[{"href":"https:\/\/yotavis.ch\/de\/wp-json\/wp\/v2\/product\/3869","targetHints":{"allow":["GET"]}}],"collection":[{"href":"https:\/\/yotavis.ch\/de\/wp-json\/wp\/v2\/product"}],"about":[{"href":"https:\/\/yotavis.ch\/de\/wp-json\/wp\/v2\/types\/product"}],"replies":[{"embeddable":true,"href":"https:\/\/yotavis.ch\/de\/wp-json\/wp\/v2\/comments?post=3869"}],"wp:featuredmedia":[{"embeddable":true,"href":"https:\/\/yotavis.ch\/de\/wp-json\/wp\/v2\/media\/7038"}],"wp:attachment":[{"href":"https:\/\/yotavis.ch\/de\/wp-json\/wp\/v2\/media?parent=3869"}],"wp:term":[{"taxonomy":"product_brand","embeddable":true,"href":"https:\/\/yotavis.ch\/de\/wp-json\/wp\/v2\/product_brand?post=3869"},{"taxonomy":"product_cat","embeddable":true,"href":"https:\/\/yotavis.ch\/de\/wp-json\/wp\/v2\/product_cat?post=3869"},{"taxonomy":"product_tag","embeddable":true,"href":"https:\/\/yotavis.ch\/de\/wp-json\/wp\/v2\/product_tag?post=3869"}],"curies":[{"name":"wp","href":"https:\/\/api.w.org\/{rel}","templated":true}]}}