{"id":3870,"date":"2025-10-09T00:00:00","date_gmt":"2025-10-08T22:00:00","guid":{"rendered":"https:\/\/yotavis.ch\/product\/cp030-3m\/"},"modified":"2026-04-24T13:31:16","modified_gmt":"2026-04-24T11:31:16","slug":"cp030-3m","status":"publish","type":"product","link":"https:\/\/yotavis.ch\/de\/produkt\/cp030-3m\/","title":{"rendered":"CP030-3M#"},"content":{"rendered":"<p>Der CP030-3M# von Teledyne Lecroy ist ein Strommesskopf, der f\u00fcr die Messung von Str\u00f6men bis zu 30 A rms mit einer Impulsspitzenkapazit\u00e4t von 50 A ausgelegt ist. Er arbeitet mit einer Bandbreite von 10 MHz, wodurch er Signale innerhalb dieses Frequenzbereichs genau erfassen kann. Die Sonde verf\u00fcgt \u00fcber ein 3-Meter-Kabel, das Flexibilit\u00e4t und einfache Verwendung in verschiedenen Testumgebungen erm\u00f6glicht. Er ist mit den LeCroy-Schnittstellen kompatibel, was eine nahtlose Integration mit verwandten Ger\u00e4ten gew\u00e4hrleistet. Das Ger\u00e4t ist f\u00fcr eine maximale Spannung von 30 V ausgelegt und eignet sich damit f\u00fcr eine Reihe von Wechsel- und Gleichstrommessanwendungen. Diese Stromsonde ist sowohl f\u00fcr Wechsel- als auch f\u00fcr Gleichstr\u00f6me ausgelegt und erf\u00fcllt damit die unterschiedlichsten Messanforderungen. Seine Spezifikationen machen ihn zu einem praktischen Werkzeug f\u00fcr Fachleute, die eine pr\u00e4zise Strom\u00fcberwachung \u00fcber gr\u00f6\u00dfere Kabell\u00e4ngen ben\u00f6tigen.<\/p>","protected":false},"excerpt":{"rendered":"<p>30 A, 10 MHz Current Probe &#8211; AC\/DC, 30 A rms, 50 A Peak Pulse, 3 meter cable<\/p>","protected":false},"featured_media":7037,"comment_status":"closed","ping_status":"closed","template":"","meta":{"_acf_changed":false,"slim_seo":{"title":"CP030-3M# - YOTAVIS AG","description":"30 A, 10 MHz Stromzange - AC\/DC, 30 A Effektivwert, 50 A Spitzenimpuls, 3 Meter Kabel"}},"product_brand":[542],"product_cat":[536,509],"product_tag":[],"class_list":{"0":"post-3870","1":"product","2":"type-product","3":"status-publish","4":"has-post-thumbnail","6":"product_brand-lecroy","7":"product_cat-current-probes-en","8":"product_cat-probes-en","9":"pa_bandwidth-mhz-291","10":"pa_imax-ac-a-1019","11":"pa_interface-lecroy","12":"pa_voltage-max-v-290","14":"first","15":"instock","16":"taxable","17":"shipping-taxable","18":"purchasable","19":"product-type-simple"},"acf":[],"_links":{"self":[{"href":"https:\/\/yotavis.ch\/de\/wp-json\/wp\/v2\/product\/3870","targetHints":{"allow":["GET"]}}],"collection":[{"href":"https:\/\/yotavis.ch\/de\/wp-json\/wp\/v2\/product"}],"about":[{"href":"https:\/\/yotavis.ch\/de\/wp-json\/wp\/v2\/types\/product"}],"replies":[{"embeddable":true,"href":"https:\/\/yotavis.ch\/de\/wp-json\/wp\/v2\/comments?post=3870"}],"wp:featuredmedia":[{"embeddable":true,"href":"https:\/\/yotavis.ch\/de\/wp-json\/wp\/v2\/media\/7037"}],"wp:attachment":[{"href":"https:\/\/yotavis.ch\/de\/wp-json\/wp\/v2\/media?parent=3870"}],"wp:term":[{"taxonomy":"product_brand","embeddable":true,"href":"https:\/\/yotavis.ch\/de\/wp-json\/wp\/v2\/product_brand?post=3870"},{"taxonomy":"product_cat","embeddable":true,"href":"https:\/\/yotavis.ch\/de\/wp-json\/wp\/v2\/product_cat?post=3870"},{"taxonomy":"product_tag","embeddable":true,"href":"https:\/\/yotavis.ch\/de\/wp-json\/wp\/v2\/product_tag?post=3870"}],"curies":[{"name":"wp","href":"https:\/\/api.w.org\/{rel}","templated":true}]}}