{"id":3871,"date":"2025-10-09T00:00:00","date_gmt":"2025-10-08T22:00:00","guid":{"rendered":"https:\/\/yotavis.ch\/product\/cp031\/"},"modified":"2026-04-24T13:31:17","modified_gmt":"2026-04-24T11:31:17","slug":"cp031","status":"publish","type":"product","link":"https:\/\/yotavis.ch\/de\/produkt\/cp031\/","title":{"rendered":"CP031"},"content":{"rendered":"<p>Die CP031 von Teledyne Lecroy ist eine Stromsonde zur Messung von Wechsel- und Gleichstr\u00f6men mit einem maximalen Nennstrom von 30 A rms und einem Impulsspitzenstrom von 50 A. Sie arbeitet mit einer Bandbreite von 100 MHz, so dass sie Signale mit Frequenzen bis zu dieser Grenze erfassen kann. Die Sonde ist mit einem 1,5 Meter langen Kabel ausgestattet, das einen flexiblen Anschluss an Messger\u00e4te erm\u00f6glicht. Die maximale Spannung betr\u00e4gt 30 V, was die Kompatibilit\u00e4t mit verschiedenen Testumgebungen gew\u00e4hrleistet. Die von dieser Sonde verwendete Schnittstelle ist von LeCroy, was die Integration mit kompatiblen Ger\u00e4ten erleichtert. Diese Stromsonde eignet sich f\u00fcr Anwendungen, die pr\u00e4zise Strommessungen innerhalb ihres spezifizierten Bereichs und ihrer Frequenzbandbreite erfordern.<\/p>","protected":false},"excerpt":{"rendered":"<p>30A, 100 MHz Current Probe &#8211; AC\/DC, 30 A rms, 50 A Peak Pulse, 1.5 meter cable<\/p>","protected":false},"featured_media":7040,"comment_status":"closed","ping_status":"closed","template":"","meta":{"_acf_changed":false,"slim_seo":{"title":"CP031 - YOTAVIS AG","description":"30A, 100 MHz Stromsonde - AC\/DC, 30 A Effektivwert, 50 A Spitzenimpuls, 1,5 Meter Kabel"}},"product_brand":[542],"product_cat":[536,509],"product_tag":[],"class_list":{"0":"post-3871","1":"product","2":"type-product","3":"status-publish","4":"has-post-thumbnail","6":"product_brand-lecroy","7":"product_cat-current-probes-en","8":"product_cat-probes-en","9":"pa_bandwidth-mhz-90","10":"pa_imax-ac-a-1019","11":"pa_interface-lecroy","12":"pa_voltage-max-v-290","14":"first","15":"instock","16":"taxable","17":"shipping-taxable","18":"purchasable","19":"product-type-simple"},"acf":[],"_links":{"self":[{"href":"https:\/\/yotavis.ch\/de\/wp-json\/wp\/v2\/product\/3871","targetHints":{"allow":["GET"]}}],"collection":[{"href":"https:\/\/yotavis.ch\/de\/wp-json\/wp\/v2\/product"}],"about":[{"href":"https:\/\/yotavis.ch\/de\/wp-json\/wp\/v2\/types\/product"}],"replies":[{"embeddable":true,"href":"https:\/\/yotavis.ch\/de\/wp-json\/wp\/v2\/comments?post=3871"}],"wp:featuredmedia":[{"embeddable":true,"href":"https:\/\/yotavis.ch\/de\/wp-json\/wp\/v2\/media\/7040"}],"wp:attachment":[{"href":"https:\/\/yotavis.ch\/de\/wp-json\/wp\/v2\/media?parent=3871"}],"wp:term":[{"taxonomy":"product_brand","embeddable":true,"href":"https:\/\/yotavis.ch\/de\/wp-json\/wp\/v2\/product_brand?post=3871"},{"taxonomy":"product_cat","embeddable":true,"href":"https:\/\/yotavis.ch\/de\/wp-json\/wp\/v2\/product_cat?post=3871"},{"taxonomy":"product_tag","embeddable":true,"href":"https:\/\/yotavis.ch\/de\/wp-json\/wp\/v2\/product_tag?post=3871"}],"curies":[{"name":"wp","href":"https:\/\/api.w.org\/{rel}","templated":true}]}}