{"id":3872,"date":"2025-10-09T00:00:00","date_gmt":"2025-10-08T22:00:00","guid":{"rendered":"https:\/\/yotavis.ch\/product\/cp031a\/"},"modified":"2026-04-24T13:31:17","modified_gmt":"2026-04-24T11:31:17","slug":"cp031a","status":"publish","type":"product","link":"https:\/\/yotavis.ch\/de\/produkt\/cp031a\/","title":{"rendered":"CP031A"},"content":{"rendered":"<p>Der CP031A von Teledyne Lecroy ist ein hochempfindlicher Strommesskopf f\u00fcr die Messung von Wechsel- und Gleichstr\u00f6men mit einer maximalen Bandbreite von 100 MHz. Sie unterst\u00fctzt eine kontinuierliche Strommessung von bis zu 30 A rms und kann Impulsspitzenstr\u00f6me von bis zu 50 A verarbeiten. Die Sonde ist mit einem 1,5 Meter langen Kabel ausgestattet, das Flexibilit\u00e4t in verschiedenen Testumgebungen bietet. Sie arbeitet mit einer maximalen Nennspannung von 30 V und ist somit mit einer Reihe von elektronischen Ger\u00e4ten kompatibel. Die von dieser Sonde verwendete Schnittstelle ist von LeCroy, was eine nahtlose Integration mit kompatiblen Ger\u00e4ten erm\u00f6glicht. Diese Stromsonde ist f\u00fcr Anwendungen geeignet, die pr\u00e4zise Strommessungen innerhalb der spezifizierten Frequenz- und Stromgrenzen erfordern. Das Design konzentriert sich darauf, genaue Messwerte sowohl f\u00fcr AC- als auch f\u00fcr DC-Signale \u00fcber einen breiten Frequenzbereich zu liefern.<\/p>","protected":false},"excerpt":{"rendered":"<p>30A, 100 MHz High Sensitivity Current Probe &#8211; AC\/DC, 30 A rms, 50 A Peak Pulse, 1.5 meter cable<\/p>","protected":false},"featured_media":7039,"comment_status":"closed","ping_status":"closed","template":"","meta":{"_acf_changed":false,"slim_seo":{"title":"CP031A - YOTAVIS AG","description":"30 A, 100 MHz Hochempfindlicher Stromf\u00fchler - AC\/DC, 30 A Effektivwert, 50 A Spitzenimpuls, 1,5 Meter Kabel"}},"product_brand":[542],"product_cat":[536,509],"product_tag":[],"class_list":{"0":"post-3872","1":"product","2":"type-product","3":"status-publish","4":"has-post-thumbnail","6":"product_brand-lecroy","7":"product_cat-current-probes-en","8":"product_cat-probes-en","9":"pa_bandwidth-mhz-90","10":"pa_imax-ac-a-1019","11":"pa_interface-lecroy","12":"pa_voltage-max-v-290","14":"first","15":"instock","16":"taxable","17":"shipping-taxable","18":"purchasable","19":"product-type-simple"},"acf":[],"_links":{"self":[{"href":"https:\/\/yotavis.ch\/de\/wp-json\/wp\/v2\/product\/3872","targetHints":{"allow":["GET"]}}],"collection":[{"href":"https:\/\/yotavis.ch\/de\/wp-json\/wp\/v2\/product"}],"about":[{"href":"https:\/\/yotavis.ch\/de\/wp-json\/wp\/v2\/types\/product"}],"replies":[{"embeddable":true,"href":"https:\/\/yotavis.ch\/de\/wp-json\/wp\/v2\/comments?post=3872"}],"wp:featuredmedia":[{"embeddable":true,"href":"https:\/\/yotavis.ch\/de\/wp-json\/wp\/v2\/media\/7039"}],"wp:attachment":[{"href":"https:\/\/yotavis.ch\/de\/wp-json\/wp\/v2\/media?parent=3872"}],"wp:term":[{"taxonomy":"product_brand","embeddable":true,"href":"https:\/\/yotavis.ch\/de\/wp-json\/wp\/v2\/product_brand?post=3872"},{"taxonomy":"product_cat","embeddable":true,"href":"https:\/\/yotavis.ch\/de\/wp-json\/wp\/v2\/product_cat?post=3872"},{"taxonomy":"product_tag","embeddable":true,"href":"https:\/\/yotavis.ch\/de\/wp-json\/wp\/v2\/product_tag?post=3872"}],"curies":[{"name":"wp","href":"https:\/\/api.w.org\/{rel}","templated":true}]}}