{"id":3873,"date":"2025-10-09T00:00:00","date_gmt":"2025-10-08T22:00:00","guid":{"rendered":"https:\/\/yotavis.ch\/product\/cp150b\/"},"modified":"2026-04-24T13:31:17","modified_gmt":"2026-04-24T11:31:17","slug":"cp150b","status":"publish","type":"product","link":"https:\/\/yotavis.ch\/de\/produkt\/cp150b\/","title":{"rendered":"CP150B"},"content":{"rendered":"<p>Die CP150B von Teledyne Lecroy ist eine Stromsonde zur Messung von Wechsel- und Gleichstr\u00f6men mit einer maximalen Stromst\u00e4rke von 150 A rms und einem Impulsspitzenstrom von 500 A. Sie arbeitet mit einer Bandbreite von 10 MHz, so dass sie Signale innerhalb dieses Frequenzbereichs pr\u00e4zise erfassen kann. Die Sonde ist mit einem 2-Meter-Kabel ausgestattet, das eine flexible Positionierung und eine einfache Handhabung bei den Messungen erm\u00f6glicht. Die maximale Nennspannung von 150 V gew\u00e4hrleistet die Kompatibilit\u00e4t mit verschiedenen Pr\u00fcfumgebungen. Die CP150B ist mit LeCroy-Ger\u00e4ten kompatibel, was eine nahtlose Integration in bestehende Anlagen erm\u00f6glicht. Diese Stromsonde eignet sich f\u00fcr Anwendungen, die pr\u00e4zise Strommessungen bis zu den spezifizierten Grenzwerten und Bandbreiten erfordern.<\/p>","protected":false},"excerpt":{"rendered":"<p>150 A, 10 MHz Current Probe &#8211; AC\/DC, 150 A rms, 500 A Peak Pulse, 2 meter cable<\/p>","protected":false},"featured_media":7042,"comment_status":"closed","ping_status":"closed","template":"","meta":{"_acf_changed":false,"slim_seo":{"title":"CP150B - YOTAVIS AG","description":"150 A, 10 MHz Stromzange - AC\/DC, 150 A Effektivwert, 500 A Spitzenimpuls, 2 Meter Kabel"}},"product_brand":[542],"product_cat":[536,509],"product_tag":[],"class_list":{"0":"post-3873","1":"product","2":"type-product","3":"status-publish","4":"has-post-thumbnail","6":"product_brand-lecroy","7":"product_cat-current-probes-en","8":"product_cat-probes-en","9":"pa_bandwidth-mhz-291","10":"pa_imax-ac-a-1019","11":"pa_interface-lecroy","12":"pa_voltage-max-v-292","14":"first","15":"instock","16":"taxable","17":"shipping-taxable","18":"purchasable","19":"product-type-simple"},"acf":[],"_links":{"self":[{"href":"https:\/\/yotavis.ch\/de\/wp-json\/wp\/v2\/product\/3873","targetHints":{"allow":["GET"]}}],"collection":[{"href":"https:\/\/yotavis.ch\/de\/wp-json\/wp\/v2\/product"}],"about":[{"href":"https:\/\/yotavis.ch\/de\/wp-json\/wp\/v2\/types\/product"}],"replies":[{"embeddable":true,"href":"https:\/\/yotavis.ch\/de\/wp-json\/wp\/v2\/comments?post=3873"}],"wp:featuredmedia":[{"embeddable":true,"href":"https:\/\/yotavis.ch\/de\/wp-json\/wp\/v2\/media\/7042"}],"wp:attachment":[{"href":"https:\/\/yotavis.ch\/de\/wp-json\/wp\/v2\/media?parent=3873"}],"wp:term":[{"taxonomy":"product_brand","embeddable":true,"href":"https:\/\/yotavis.ch\/de\/wp-json\/wp\/v2\/product_brand?post=3873"},{"taxonomy":"product_cat","embeddable":true,"href":"https:\/\/yotavis.ch\/de\/wp-json\/wp\/v2\/product_cat?post=3873"},{"taxonomy":"product_tag","embeddable":true,"href":"https:\/\/yotavis.ch\/de\/wp-json\/wp\/v2\/product_tag?post=3873"}],"curies":[{"name":"wp","href":"https:\/\/api.w.org\/{rel}","templated":true}]}}