{"id":3874,"date":"2025-10-09T00:00:00","date_gmt":"2025-10-08T22:00:00","guid":{"rendered":"https:\/\/yotavis.ch\/product\/cp150b-6m\/"},"modified":"2026-04-24T13:31:18","modified_gmt":"2026-04-24T11:31:18","slug":"cp150b-6m","status":"publish","type":"product","link":"https:\/\/yotavis.ch\/de\/produkt\/cp150b-6m\/","title":{"rendered":"CP150B-6M"},"content":{"rendered":"<p>Der CP150B-6M von Teledyne Lecroy ist ein Strommesskopf, der sowohl Wechsel- als auch Gleichstr\u00f6me mit einer maximalen Stromst\u00e4rke von 150 A rms und einem Spitzenstrom von 500 A messen kann. Er verf\u00fcgt \u00fcber eine Bandbreite von 5 MHz, wodurch er Signale bis zu diesem Frequenzbereich erfassen kann. Die Sonde ist mit einem 6-Meter-Kabel ausgestattet, das eine gr\u00f6\u00dfere Reichweite f\u00fcr verschiedene Messaufbauten bietet. Sie arbeitet mit einer maximalen Spannung von 150 V und ist somit f\u00fcr eine Vielzahl von elektrischen Umgebungen geeignet. Die von dieser Sonde verwendete Schnittstelle ist von LeCroy, was die Integration mit kompatiblen Messger\u00e4ten erleichtert. Dieses Modell eignet sich f\u00fcr Anwendungen, die genaue Strommessungen innerhalb seiner spezifizierten Frequenz- und Stromgrenzen erfordern. Die Kombination aus Stromkapazit\u00e4t, Bandbreite und Kabell\u00e4nge macht ihn zu einem vielseitigen Werkzeug f\u00fcr elektrische Pr\u00fcfungen und Analysen.<\/p>","protected":false},"excerpt":{"rendered":"<p>150 A, 5 MHz Current Probe &#8211; AC\/DC, 150 A rms, 500 A Peak Pulse, 6 meter cable<\/p>","protected":false},"featured_media":7045,"comment_status":"closed","ping_status":"closed","template":"","meta":{"_acf_changed":false,"slim_seo":{"title":"CP150B-6M - YOTAVIS AG","description":"150 A, 5 MHz Stromzange - AC\/DC, 150 A Effektivwert, 500 A Spitzenimpuls, 6 Meter Kabel"}},"product_brand":[542],"product_cat":[536,509],"product_tag":[],"class_list":{"0":"post-3874","1":"product","2":"type-product","3":"status-publish","4":"has-post-thumbnail","6":"product_brand-lecroy","7":"product_cat-current-probes-en","8":"product_cat-probes-en","9":"pa_bandwidth-mhz-220","10":"pa_imax-ac-a-1019","11":"pa_interface-lecroy","12":"pa_voltage-max-v-292","14":"first","15":"instock","16":"taxable","17":"shipping-taxable","18":"purchasable","19":"product-type-simple"},"acf":[],"_links":{"self":[{"href":"https:\/\/yotavis.ch\/de\/wp-json\/wp\/v2\/product\/3874","targetHints":{"allow":["GET"]}}],"collection":[{"href":"https:\/\/yotavis.ch\/de\/wp-json\/wp\/v2\/product"}],"about":[{"href":"https:\/\/yotavis.ch\/de\/wp-json\/wp\/v2\/types\/product"}],"replies":[{"embeddable":true,"href":"https:\/\/yotavis.ch\/de\/wp-json\/wp\/v2\/comments?post=3874"}],"wp:featuredmedia":[{"embeddable":true,"href":"https:\/\/yotavis.ch\/de\/wp-json\/wp\/v2\/media\/7045"}],"wp:attachment":[{"href":"https:\/\/yotavis.ch\/de\/wp-json\/wp\/v2\/media?parent=3874"}],"wp:term":[{"taxonomy":"product_brand","embeddable":true,"href":"https:\/\/yotavis.ch\/de\/wp-json\/wp\/v2\/product_brand?post=3874"},{"taxonomy":"product_cat","embeddable":true,"href":"https:\/\/yotavis.ch\/de\/wp-json\/wp\/v2\/product_cat?post=3874"},{"taxonomy":"product_tag","embeddable":true,"href":"https:\/\/yotavis.ch\/de\/wp-json\/wp\/v2\/product_tag?post=3874"}],"curies":[{"name":"wp","href":"https:\/\/api.w.org\/{rel}","templated":true}]}}