{"id":3876,"date":"2025-10-09T00:00:00","date_gmt":"2025-10-08T22:00:00","guid":{"rendered":"https:\/\/yotavis.ch\/product\/cp500\/"},"modified":"2026-04-24T13:31:19","modified_gmt":"2026-04-24T11:31:19","slug":"cp500","status":"publish","type":"product","link":"https:\/\/yotavis.ch\/de\/produkt\/cp500\/","title":{"rendered":"CP500"},"content":{"rendered":"<p>Die CP500 von Teledyne Lecroy ist eine Stromsonde, die f\u00fcr die Messung von Str\u00f6men bis zu 500 A Effektivwert mit einer Impulsspitzenkapazit\u00e4t von 700 A ausgelegt ist. Sie arbeitet mit einer Bandbreite von 2 MHz, so dass sie Signale innerhalb dieses Frequenzbereichs erfassen kann. Die Sonde unterst\u00fctzt sowohl AC- als auch DC-Strommessungen und ist damit vielseitig einsetzbar. Sie ist mit einem 6-Meter-Kabel ausgestattet, das ausreichend L\u00e4nge f\u00fcr eine flexible Positionierung w\u00e4hrend des Einsatzes bietet. Das Ger\u00e4t verf\u00fcgt \u00fcber eine maximale Spannungsfestigkeit von 500 V und ist damit f\u00fcr eine Reihe von elektrischen Umgebungen geeignet. Der CP500 ist mit LeCroy-Ger\u00e4ten kompatibel, was die Integration in bestehende Messaufbauten erleichtert. Diese Stromsonde ist f\u00fcr detaillierte Stromanalysen geeignet, bei denen eine pr\u00e4zise Messung hoher Stromst\u00e4rken erforderlich ist.<\/p>","protected":false},"excerpt":{"rendered":"<p>500 A, 2 MHz Current Probe &#8211; AC\/DC, 500 A rms, 700 A Peak Pulse, 6 meter cable<\/p>","protected":false},"featured_media":7044,"comment_status":"closed","ping_status":"closed","template":"","meta":{"_acf_changed":false,"slim_seo":{"title":"CP500 - YOTAVIS AG","description":"500 A, 2 MHz Stromzange - AC\/DC, 500 A Effektivwert, 700 A Spitzenimpuls, 6 Meter Kabel"}},"product_brand":[542],"product_cat":[536,509],"product_tag":[],"class_list":{"0":"post-3876","1":"product","2":"type-product","3":"status-publish","4":"has-post-thumbnail","6":"product_brand-lecroy","7":"product_cat-current-probes-en","8":"product_cat-probes-en","9":"pa_bandwidth-mhz-221","10":"pa_imax-ac-a-1019","11":"pa_interface-lecroy","12":"pa_voltage-max-v-293","14":"first","15":"instock","16":"taxable","17":"shipping-taxable","18":"purchasable","19":"product-type-simple"},"acf":[],"_links":{"self":[{"href":"https:\/\/yotavis.ch\/de\/wp-json\/wp\/v2\/product\/3876","targetHints":{"allow":["GET"]}}],"collection":[{"href":"https:\/\/yotavis.ch\/de\/wp-json\/wp\/v2\/product"}],"about":[{"href":"https:\/\/yotavis.ch\/de\/wp-json\/wp\/v2\/types\/product"}],"replies":[{"embeddable":true,"href":"https:\/\/yotavis.ch\/de\/wp-json\/wp\/v2\/comments?post=3876"}],"wp:featuredmedia":[{"embeddable":true,"href":"https:\/\/yotavis.ch\/de\/wp-json\/wp\/v2\/media\/7044"}],"wp:attachment":[{"href":"https:\/\/yotavis.ch\/de\/wp-json\/wp\/v2\/media?parent=3876"}],"wp:term":[{"taxonomy":"product_brand","embeddable":true,"href":"https:\/\/yotavis.ch\/de\/wp-json\/wp\/v2\/product_brand?post=3876"},{"taxonomy":"product_cat","embeddable":true,"href":"https:\/\/yotavis.ch\/de\/wp-json\/wp\/v2\/product_cat?post=3876"},{"taxonomy":"product_tag","embeddable":true,"href":"https:\/\/yotavis.ch\/de\/wp-json\/wp\/v2\/product_tag?post=3876"}],"curies":[{"name":"wp","href":"https:\/\/api.w.org\/{rel}","templated":true}]}}