{"id":3877,"date":"2025-10-09T00:00:00","date_gmt":"2025-10-08T22:00:00","guid":{"rendered":"https:\/\/yotavis.ch\/product\/pp019-1\/"},"modified":"2026-04-24T13:31:22","modified_gmt":"2026-04-24T11:31:22","slug":"pp019-1","status":"publish","type":"product","link":"https:\/\/yotavis.ch\/de\/produkt\/pp019-1\/","title":{"rendered":"PP019-1"},"content":{"rendered":"<p>Der Teledyne Lecroy PP019-1 ist ein passiver 250-MHz-Tastkopf, der f\u00fcr den Einsatz mit der WaveSurfer 3000-Serie entwickelt wurde. Er verf\u00fcgt \u00fcber ein D\u00e4mpfungsverh\u00e4ltnis von 10:1, das bei der Messung h\u00f6herer Spannungssignale hilft, w\u00e4hrend die Signalintegrit\u00e4t erhalten bleibt. Der Tastkopf hat einen Eingangswiderstand von 10 Mega-Ohm, was eine minimale Belastung der zu pr\u00fcfenden Schaltung gew\u00e4hrleistet. Dieser passive Tastkopf eignet sich f\u00fcr Anwendungen, die eine Bandbreite von bis zu 250 MHz erfordern, wodurch er mit einer Reihe von Signalfrequenzen kompatibel ist, die in verschiedenen elektronischen Pr\u00fcfszenarien auftreten. Das Design erm\u00f6glicht eine genaue Signalerfassung ohne zus\u00e4tzlichen Strombedarf, da es passiv arbeitet. Die Spezifikationen des Tastkopfes sind auf die Anforderungen des WaveSurfer 3000 abgestimmt und bieten eine zuverl\u00e4ssige Leistung f\u00fcr die Wellenformanalyse. Es handelt sich um eine Komponente, die sich nahtlos in die Oszilloskope von Teledyne Lecroy integrieren l\u00e4sst und eine detaillierte Signalpr\u00fcfung und Fehlersuche erm\u00f6glicht.<\/p>","protected":false},"excerpt":{"rendered":"<p>250 MHz Passiver Tastkopf f\u00fcr WaveSurfer 3000, 10:1, 10 Mega-\u03a9<\/p>","protected":false},"featured_media":7046,"comment_status":"closed","ping_status":"closed","template":"","meta":{"_acf_changed":false,"slim_seo":{"title":"PP019-1 - YOTAVIS AG","description":"250 MHz Passiver Tastkopf f\u00fcr WaveSurfer 3000, 10:1, 10 Mega-\u03a9"}},"product_brand":[542],"product_cat":[510,509],"product_tag":[],"class_list":{"0":"post-3877","1":"product","2":"type-product","3":"status-publish","4":"has-post-thumbnail","6":"product_brand-lecroy","7":"product_cat-others-en","8":"product_cat-probes-en","9":"pa_imax-ac-a-1019","11":"first","12":"instock","13":"taxable","14":"shipping-taxable","15":"purchasable","16":"product-type-simple"},"acf":[],"_links":{"self":[{"href":"https:\/\/yotavis.ch\/de\/wp-json\/wp\/v2\/product\/3877","targetHints":{"allow":["GET"]}}],"collection":[{"href":"https:\/\/yotavis.ch\/de\/wp-json\/wp\/v2\/product"}],"about":[{"href":"https:\/\/yotavis.ch\/de\/wp-json\/wp\/v2\/types\/product"}],"replies":[{"embeddable":true,"href":"https:\/\/yotavis.ch\/de\/wp-json\/wp\/v2\/comments?post=3877"}],"wp:featuredmedia":[{"embeddable":true,"href":"https:\/\/yotavis.ch\/de\/wp-json\/wp\/v2\/media\/7046"}],"wp:attachment":[{"href":"https:\/\/yotavis.ch\/de\/wp-json\/wp\/v2\/media?parent=3877"}],"wp:term":[{"taxonomy":"product_brand","embeddable":true,"href":"https:\/\/yotavis.ch\/de\/wp-json\/wp\/v2\/product_brand?post=3877"},{"taxonomy":"product_cat","embeddable":true,"href":"https:\/\/yotavis.ch\/de\/wp-json\/wp\/v2\/product_cat?post=3877"},{"taxonomy":"product_tag","embeddable":true,"href":"https:\/\/yotavis.ch\/de\/wp-json\/wp\/v2\/product_tag?post=3877"}],"curies":[{"name":"wp","href":"https:\/\/api.w.org\/{rel}","templated":true}]}}