{"id":3878,"date":"2025-10-09T00:00:00","date_gmt":"2025-10-08T22:00:00","guid":{"rendered":"https:\/\/yotavis.ch\/product\/pp020-1\/"},"modified":"2026-04-24T13:31:22","modified_gmt":"2026-04-24T11:31:22","slug":"pp020-1","status":"publish","type":"product","link":"https:\/\/yotavis.ch\/de\/produkt\/pp020-1\/","title":{"rendered":"PP020-1"},"content":{"rendered":"<p>Der PP020-1 ist ein passiver 500-MHz-Tastkopf zur Verwendung mit der WaveSurfer 3000-Serie. Er verf\u00fcgt \u00fcber ein D\u00e4mpfungsverh\u00e4ltnis von 10:1 und bietet einen Eingangswiderstand von 10 Mega-Ohm. Der von Teledyne Lecroy hergestellte Tastkopf ist f\u00fcr zuverl\u00e4ssige Signalmessungen in seinem spezifizierten Frequenzbereich ausgelegt. Das passive Design bedeutet, dass er zum Betrieb keine externe Stromquelle ben\u00f6tigt. Seine Bandbreite von 500 MHz erm\u00f6glicht die genaue Erfassung von Hochfrequenzsignalen, wenn er an kompatible Oszilloskope angeschlossen ist. Der 10-Mega-Ohm-Eingangswiderstand tr\u00e4gt dazu bei, den Belastungseffekt auf die zu pr\u00fcfende Schaltung zu minimieren und die Signalintegrit\u00e4t zu erhalten. Dieser Tastkopf eignet sich f\u00fcr verschiedene elektronische Pr\u00fcf- und Messanwendungen, bei denen eine pr\u00e4zise Erfassung von Wellenformen erforderlich ist.<\/p>","protected":false},"excerpt":{"rendered":"<p>500 MHz Passiver Tastkopf f\u00fcr WaveSurfer 3000, 10:1, 10 Mega-\u03a9<\/p>","protected":false},"featured_media":7047,"comment_status":"closed","ping_status":"closed","template":"","meta":{"_acf_changed":false,"slim_seo":{"title":"PP020-1 - YOTAVIS AG","description":"500 MHz Passiver Tastkopf f\u00fcr WaveSurfer 3000, 10:1, 10 Mega-\u03a9"}},"product_brand":[542],"product_cat":[534,509],"product_tag":[],"class_list":{"0":"post-3878","1":"product","2":"type-product","3":"status-publish","4":"has-post-thumbnail","6":"product_brand-lecroy","7":"product_cat-passives-probes-en","8":"product_cat-probes-en","9":"pa_imax-ac-a-1019","11":"first","12":"instock","13":"taxable","14":"shipping-taxable","15":"purchasable","16":"product-type-simple"},"acf":[],"_links":{"self":[{"href":"https:\/\/yotavis.ch\/de\/wp-json\/wp\/v2\/product\/3878","targetHints":{"allow":["GET"]}}],"collection":[{"href":"https:\/\/yotavis.ch\/de\/wp-json\/wp\/v2\/product"}],"about":[{"href":"https:\/\/yotavis.ch\/de\/wp-json\/wp\/v2\/types\/product"}],"replies":[{"embeddable":true,"href":"https:\/\/yotavis.ch\/de\/wp-json\/wp\/v2\/comments?post=3878"}],"wp:featuredmedia":[{"embeddable":true,"href":"https:\/\/yotavis.ch\/de\/wp-json\/wp\/v2\/media\/7047"}],"wp:attachment":[{"href":"https:\/\/yotavis.ch\/de\/wp-json\/wp\/v2\/media?parent=3878"}],"wp:term":[{"taxonomy":"product_brand","embeddable":true,"href":"https:\/\/yotavis.ch\/de\/wp-json\/wp\/v2\/product_brand?post=3878"},{"taxonomy":"product_cat","embeddable":true,"href":"https:\/\/yotavis.ch\/de\/wp-json\/wp\/v2\/product_cat?post=3878"},{"taxonomy":"product_tag","embeddable":true,"href":"https:\/\/yotavis.ch\/de\/wp-json\/wp\/v2\/product_tag?post=3878"}],"curies":[{"name":"wp","href":"https:\/\/api.w.org\/{rel}","templated":true}]}}