{"id":3880,"date":"2025-10-09T00:00:00","date_gmt":"2025-10-08T22:00:00","guid":{"rendered":"https:\/\/yotavis.ch\/product\/wavesurfer-4034hd\/"},"modified":"2026-04-24T13:31:30","modified_gmt":"2026-04-24T11:31:30","slug":"wavesurfer-4034hd","status":"publish","type":"product","link":"https:\/\/yotavis.ch\/de\/produkt\/wavesurfer-4034hd\/","title":{"rendered":"WELLENSURFER 4034HD"},"content":{"rendered":"<p>Der WAVESURFER 4034HD von Teledyne Lecroy ist ein hochaufl\u00f6sendes Oszilloskop mit einer Bandbreite von 350 MHz und vier Kan\u00e4len. Es bietet eine vertikale Aufl\u00f6sung von 12 Bit, die eine detaillierte Signalanalyse erm\u00f6glicht. Das Ger\u00e4t unterst\u00fctzt eine maximale Abtastrate von 5 GS\/s insgesamt und 2,5 GS\/s pro Kanal, was eine genaue Erfassung von schnellen transienten Signalen gew\u00e4hrleistet. Jeder Kanal ist mit einer Speichertiefe von 12,5 Millionen Punkten ausgestattet, was eine erweiterte Wellenformaufzeichnung und -analyse erm\u00f6glicht. Das Oszilloskop verf\u00fcgt \u00fcber eine Touchscreen-Oberfl\u00e4che, die die Interaktion mit dem Benutzer und die Bedienung erleichtert. Mit seiner Kombination aus hoher Bandbreite, Abtastrate und Speichertiefe ist der WAVESURFER 4034HD f\u00fcr komplexe Signalmessungen und detaillierte Wellenformvisualisierung ausgelegt.<\/p>","protected":false},"excerpt":{"rendered":"<p>350 MHz, 4 Kan\u00e4le, 12 Bit, 5 GS\/s, 12,5 Mpts\/Ch HD Oszilloskop<\/p>","protected":false},"featured_media":7051,"comment_status":"closed","ping_status":"closed","template":"","meta":{"_acf_changed":false,"slim_seo":{"title":"WAVESURFER 4034HD - YOTAVIS AG","description":"350 MHz, 4 Kan\u00e4le, 12 Bit, 5 GS\/s, 12,5 Mpts\/Ch HD Oszilloskop"}},"product_brand":[542],"product_cat":[508,507],"product_tag":[],"class_list":{"0":"post-3880","1":"product","2":"type-product","3":"status-publish","4":"has-post-thumbnail","6":"product_brand-lecroy","7":"product_cat-desktop-en","8":"product_cat-oscilloscope","9":"pa_bandwidth-mhz-76","10":"pa_channels-338","11":"pa_digital-channels-opt","12":"pa_imax-ac-a-1019","13":"pa_memory-depht-mpts-12-5","14":"pa_sampling-rate-channels-ms-s-339","15":"pa_touch-screen-yes","16":"pa_vertical-resolution-bits-348","18":"first","19":"instock","20":"taxable","21":"shipping-taxable","22":"purchasable","23":"product-type-simple"},"acf":[],"_links":{"self":[{"href":"https:\/\/yotavis.ch\/de\/wp-json\/wp\/v2\/product\/3880","targetHints":{"allow":["GET"]}}],"collection":[{"href":"https:\/\/yotavis.ch\/de\/wp-json\/wp\/v2\/product"}],"about":[{"href":"https:\/\/yotavis.ch\/de\/wp-json\/wp\/v2\/types\/product"}],"replies":[{"embeddable":true,"href":"https:\/\/yotavis.ch\/de\/wp-json\/wp\/v2\/comments?post=3880"}],"wp:featuredmedia":[{"embeddable":true,"href":"https:\/\/yotavis.ch\/de\/wp-json\/wp\/v2\/media\/7051"}],"wp:attachment":[{"href":"https:\/\/yotavis.ch\/de\/wp-json\/wp\/v2\/media?parent=3880"}],"wp:term":[{"taxonomy":"product_brand","embeddable":true,"href":"https:\/\/yotavis.ch\/de\/wp-json\/wp\/v2\/product_brand?post=3880"},{"taxonomy":"product_cat","embeddable":true,"href":"https:\/\/yotavis.ch\/de\/wp-json\/wp\/v2\/product_cat?post=3880"},{"taxonomy":"product_tag","embeddable":true,"href":"https:\/\/yotavis.ch\/de\/wp-json\/wp\/v2\/product_tag?post=3880"}],"curies":[{"name":"wp","href":"https:\/\/api.w.org\/{rel}","templated":true}]}}