{"id":3881,"date":"2025-10-09T00:00:00","date_gmt":"2025-10-08T22:00:00","guid":{"rendered":"https:\/\/yotavis.ch\/product\/wavesurfer-4054hd\/"},"modified":"2026-04-24T13:31:30","modified_gmt":"2026-04-24T11:31:30","slug":"wavesurfer-4054hd","status":"publish","type":"product","link":"https:\/\/yotavis.ch\/de\/produkt\/wavesurfer-4054hd\/","title":{"rendered":"WAVESURFER 4054HD"},"content":{"rendered":"<p>Der WAVESURFER 4054HD von Teledyne Lecroy ist ein hochaufl\u00f6sendes Oszilloskop mit einer Bandbreite von 500 MHz und vier Eingangskan\u00e4len. Es bietet eine vertikale Aufl\u00f6sung von 12 Bit und erm\u00f6glicht so eine detaillierte Signalanalyse. Das Ger\u00e4t unterst\u00fctzt eine Abtastrate von 2.500 MS\/s pro Kanal und gew\u00e4hrleistet so die genaue Erfassung schneller Signal\u00fcberg\u00e4nge. Jeder Kanal ist mit einer Speichertiefe von 12,5 Millionen Punkten ausgestattet und bietet damit ausreichend Speicherplatz f\u00fcr eine erweiterte Wellenformaufzeichnung. Das Oszilloskop verf\u00fcgt \u00fcber eine Touchscreen-Oberfl\u00e4che, die die Interaktion und Steuerung durch den Benutzer verbessert. Mit einer maximalen Abtastrate von 5 GS\/s und 12,5 Mpts pro Kanal ist es f\u00fcr die effiziente Bearbeitung komplexer Signalmessungen ausgelegt. Dieses Modell kombiniert hohe Bandbreite und Aufl\u00f6sung mit umfangreicher Speicherkapazit\u00e4t zur Unterst\u00fctzung fortschrittlicher Tests und Diagnosen.<\/p>","protected":false},"excerpt":{"rendered":"<p>500 MHz, 4 Kan\u00e4le, 12 Bit, 5 GS\/s, 12,5 Mpts\/Ch HD Oszilloskop<\/p>","protected":false},"featured_media":7051,"comment_status":"closed","ping_status":"closed","template":"","meta":{"_acf_changed":false,"slim_seo":{"title":"WAVESURFER 4054HD - YOTAVIS AG","description":"500 MHz, 4 Kan\u00e4le, 12 Bit, 5 GS\/s, 12,5 Mpts\/Ch HD Oszilloskop"}},"product_brand":[542],"product_cat":[508,507],"product_tag":[],"class_list":{"0":"post-3881","1":"product","2":"type-product","3":"status-publish","4":"has-post-thumbnail","6":"product_brand-lecroy","7":"product_cat-desktop-en","8":"product_cat-oscilloscope","9":"pa_bandwidth-mhz-83","10":"pa_channels-338","11":"pa_digital-channels-opt","12":"pa_imax-ac-a-1019","13":"pa_memory-depht-mpts-12-5","14":"pa_sampling-rate-channels-ms-s-339","15":"pa_touch-screen-yes","16":"pa_vertical-resolution-bits-348","18":"first","19":"instock","20":"taxable","21":"shipping-taxable","22":"purchasable","23":"product-type-simple"},"acf":[],"_links":{"self":[{"href":"https:\/\/yotavis.ch\/de\/wp-json\/wp\/v2\/product\/3881","targetHints":{"allow":["GET"]}}],"collection":[{"href":"https:\/\/yotavis.ch\/de\/wp-json\/wp\/v2\/product"}],"about":[{"href":"https:\/\/yotavis.ch\/de\/wp-json\/wp\/v2\/types\/product"}],"replies":[{"embeddable":true,"href":"https:\/\/yotavis.ch\/de\/wp-json\/wp\/v2\/comments?post=3881"}],"wp:featuredmedia":[{"embeddable":true,"href":"https:\/\/yotavis.ch\/de\/wp-json\/wp\/v2\/media\/7051"}],"wp:attachment":[{"href":"https:\/\/yotavis.ch\/de\/wp-json\/wp\/v2\/media?parent=3881"}],"wp:term":[{"taxonomy":"product_brand","embeddable":true,"href":"https:\/\/yotavis.ch\/de\/wp-json\/wp\/v2\/product_brand?post=3881"},{"taxonomy":"product_cat","embeddable":true,"href":"https:\/\/yotavis.ch\/de\/wp-json\/wp\/v2\/product_cat?post=3881"},{"taxonomy":"product_tag","embeddable":true,"href":"https:\/\/yotavis.ch\/de\/wp-json\/wp\/v2\/product_tag?post=3881"}],"curies":[{"name":"wp","href":"https:\/\/api.w.org\/{rel}","templated":true}]}}